{"id":10021,"date":"2023-04-21T09:57:40","date_gmt":"2023-04-21T08:57:40","guid":{"rendered":"http:\/\/riluxi.com\/izdelek\/gel-lak-boom-shakalaka-7ml\/"},"modified":"2026-02-07T13:09:41","modified_gmt":"2026-02-07T12:09:41","slug":"boom-shakalaka-gel-polish-7ml","status":"publish","type":"product","link":"https:\/\/riluxi.com\/hr\/izdelek\/boom-shakalaka-gel-polish-7ml\/","title":{"rendered":"Boom Shakalaka Gel Polish 7ml"},"content":{"rendered":"<p><strong><b>Boom Shakalaka gel polish<\/b><\/strong> je trajni lak za nokte koji posti\u017ee veliki uspjeh diljem svijeta! Pripremite se za na\u0161u nje\u017enu, puderasto ru\u017ei\u010dastu nijansu koja odu\u0161evljava svojom nenametljivom suptilno\u0161\u0107u. Boom Shakalaka \u2013 poput ritualnog plesa \u2013 otjera ostatke sivih zimskih dana, a vi bezbri\u017eno mo\u017eete u\u017eivati u prvom dahu prolje\u0107a.<\/p>\n<p>\u2022 Izvrsna pigmentacija, 100 % prekrivne boje<br \/>\n\u2022 Kremasta tekstura<br \/>\n\u2022 Jednostavno nano\u0161enje \u2013 bez mrlja i prozirnih dijelova<br \/>\n\u2022 Savr\u0161en dizajn ve\u0107 s jednim slojem<br \/>\n\u2022 Izuzetna postojanost \u2013 savr\u0161eni nokti vi\u0161e od 3 tjedna<br \/>\n\u2022 Inovativni kist s ultra-mekim vlaknima omogu\u0107uje besprijekorno nano\u0161enje<br \/>\n\u2022 Sjajan, blistav zavr\u0161etak laka<br \/>\n\u2022 Fascinantne boje \u2013 na raspolaganju je vi\u0161e od 200 prekrasnih nijansi<br \/>\n\u2022 Lak se ne skuplja niti razlijeva u ko\u017eicu oko nokta<br \/>\n\u2022 Lak se u odstranjiva\u010du potpuno otapa<br \/>\n\u2022 Najvi\u0161a kvaliteta potvr\u0111ena od strane neovisnog instituta Dermatest Institute<br \/>\n\u2022 Razumna cijena koja vam omogu\u0107uje da odmah zapo\u010dnete rad s Indigo gel lakovima<\/p>\n","protected":false},"excerpt":{"rendered":"<p class=\"product_head\"><strong><b>Boom Shakalaka gel polish<\/b><\/strong> je trajni lak za nokte koji posti\u017ee veliki uspjeh diljem svijeta!<\/p>\n","protected":false},"featured_media":10023,"template":"","meta":{"_acf_changed":false},"product_brand":[],"product_cat":[290,293,403],"product_tag":[292,291],"class_list":{"0":"post-10021","1":"product","2":"type-product","3":"status-publish","4":"has-post-thumbnail","6":"product_cat-gel-polish","7":"product_cat-collection","8":"product_cat-springsecco","9":"product_tag-gel-lak","10":"product_tag-gel-lakovi","12":"first","13":"instock","14":"taxable","15":"shipping-taxable","16":"purchasable","17":"product-type-simple"},"acf":[],"_links":{"self":[{"href":"https:\/\/riluxi.com\/hr\/wp-json\/wp\/v2\/product\/10021","targetHints":{"allow":["GET"]}}],"collection":[{"href":"https:\/\/riluxi.com\/hr\/wp-json\/wp\/v2\/product"}],"about":[{"href":"https:\/\/riluxi.com\/hr\/wp-json\/wp\/v2\/types\/product"}],"wp:featuredmedia":[{"embeddable":true,"href":"https:\/\/riluxi.com\/hr\/wp-json\/wp\/v2\/media\/10023"}],"wp:attachment":[{"href":"https:\/\/riluxi.com\/hr\/wp-json\/wp\/v2\/media?parent=10021"}],"wp:term":[{"taxonomy":"product_brand","embeddable":true,"href":"https:\/\/riluxi.com\/hr\/wp-json\/wp\/v2\/product_brand?post=10021"},{"taxonomy":"product_cat","embeddable":true,"href":"https:\/\/riluxi.com\/hr\/wp-json\/wp\/v2\/product_cat?post=10021"},{"taxonomy":"product_tag","embeddable":true,"href":"https:\/\/riluxi.com\/hr\/wp-json\/wp\/v2\/product_tag?post=10021"}],"curies":[{"name":"wp","href":"https:\/\/api.w.org\/{rel}","templated":true}]}}