{"id":10168,"date":"2023-04-21T09:49:30","date_gmt":"2023-04-21T08:49:30","guid":{"rendered":"http:\/\/riluxi.com\/izdelek\/pricvrscivanje-zanoktica-5\/"},"modified":"2026-04-01T15:10:02","modified_gmt":"2026-04-01T14:10:02","slug":"indigo-nail-bit-cuticle-5-nastavak-za-elektricnu-turpiju","status":"publish","type":"product","link":"https:\/\/riluxi.com\/hr\/izdelek\/indigo-nail-bit-cuticle-5-nastavak-za-elektricnu-turpiju\/","title":{"rendered":"Indigo Nail Bit Cuticle 5 &#8211; nastavak za elektri\u010dnu turpiju"},"content":{"rendered":"<p>Indigo Nail Bit Cuticle 5 je nastavak od mekanog dijamanta u obliku \u0161ibice. Idealno je prikladan za rad sa suhim ko\u017eicama i \u010di\u0161\u0107enje naborane ko\u017ee nokta.<\/p>\n<p>*Pojedina\u010dni komadi nastavaka za brusilicu mogu se razlikovati u boji \u2013 prirodna pojava koja se javlja kod svrdla za nokte.<\/p>\n","protected":false},"excerpt":{"rendered":"<p>Indigo Nail Bit Cuticle 5 je nastavak od mekanog dijamanta u obliku \u0161ibice. Idealno je prikladan za rad sa suhim ko\u017eicama i \u010di\u0161\u0107enje naborane ko\u017ee nokta.<\/p>\n","protected":false},"featured_media":10170,"template":"","meta":{"_acf_changed":false},"product_brand":[],"product_cat":[309,310],"product_tag":[344],"class_list":{"0":"post-10168","1":"product","2":"type-product","3":"status-publish","4":"has-post-thumbnail","6":"product_cat-elektronika-i-nastavci","7":"product_cat-nastavci","8":"product_tag-elektricna-oprema","10":"first","11":"instock","12":"taxable","13":"shipping-taxable","14":"purchasable","15":"product-type-simple"},"acf":[],"_links":{"self":[{"href":"https:\/\/riluxi.com\/hr\/wp-json\/wp\/v2\/product\/10168","targetHints":{"allow":["GET"]}}],"collection":[{"href":"https:\/\/riluxi.com\/hr\/wp-json\/wp\/v2\/product"}],"about":[{"href":"https:\/\/riluxi.com\/hr\/wp-json\/wp\/v2\/types\/product"}],"wp:featuredmedia":[{"embeddable":true,"href":"https:\/\/riluxi.com\/hr\/wp-json\/wp\/v2\/media\/10170"}],"wp:attachment":[{"href":"https:\/\/riluxi.com\/hr\/wp-json\/wp\/v2\/media?parent=10168"}],"wp:term":[{"taxonomy":"product_brand","embeddable":true,"href":"https:\/\/riluxi.com\/hr\/wp-json\/wp\/v2\/product_brand?post=10168"},{"taxonomy":"product_cat","embeddable":true,"href":"https:\/\/riluxi.com\/hr\/wp-json\/wp\/v2\/product_cat?post=10168"},{"taxonomy":"product_tag","embeddable":true,"href":"https:\/\/riluxi.com\/hr\/wp-json\/wp\/v2\/product_tag?post=10168"}],"curies":[{"name":"wp","href":"https:\/\/api.w.org\/{rel}","templated":true}]}}