{"id":10183,"date":"2023-04-21T09:49:55","date_gmt":"2023-04-21T08:49:55","guid":{"rendered":"http:\/\/riluxi.com\/izdelek\/pricvrscivanje-zanoktica-15\/"},"modified":"2026-04-01T17:14:22","modified_gmt":"2026-04-01T16:14:22","slug":"indigo-nail-bit-cuticle-15-nastavak-za-elektricnu-turpiju","status":"publish","type":"product","link":"https:\/\/riluxi.com\/hr\/izdelek\/indigo-nail-bit-cuticle-15-nastavak-za-elektricnu-turpiju\/","title":{"rendered":"Indigo Nail Bit Cuticle 15 &#8211; nastavak za elektri\u010dnu turpiju"},"content":{"rendered":"<p>Indigo Nail Bit Cuticle 15 je precizan kombinirani nastavak za manikuru, savr\u0161en za uklanjanje mrtve i zadebljale ko\u017ee. Precizan vrh dose\u017ee svaki kutak nokta.<\/p>\n<p>*Pojedina\u010dni komadi nastavaka za brusilicu mogu se razlikovati u boji \u2013 prirodna pojava koja se javlja kod svrdla za nokte.<\/p>\n","protected":false},"excerpt":{"rendered":"<p>Indigo Nail Bit Cuticle 15 je precizan kombinirani nastavak za manikuru, savr\u0161en za uklanjanje mrtve i zadebljale ko\u017ee.<\/p>\n","protected":false},"featured_media":10184,"template":"","meta":{"_acf_changed":false},"product_brand":[],"product_cat":[309,310],"product_tag":[344],"class_list":{"0":"post-10183","1":"product","2":"type-product","3":"status-publish","4":"has-post-thumbnail","6":"product_cat-elektronika-i-nastavci","7":"product_cat-nastavci","8":"product_tag-elektricna-oprema","10":"first","11":"instock","12":"taxable","13":"shipping-taxable","14":"purchasable","15":"product-type-simple"},"acf":[],"_links":{"self":[{"href":"https:\/\/riluxi.com\/hr\/wp-json\/wp\/v2\/product\/10183","targetHints":{"allow":["GET"]}}],"collection":[{"href":"https:\/\/riluxi.com\/hr\/wp-json\/wp\/v2\/product"}],"about":[{"href":"https:\/\/riluxi.com\/hr\/wp-json\/wp\/v2\/types\/product"}],"wp:featuredmedia":[{"embeddable":true,"href":"https:\/\/riluxi.com\/hr\/wp-json\/wp\/v2\/media\/10184"}],"wp:attachment":[{"href":"https:\/\/riluxi.com\/hr\/wp-json\/wp\/v2\/media?parent=10183"}],"wp:term":[{"taxonomy":"product_brand","embeddable":true,"href":"https:\/\/riluxi.com\/hr\/wp-json\/wp\/v2\/product_brand?post=10183"},{"taxonomy":"product_cat","embeddable":true,"href":"https:\/\/riluxi.com\/hr\/wp-json\/wp\/v2\/product_cat?post=10183"},{"taxonomy":"product_tag","embeddable":true,"href":"https:\/\/riluxi.com\/hr\/wp-json\/wp\/v2\/product_tag?post=10183"}],"curies":[{"name":"wp","href":"https:\/\/api.w.org\/{rel}","templated":true}]}}