{"id":10508,"date":"2023-04-21T09:45:32","date_gmt":"2023-04-21T08:45:32","guid":{"rendered":"http:\/\/riluxi.com\/izdelek\/uzorak-boje-pop-sticks-prstena-za-nokte-prozirni\/"},"modified":"2026-03-31T14:31:50","modified_gmt":"2026-03-31T13:31:50","slug":"barvni-uzorak-pop-sticks-nail-dispay-ring-clear","status":"publish","type":"product","link":"https:\/\/riluxi.com\/hr\/izdelek\/barvni-uzorak-pop-sticks-nail-dispay-ring-clear\/","title":{"rendered":"Barvni uzorak &#8211; Pop Sticks Nail Dispay Ring Clear"},"content":{"rendered":"<p>Ako tra\u017eite u\u010dinkovit na\u010din prezentacije boja, ovaj prakti\u010dan alat svakako \u0107e vas zanimati. Indigo Barvni uzorak &#8211; Pop Sticks Nail Dispay Ring Clear pomo\u0107i \u0107e vam da svojim klijentima predstavite sve nijanse koje imate u salonu.<\/p>\n<p>Zahvaljuju\u0107i okruglom dr\u017ea\u010du, lako mo\u017eete dodavati tipove i odlu\u010diti je li odre\u0111ena boja ona prava.<\/p>\n<p>DIMENZIJE<\/p>\n<ul>\n<li>\u0161tapi\u0107: duljina 12 cm<\/li>\n<li>tipovi: duljina 2,5 cm<\/li>\n<\/ul>\n","protected":false},"excerpt":{"rendered":"<p>Ako tra\u017eite u\u010dinkovit na\u010din prezentacije boja, ovaj prakti\u010dan alat svakako \u0107e vas zanimati. Indigo Barvni uzorak &#8211; Pop Sticks Nail Dispay Ring Crni pomo\u0107i \u0107e vam da svojim klijentima predstavite sve nijanse koje imate u salonu.<\/p>\n","protected":false},"featured_media":10510,"template":"","meta":{"_acf_changed":false},"product_brand":[],"product_cat":[311,342],"product_tag":[343],"class_list":{"0":"post-10508","1":"product","2":"type-product","3":"status-publish","4":"has-post-thumbnail","6":"product_cat-indigo-dodaci","7":"product_cat-uzorci-boja","8":"product_tag-uzorci-boja","10":"first","11":"instock","12":"taxable","13":"shipping-taxable","14":"purchasable","15":"product-type-simple"},"acf":[],"_links":{"self":[{"href":"https:\/\/riluxi.com\/hr\/wp-json\/wp\/v2\/product\/10508","targetHints":{"allow":["GET"]}}],"collection":[{"href":"https:\/\/riluxi.com\/hr\/wp-json\/wp\/v2\/product"}],"about":[{"href":"https:\/\/riluxi.com\/hr\/wp-json\/wp\/v2\/types\/product"}],"wp:featuredmedia":[{"embeddable":true,"href":"https:\/\/riluxi.com\/hr\/wp-json\/wp\/v2\/media\/10510"}],"wp:attachment":[{"href":"https:\/\/riluxi.com\/hr\/wp-json\/wp\/v2\/media?parent=10508"}],"wp:term":[{"taxonomy":"product_brand","embeddable":true,"href":"https:\/\/riluxi.com\/hr\/wp-json\/wp\/v2\/product_brand?post=10508"},{"taxonomy":"product_cat","embeddable":true,"href":"https:\/\/riluxi.com\/hr\/wp-json\/wp\/v2\/product_cat?post=10508"},{"taxonomy":"product_tag","embeddable":true,"href":"https:\/\/riluxi.com\/hr\/wp-json\/wp\/v2\/product_tag?post=10508"}],"curies":[{"name":"wp","href":"https:\/\/api.w.org\/{rel}","templated":true}]}}