{"id":10703,"date":"2023-04-21T09:27:05","date_gmt":"2023-04-21T08:27:05","guid":{"rendered":"http:\/\/riluxi.com\/izdelek\/transfer-folija-super-zlatna\/"},"modified":"2026-03-25T14:26:54","modified_gmt":"2026-03-25T13:26:54","slug":"transfer-folija-super-gold","status":"publish","type":"product","link":"https:\/\/riluxi.com\/hr\/izdelek\/transfer-folija-super-gold\/","title":{"rendered":"Transfer folija &#8211; Super Gold"},"content":{"rendered":"<p><strong>Transfer folija &#8211; Super Gold\u00a0<\/strong>&#8211; koristi se za gel, akril i gel lak nokte.<\/p>\n<p>Super Gold transfer folija dodat \u0107e karakter svakom dizajnu noktiju \u2013 mo\u017eete je utisnuti na odabrane dijelove ili na cijelu povr\u0161inu nokta.<\/p>\n<p>Folija se mo\u017ee nanositi pomo\u0107u Indigo Foil Glue (ljepila). Nakon nano\u0161enja ljepila potrebno je pri\u010dekati pribli\u017eno 40 sekundi, dok se njegova boja ne promijeni iz ljubi\u010daste u prozirnu. \u010cvrsto pritisnite foliju i dr\u017eite je oko 2 sekunde, zatim je odlijepite brzim pokretom. Foliju mo\u017eete nanijeti i na drugi sloj osu\u0161enog gel laka te zavr\u0161iti zavr\u0161nim sjajem. Prilikom dr\u017eanja folije pazite da ne dodirujete stranu koja se nanosi na nokte.<\/p>\n","protected":false},"excerpt":{"rendered":"<p><strong>Transfer folija &#8211; Super Gold\u00a0<\/strong>&#8211; koristi se za gel, akril i gel lak nokte.<\/p>\n","protected":false},"featured_media":10705,"template":"","meta":{"_acf_changed":false},"product_brand":[],"product_cat":[316,382],"product_tag":[381],"class_list":{"0":"post-10703","1":"product","2":"type-product","3":"status-publish","4":"has-post-thumbnail","6":"product_cat-nail-art-hr","7":"product_cat-transfer-folija","8":"product_tag-umjetnost-noktiju","10":"first","11":"instock","12":"taxable","13":"shipping-taxable","14":"purchasable","15":"product-type-simple"},"acf":[],"_links":{"self":[{"href":"https:\/\/riluxi.com\/hr\/wp-json\/wp\/v2\/product\/10703","targetHints":{"allow":["GET"]}}],"collection":[{"href":"https:\/\/riluxi.com\/hr\/wp-json\/wp\/v2\/product"}],"about":[{"href":"https:\/\/riluxi.com\/hr\/wp-json\/wp\/v2\/types\/product"}],"wp:featuredmedia":[{"embeddable":true,"href":"https:\/\/riluxi.com\/hr\/wp-json\/wp\/v2\/media\/10705"}],"wp:attachment":[{"href":"https:\/\/riluxi.com\/hr\/wp-json\/wp\/v2\/media?parent=10703"}],"wp:term":[{"taxonomy":"product_brand","embeddable":true,"href":"https:\/\/riluxi.com\/hr\/wp-json\/wp\/v2\/product_brand?post=10703"},{"taxonomy":"product_cat","embeddable":true,"href":"https:\/\/riluxi.com\/hr\/wp-json\/wp\/v2\/product_cat?post=10703"},{"taxonomy":"product_tag","embeddable":true,"href":"https:\/\/riluxi.com\/hr\/wp-json\/wp\/v2\/product_tag?post=10703"}],"curies":[{"name":"wp","href":"https:\/\/api.w.org\/{rel}","templated":true}]}}