{"id":10812,"date":"2023-04-21T09:25:12","date_gmt":"2023-04-21T08:25:12","guid":{"rendered":"http:\/\/riluxi.com\/izdelek\/sedmo-nebo-bling-bling-arganovo-ulje-100ml\/"},"modified":"2026-02-11T13:58:31","modified_gmt":"2026-02-11T12:58:31","slug":"seventh-heaven-bling-bling-arganovo-ulje-100ml","status":"publish","type":"product","link":"https:\/\/riluxi.com\/hr\/izdelek\/seventh-heaven-bling-bling-arganovo-ulje-100ml\/","title":{"rendered":"Seventh Heaven Bling-Bling &#8211; Arganovo ulje 100ml"},"content":{"rendered":"<p>Arganovo ulje <strong>Seventh Heaven Bling Bling <\/strong>\u2013 prepustite se pri\u010di razma\u017eenosti: iznimna dvostruka formula s arganovim i bademovim uljem za trenutke kada tijelu, kosi i vlasi\u0161tu \u017eelite pru\u017eiti ljepotu bez kompromisa. Ulje je osmi\u0161ljeno kao suho ulje koje se izuzetno brzo upija i ne ostavlja neugodan mastan osje\u0107aj \u2014 samo svilenkast osje\u0107aj elegancije i sjaja. Va\u0161a ko\u017ea \u0107e sjajiti jer su Bling-bling ulja oboga\u0107ena \u0161ljokicama.<\/p>\n<p>Miris <strong>Seventh Heaven<\/strong> \u2013 kad sre\u0107a prona\u0111e svoj miris\u2026 miri\u0161e kao <strong>Seventh Heaven<\/strong>. \u017diva kombinacija mandarine, crne ribizle i \u0161ljive stvara eksploziju svje\u017eine i energije koja budi osjetila. U srcu se otvaraju jasmin, ru\u017ea i ciklama, dodaju\u0107i meko\u0107u, romantiku i \u017eenstvenu eleganciju. Cjelokupnu kompoziciju zaokru\u017euju tople note mo\u0161usa, pa\u010dulija i li\u0161aja, koje na ko\u017ei ostavljaju osje\u0107aj senzualne lako\u0107e i savr\u0161ene harmonije. Miris koji je istovremeno svje\u017e i smiren, poput savr\u0161ene ravnote\u017ee izme\u0111u svjetla i nje\u017enosti.<\/p>\n<p>Sadr\u017ei arganovo ulje \u2013 poznato po svojim regenerativnim, hranjivim i za\u0161titnim svojstvima.<\/p>\n<p>Sadr\u017ei bademovo ulje \u2013 lagano, ali intenzivno hranjivo ulje koje se lijepo upija i daje ko\u017ei i kosi svilenkast dodir.<\/p>\n<p>Univerzalna primjena: pogodno za tijelo, kosu i vlasi\u0161te \u2013 u\u010dinkovito u njezi vrhova kose te za umasiravanje u vlasi\u0161te radi dodatne njege ili dubinske hidratacije ko\u017ee.<\/p>\n<p>Formula je lagana i suha, ne ote\u017eava kosu i ne ostavlja mastan osje\u0107aj \u2014 brzo se upija, a nakon nano\u0161enja ostavlja meko\u0107u i predivan sjaj.<\/p>\n<p>Privla\u010dan miris i dugotrajan osjetilni u\u017eitak \u2014 proizvod je dodatno parfemiran.<\/p>\n","protected":false},"excerpt":{"rendered":"<p>Arganovo ulje <strong>Seventh Heaven Bling Bling <\/strong>\u2013 prepustite se pri\u010di razma\u017eenosti: iznimna dvostruka formula s arganovim i bademovim uljem za trenutke kada tijelu, kosi i vlasi\u0161tu \u017eelite pru\u017eiti ljepotu bez kompromisa.<\/p>\n","protected":false},"featured_media":10816,"template":"","meta":{"_acf_changed":false},"product_brand":[],"product_cat":[300,409],"product_tag":[301],"class_list":{"0":"post-10812","1":"product","2":"type-product","3":"status-publish","4":"has-post-thumbnail","6":"product_cat-indigo-spa-proizvodi","7":"product_cat-argan-oil-body-mist","8":"product_tag-toplice","10":"first","11":"instock","12":"taxable","13":"shipping-taxable","14":"purchasable","15":"product-type-simple"},"acf":[],"_links":{"self":[{"href":"https:\/\/riluxi.com\/hr\/wp-json\/wp\/v2\/product\/10812","targetHints":{"allow":["GET"]}}],"collection":[{"href":"https:\/\/riluxi.com\/hr\/wp-json\/wp\/v2\/product"}],"about":[{"href":"https:\/\/riluxi.com\/hr\/wp-json\/wp\/v2\/types\/product"}],"wp:featuredmedia":[{"embeddable":true,"href":"https:\/\/riluxi.com\/hr\/wp-json\/wp\/v2\/media\/10816"}],"wp:attachment":[{"href":"https:\/\/riluxi.com\/hr\/wp-json\/wp\/v2\/media?parent=10812"}],"wp:term":[{"taxonomy":"product_brand","embeddable":true,"href":"https:\/\/riluxi.com\/hr\/wp-json\/wp\/v2\/product_brand?post=10812"},{"taxonomy":"product_cat","embeddable":true,"href":"https:\/\/riluxi.com\/hr\/wp-json\/wp\/v2\/product_cat?post=10812"},{"taxonomy":"product_tag","embeddable":true,"href":"https:\/\/riluxi.com\/hr\/wp-json\/wp\/v2\/product_tag?post=10812"}],"curies":[{"name":"wp","href":"https:\/\/api.w.org\/{rel}","templated":true}]}}