{"id":10825,"date":"2023-04-21T09:25:11","date_gmt":"2023-04-21T08:25:11","guid":{"rendered":"http:\/\/riluxi.com\/izdelek\/ljubavna-prica-shea-maslac-70-ml\/"},"modified":"2026-02-11T13:11:18","modified_gmt":"2026-02-11T12:11:18","slug":"love-story-shea-butter-70-ml","status":"publish","type":"product","link":"https:\/\/riluxi.com\/hr\/izdelek\/love-story-shea-butter-70-ml\/","title":{"rendered":"Love Story &#8211; Shea Butter 70 ml"},"content":{"rendered":"<p>Shea Butter Love Story vi\u0161enamjenski je njeguju\u0107i proizvod, osmi\u0161ljen za upotrebu u salonima ili ku\u0107nim kupaonicama \u2013 od manikure i pedikure do tretmana ruku, tijela i kose. Bogata tekstura maslaca s karite maslacem, kokosovim i bademovim uljem te arganovim uljem s vitaminom E hidratizira, hrani i \u0161titi ko\u017eu i vrhove kose, istodobno ih obavijaju\u0107i sofisticiranom vo\u0107no-mirisnom notom.<\/p>\n<p>Miris koji nje\u017eno obavija tvoje ruke slatkom i \u017eenstvenom notom. Kompozicija se otvara toplom kombinacijom tonka zrna, vanilije i bijelog mo\u0161usa, nakon \u010dega slijede cvjetne i vo\u0107ne nijanse: jasmin, frezija, bergamot i cvijet naran\u010de. Zaokru\u017eena je sna\u017enijom bazom pa\u010dulija, cedrovine i sandalovine, koja dodaje dubinu, oboga\u0107enu ugodnim dodirom kave i ambre.<\/p>\n<p>Glavni aktivni sastojci:<\/p>\n<p>Karite maslac \u2013 bogata lipidna komponenta koja intenzivno hrani, obnavlja suhu ko\u017eu i pru\u017ea osje\u0107aj meko\u0107e.<\/p>\n<p>Kokosovo ulje \u2013 poma\u017ee hidratizirati ko\u017eu i kosu, ja\u010da za\u0161titni sloj i daje glatko\u0107u.<\/p>\n<p>Bademovo ulje \u2013 nje\u017eno djeluje na ko\u017eu, umiruje je i poma\u017ee u njezi kutikule, ruku, stopala i kose.<\/p>\n<p>Arganovo ulje \u2013 pru\u017ea antioksidativni u\u010dinak i doprinosi zdravijem izgledu ko\u017ee i kose.<\/p>\n<p>Vitamin E \u2013 \u0161titi ko\u017eu od slobodnih radikala, djeluje protuupalno i poti\u010de obnovu ko\u017ee.<\/p>\n","protected":false},"excerpt":{"rendered":"<p>Shea Butter Love Story vi\u0161enamjenski je njeguju\u0107i proizvod, osmi\u0161ljen za upotrebu u salonima ili ku\u0107nim kupaonicama \u2013 od manikure i pedikure do tretmana ruku, tijela i kose.<\/p>\n","protected":false},"featured_media":10826,"template":"","meta":{"_acf_changed":false},"product_brand":[],"product_cat":[300,420],"product_tag":[301],"class_list":{"0":"post-10825","1":"product","2":"type-product","3":"status-publish","4":"has-post-thumbnail","6":"product_cat-indigo-spa-proizvodi","7":"product_cat-shea-butter","8":"product_tag-toplice","10":"first","11":"instock","12":"taxable","13":"shipping-taxable","14":"purchasable","15":"product-type-simple"},"acf":[],"_links":{"self":[{"href":"https:\/\/riluxi.com\/hr\/wp-json\/wp\/v2\/product\/10825","targetHints":{"allow":["GET"]}}],"collection":[{"href":"https:\/\/riluxi.com\/hr\/wp-json\/wp\/v2\/product"}],"about":[{"href":"https:\/\/riluxi.com\/hr\/wp-json\/wp\/v2\/types\/product"}],"wp:featuredmedia":[{"embeddable":true,"href":"https:\/\/riluxi.com\/hr\/wp-json\/wp\/v2\/media\/10826"}],"wp:attachment":[{"href":"https:\/\/riluxi.com\/hr\/wp-json\/wp\/v2\/media?parent=10825"}],"wp:term":[{"taxonomy":"product_brand","embeddable":true,"href":"https:\/\/riluxi.com\/hr\/wp-json\/wp\/v2\/product_brand?post=10825"},{"taxonomy":"product_cat","embeddable":true,"href":"https:\/\/riluxi.com\/hr\/wp-json\/wp\/v2\/product_cat?post=10825"},{"taxonomy":"product_tag","embeddable":true,"href":"https:\/\/riluxi.com\/hr\/wp-json\/wp\/v2\/product_tag?post=10825"}],"curies":[{"name":"wp","href":"https:\/\/api.w.org\/{rel}","templated":true}]}}