{"id":10842,"date":"2023-04-21T09:25:13","date_gmt":"2023-04-21T08:25:13","guid":{"rendered":"http:\/\/riluxi.com\/izdelek\/foot-lover-krema-za-stopala-100-ml\/"},"modified":"2026-03-23T16:50:48","modified_gmt":"2026-03-23T15:50:48","slug":"foot-lover-krema-za-stopala-seventh-heaven-100-ml","status":"publish","type":"product","link":"https:\/\/riluxi.com\/hr\/izdelek\/foot-lover-krema-za-stopala-seventh-heaven-100-ml\/","title":{"rendered":"Foot Lover &#8211; Krema za stopala Seventh Heaven 100 ml"},"content":{"rendered":"<p>Krema za stopala Foot Lover u mirisu Seventh Heaven \u2013 tvoja stopala zaslu\u017euju luksuz!<\/p>\n<p>Foot Lover ve\u0107 godinama odu\u0161evljava tisu\u0107e Indigo klijenata svojom iznimnom u\u010dinkovito\u0161\u0107u: dubinski omek\u0161ava tvrdu i suhu ko\u017eu, obnavlja zategnutu i osjetljivu ko\u017eu stopala te je ostavlja nje\u017enom, glatkom i elasti\u010dnom. Bogata, ali brzo upijaju\u0107a formula postaje nezamjenjiv dio rutine njege \u2013 za meko\u0107u koju ti osjeti\u0161, a drugi primijete. Odu\u0161evit \u0107e te u mirisu Seventh Heaven.<\/p>\n<p>Na\u0161a krema predstavlja istinsku luksuznu njegu za stopala: urea intenzivno omek\u0161ava tvrdu ko\u017eu, p\u010delinji vosak stvara za\u0161titni sloj, alantoin umiruje i obnavlja, dok ekstrakt lana hidratizira i omek\u0161ava ko\u017eu, a ekstrakt gaveza poti\u010de regeneraciju i njegu. Tvoja stopala bit \u0107e meka, glatka i spremna za divljenje!<\/p>\n<p>Za\u0161to je klijenti obo\u017eavaju:<\/p>\n<p>-vidljivo mek\u0161a i gla\u0111a ko\u017ea ve\u0107 nakon 14 dana uporabe<br \/>\n-intenzivna hidratacija i regeneracija<br \/>\n-dugogodi\u0161nja popularnost zahvaljuju\u0107i rezultatima koji zaista djeluju<br \/>\n-u prekrasnom, svje\u017eem mirisu Seventh Heaven<\/p>\n<p>Foot Lover \u2013 jer tvoja stopala zaslu\u017euju luksuz koji \u0107e\u0161 obo\u017eavati.<\/p>\n","protected":false},"excerpt":{"rendered":"<p>Krema za stopala Foot Lover u mirisu Seventh Heaven \u2013 tvoja stopala zaslu\u017euju luksuz!<\/p>\n","protected":false},"featured_media":10843,"template":"","meta":{"_acf_changed":false},"product_brand":[],"product_cat":[300,428],"product_tag":[301],"class_list":{"0":"post-10842","1":"product","2":"type-product","3":"status-publish","4":"has-post-thumbnail","6":"product_cat-indigo-spa-proizvodi","7":"product_cat-pedikura","8":"product_tag-toplice","10":"first","11":"instock","12":"taxable","13":"shipping-taxable","14":"purchasable","15":"product-type-simple"},"acf":[],"_links":{"self":[{"href":"https:\/\/riluxi.com\/hr\/wp-json\/wp\/v2\/product\/10842","targetHints":{"allow":["GET"]}}],"collection":[{"href":"https:\/\/riluxi.com\/hr\/wp-json\/wp\/v2\/product"}],"about":[{"href":"https:\/\/riluxi.com\/hr\/wp-json\/wp\/v2\/types\/product"}],"wp:featuredmedia":[{"embeddable":true,"href":"https:\/\/riluxi.com\/hr\/wp-json\/wp\/v2\/media\/10843"}],"wp:attachment":[{"href":"https:\/\/riluxi.com\/hr\/wp-json\/wp\/v2\/media?parent=10842"}],"wp:term":[{"taxonomy":"product_brand","embeddable":true,"href":"https:\/\/riluxi.com\/hr\/wp-json\/wp\/v2\/product_brand?post=10842"},{"taxonomy":"product_cat","embeddable":true,"href":"https:\/\/riluxi.com\/hr\/wp-json\/wp\/v2\/product_cat?post=10842"},{"taxonomy":"product_tag","embeddable":true,"href":"https:\/\/riluxi.com\/hr\/wp-json\/wp\/v2\/product_tag?post=10842"}],"curies":[{"name":"wp","href":"https:\/\/api.w.org\/{rel}","templated":true}]}}