{"id":10866,"date":"2023-04-21T09:25:36","date_gmt":"2023-04-21T08:25:36","guid":{"rendered":"http:\/\/riluxi.com\/izdelek\/ljubavna-prica-ulje-za-zanoktice-s-keratinom\/"},"modified":"2026-02-07T13:08:41","modified_gmt":"2026-02-07T12:08:41","slug":"love-story-ulje-za-zanoktice-s-keratinom-shea-elixir-8-ml","status":"publish","type":"product","link":"https:\/\/riluxi.com\/hr\/izdelek\/love-story-ulje-za-zanoktice-s-keratinom-shea-elixir-8-ml\/","title":{"rendered":"Love Story &#8211; ulje za zanoktice s keratinom (Shea Elixir) 8 ml"},"content":{"rendered":"<p><strong>Love Story &#8211; ulje za zanoktice s keratinom<\/strong> \u2013 razmazite svoje ruke luksuznom njegom koja osigurava besprijekoran izgled noktiju i meku, njegovanu obnohtnu ko\u017eicu. Ulje nezamjenjiv je dodatak u va\u0161em salonu, za dnevnu manikuru ili kao prekrasan poklon koji \u0107e va\u0161im najdra\u017eima izmamiti osmijeh na lice. Izabrana mje\u0161avina hranjivih ulja brzo se upija i ne ostavlja masni film.<\/p>\n<p>Miris Love Story \u2013 miris koji nje\u017eno obavija va\u0161e ruke slatkom i \u017eenstvenom notom. Kompozicija se otvara toplom kombinacijom tonkinog zrna, vanilije i bijelog mo\u0161usa, pra\u0107enom cvjetnim i vo\u0107nim notama: jasmina, frezije, bergamota i cvijeta naran\u010de. Zaokru\u017eena je sna\u017enijim baznim notama \u2013 pa\u010dulijem, cedarom i sandalovinom, koje dodaju dubinu, za\u010dinjenu ugodnim dodirom kave i jantara.<\/p>\n<p><strong>Prednosti<\/strong><br \/>\nIntenzivno njeguje i omek\u0161ava obnohtnu ko\u017eicu te glatko definira rubove noktiju.<br \/>\nFormula je oboga\u0107ena keratinom i kvalitetnim hranjivim uljima koja pobolj\u0161avaju izgled obnohtne ko\u017eice i podr\u017eavaju zdravlje plo\u010de nokta.<\/p>\n<p>Tekstura se brzo upija \u2013 ne ostavlja ljepljiv ili masan osje\u0107aj, \u0161to omogu\u0107uje udobnu svakodnevnu upotrebu.<\/p>\n<p>Dostupno u vi\u0161e mirisa i atraktivnom pakiranju s prakti\u010dnom pipetom za preciznu i higijensku primjenu.<\/p>\n<p>Svaki detalj je va\u017ean \u2013 njegovana obnohtna ko\u017eica zna\u010di \u010distiji rub nokta, ljep\u0161i izgled manikure i dugoro\u010dno zdravlje noktiju. Ulje spaja profesionalnu kvalitetu s jednostavnim dnevnim ritualom njege koji \u0107e va\u0161e ruke podi\u0107i na novu razinu elegancije.<\/p>\n","protected":false},"excerpt":{"rendered":"<p><strong>Love Story &#8211; ulje za zanoktice s keratinom<\/strong> \u2013 razmazite svoje ruke luksuznom njegom koja osigurava besprijekoran izgled noktiju i meku, njegovanu obnohtnu ko\u017eicu.<\/p>\n","protected":false},"featured_media":10867,"template":"","meta":{"_acf_changed":false},"product_brand":[],"product_cat":[300,318],"product_tag":[301],"class_list":{"0":"post-10866","1":"product","2":"type-product","3":"status-publish","4":"has-post-thumbnail","6":"product_cat-indigo-spa-proizvodi","7":"product_cat-ulja-za-zanoktice","8":"product_tag-toplice","10":"first","11":"instock","12":"taxable","13":"shipping-taxable","14":"purchasable","15":"product-type-simple"},"acf":[],"_links":{"self":[{"href":"https:\/\/riluxi.com\/hr\/wp-json\/wp\/v2\/product\/10866","targetHints":{"allow":["GET"]}}],"collection":[{"href":"https:\/\/riluxi.com\/hr\/wp-json\/wp\/v2\/product"}],"about":[{"href":"https:\/\/riluxi.com\/hr\/wp-json\/wp\/v2\/types\/product"}],"wp:featuredmedia":[{"embeddable":true,"href":"https:\/\/riluxi.com\/hr\/wp-json\/wp\/v2\/media\/10867"}],"wp:attachment":[{"href":"https:\/\/riluxi.com\/hr\/wp-json\/wp\/v2\/media?parent=10866"}],"wp:term":[{"taxonomy":"product_brand","embeddable":true,"href":"https:\/\/riluxi.com\/hr\/wp-json\/wp\/v2\/product_brand?post=10866"},{"taxonomy":"product_cat","embeddable":true,"href":"https:\/\/riluxi.com\/hr\/wp-json\/wp\/v2\/product_cat?post=10866"},{"taxonomy":"product_tag","embeddable":true,"href":"https:\/\/riluxi.com\/hr\/wp-json\/wp\/v2\/product_tag?post=10866"}],"curies":[{"name":"wp","href":"https:\/\/api.w.org\/{rel}","templated":true}]}}