{"id":10929,"date":"2023-04-21T09:22:51","date_gmt":"2023-04-21T08:22:51","guid":{"rendered":"http:\/\/riluxi.com\/izdelek\/modna-bijela-38g\/"},"modified":"2026-02-07T13:08:24","modified_gmt":"2026-02-07T12:08:24","slug":"fashion-white-38g","status":"publish","type":"product","link":"https:\/\/riluxi.com\/hr\/izdelek\/fashion-white-38g\/","title":{"rendered":"Fashion White 38g"},"content":{"rendered":"<article class=\"text-token-text-primary w-full focus:outline-none [--shadow-height:45px] has-data-writing-block:pointer-events-none has-data-writing-block:-mt-(--shadow-height) has-data-writing-block:pt-(--shadow-height) [&amp;:has([data-writing-block])&gt;*]:pointer-events-auto scroll-mt-[calc(var(--header-height)+min(200px,max(70px,20svh)))]\" dir=\"auto\" tabindex=\"-1\" data-turn-id=\"request-WEB:57c66133-db0f-4095-844c-d889779b345a-18\" data-testid=\"conversation-turn-38\" data-scroll-anchor=\"true\" data-turn=\"assistant\">\n<div class=\"text-base my-auto mx-auto pb-10 [--thread-content-margin:--spacing(4)] @w-sm\/main:[--thread-content-margin:--spacing(6)] @w-lg\/main:[--thread-content-margin:--spacing(16)] px-(--thread-content-margin)\">\n<div class=\"[--thread-content-max-width:40rem] @w-lg\/main:[--thread-content-max-width:48rem] mx-auto max-w-(--thread-content-max-width) flex-1 group\/turn-messages focus-visible:outline-hidden relative flex w-full min-w-0 flex-col agent-turn\" tabindex=\"-1\">\n<div class=\"flex max-w-full flex-col grow\">\n<div class=\"min-h-8 text-message relative flex w-full flex-col items-end gap-2 text-start break-words whitespace-normal [.text-message+&amp;]:mt-1\" dir=\"auto\" data-message-author-role=\"assistant\" data-message-id=\"f394d717-b928-4622-a1ef-ec621df22282\" data-message-model-slug=\"gpt-5-mini\">\n<div class=\"flex w-full flex-col gap-1 empty:hidden first:pt-[1px]\">\n<div class=\"markdown prose dark:prose-invert w-full wrap-break-word light markdown-new-styling\">\n<p data-start=\"0\" data-end=\"349\" data-is-last-node=\"\" data-is-only-node=\"\"><strong data-start=\"0\" data-end=\"17\" data-is-only-node=\"\">Fashion White<\/strong> akrilni prah \u2013 njegova <strong data-start=\"41\" data-end=\"76\">neoson\u010dana, snje\u017eno bijela boja<\/strong> stvaranje smile linea \u010dini pravim u\u017eitkom, a kona\u010dni rezultat izaziva divljenje. Izvanredna formula omogu\u0107uje dugotrajno zadr\u017eavanje prekrasne, \u010diste bijele boje. Indigo akril lako se nanosi i obra\u0111uje, a odu\u0161evit \u0107e vas svojom <strong data-start=\"305\" data-end=\"348\">plasti\u010dno\u0161\u0107u i senzacionalnom adhezijom<\/strong>.<\/p>\n<ul>\n<li>Mekan i oblikljiv<\/li>\n<li>Lako se modelira i obra\u0111uje<\/li>\n<li>Izvrsno prianja na prirodnu plo\u010du nokta i pove\u0107ava trajnost modeliranja<\/li>\n<li>Ne odljepljuje se<\/li>\n<\/ul>\n<\/div>\n<\/div>\n<\/div>\n<\/div>\n<\/div>\n<\/div>\n<\/article>\n","protected":false},"excerpt":{"rendered":"<p><strong data-start=\"0\" data-end=\"17\" data-is-only-node=\"\">Fashion White<\/strong> akrilni prah \u2013 njegova <strong data-start=\"41\" data-end=\"76\">neoson\u010dana, snje\u017eno bijela boja<\/strong> stvaranje smile linea \u010dini pravim u\u017eitkom, a kona\u010dni rezultat izaziva divljenje<\/p>\n","protected":false},"featured_media":10930,"template":"","meta":{"_acf_changed":false},"product_brand":[],"product_cat":[410,412],"product_tag":[411],"class_list":{"0":"post-10929","1":"product","2":"type-product","3":"status-publish","4":"has-post-thumbnail","6":"product_cat-akril","7":"product_cat-akrilni-prahovi","8":"product_tag-akril","10":"first","11":"outofstock","12":"taxable","13":"shipping-taxable","14":"purchasable","15":"product-type-simple"},"acf":[],"_links":{"self":[{"href":"https:\/\/riluxi.com\/hr\/wp-json\/wp\/v2\/product\/10929","targetHints":{"allow":["GET"]}}],"collection":[{"href":"https:\/\/riluxi.com\/hr\/wp-json\/wp\/v2\/product"}],"about":[{"href":"https:\/\/riluxi.com\/hr\/wp-json\/wp\/v2\/types\/product"}],"wp:featuredmedia":[{"embeddable":true,"href":"https:\/\/riluxi.com\/hr\/wp-json\/wp\/v2\/media\/10930"}],"wp:attachment":[{"href":"https:\/\/riluxi.com\/hr\/wp-json\/wp\/v2\/media?parent=10929"}],"wp:term":[{"taxonomy":"product_brand","embeddable":true,"href":"https:\/\/riluxi.com\/hr\/wp-json\/wp\/v2\/product_brand?post=10929"},{"taxonomy":"product_cat","embeddable":true,"href":"https:\/\/riluxi.com\/hr\/wp-json\/wp\/v2\/product_cat?post=10929"},{"taxonomy":"product_tag","embeddable":true,"href":"https:\/\/riluxi.com\/hr\/wp-json\/wp\/v2\/product_tag?post=10929"}],"curies":[{"name":"wp","href":"https:\/\/api.w.org\/{rel}","templated":true}]}}