{"id":10984,"date":"2023-04-21T09:23:14","date_gmt":"2023-04-21T08:23:14","guid":{"rendered":"http:\/\/riluxi.com\/izdelek\/gelasticni-presa\/"},"modified":"2026-02-11T11:43:25","modified_gmt":"2026-02-11T10:43:25","slug":"gelastic-alat-za-istiskivanje-gela-iz-tube-kljuc","status":"publish","type":"product","link":"https:\/\/riluxi.com\/hr\/izdelek\/gelastic-alat-za-istiskivanje-gela-iz-tube-kljuc\/","title":{"rendered":"Gelastic alat za istiskivanje gela iz tube &#8211; klju\u010d"},"content":{"rendered":"<p><strong>Gelastic alat za istiskivanje gela iz tube &#8211; klju\u010d<\/strong> \u2013 tijekom razvoja sustava Gelastic \u017eeljeli smo ne samo olak\u0161ati va\u0161 rad, ve\u0107 i optimizirati potro\u0161nju proizvoda uklju\u010denih u komplet. Dokaz? Istiskiva\u010d gela iz tube!<\/p>\n<p>Glavne prednosti sustava Gelastic:<\/p>\n<p>smanjenje vremena rada<br \/>\nsavr\u0161eno uskla\u0111ena formula<br \/>\npotpuna kontrola nad materijalom, bez razlijevanja<br \/>\niznimna plasti\u010dnost, \u0161to olak\u0161ava postizanje \u017eeljenog oblika<br \/>\nbrzo i u\u010dinkovito su\u0161enje<br \/>\nprecizna i prakti\u010dna primjena<br \/>\nizvanredna u\u010dinkovitost \u2013 do 50 aplikacija iz jedne tube!<br \/>\nbez neugodnog pra\u0161enja i neugodnog mirisa<br \/>\nbez osje\u0107aja peckanja tijekom su\u0161enja<\/p>\n","protected":false},"excerpt":{"rendered":"<p><strong>Gelastic alat za istiskivanje gela iz tube &#8211; klju\u010d<\/strong> \u2013 tijekom razvoja sustava Gelastic \u017eeljeli smo ne samo olak\u0161ati va\u0161 rad, ve\u0107 i optimizirati potro\u0161nju proizvoda uklju\u010denih u komplet. Dokaz? Istiskiva\u010d gela iz tube!<\/p>\n","protected":false},"featured_media":10987,"template":"","meta":{"_acf_changed":false},"product_brand":[],"product_cat":[435,297],"product_tag":[436],"class_list":{"0":"post-10984","1":"product","2":"type-product","3":"status-publish","4":"has-post-thumbnail","6":"product_cat-acryl-gel-i-dodaci","7":"product_cat-pribor","8":"product_tag-gelastican","10":"first","11":"instock","12":"taxable","13":"shipping-taxable","14":"purchasable","15":"product-type-simple"},"acf":[],"_links":{"self":[{"href":"https:\/\/riluxi.com\/hr\/wp-json\/wp\/v2\/product\/10984","targetHints":{"allow":["GET"]}}],"collection":[{"href":"https:\/\/riluxi.com\/hr\/wp-json\/wp\/v2\/product"}],"about":[{"href":"https:\/\/riluxi.com\/hr\/wp-json\/wp\/v2\/types\/product"}],"wp:featuredmedia":[{"embeddable":true,"href":"https:\/\/riluxi.com\/hr\/wp-json\/wp\/v2\/media\/10987"}],"wp:attachment":[{"href":"https:\/\/riluxi.com\/hr\/wp-json\/wp\/v2\/media?parent=10984"}],"wp:term":[{"taxonomy":"product_brand","embeddable":true,"href":"https:\/\/riluxi.com\/hr\/wp-json\/wp\/v2\/product_brand?post=10984"},{"taxonomy":"product_cat","embeddable":true,"href":"https:\/\/riluxi.com\/hr\/wp-json\/wp\/v2\/product_cat?post=10984"},{"taxonomy":"product_tag","embeddable":true,"href":"https:\/\/riluxi.com\/hr\/wp-json\/wp\/v2\/product_tag?post=10984"}],"curies":[{"name":"wp","href":"https:\/\/api.w.org\/{rel}","templated":true}]}}