{"id":11002,"date":"2023-04-21T09:23:15","date_gmt":"2023-04-21T08:23:15","guid":{"rendered":"http:\/\/riluxi.com\/izdelek\/metal-manix-kameleon-supernova\/"},"modified":"2026-02-07T13:08:26","modified_gmt":"2026-02-07T12:08:26","slug":"metal-manix-chameleon-supernova-06-g","status":"publish","type":"product","link":"https:\/\/riluxi.com\/hr\/izdelek\/metal-manix-chameleon-supernova-06-g\/","title":{"rendered":"Metal Manix\u00ae Chameleon Supernova 0,6 g"},"content":{"rendered":"<p><strong data-start=\"91\" data-end=\"127\">Metal Manix\u00ae Chameleon Supernova<\/strong> je metalni fini prah koji omogu\u0107uje stvaranje zrcalne povr\u0161ine s kameleon efektom, koja se presijava nijansama ljubi\u010daste boje!<\/p>\n<p><strong data-start=\"499\" data-end=\"515\">Metal Manix\u00ae<\/strong> je nevjerojatan prah koji dolazi u 12 razli\u010ditih nijansi. Koristite ga za postizanje metalnog sjaja, krom efekta ili kameleon efekta.<\/p>\n","protected":false},"excerpt":{"rendered":"<p><strong data-start=\"91\" data-end=\"127\">Metal Manix\u00ae Chameleon Supernova<\/strong> je metalni fini prah koji omogu\u0107uje stvaranje zrcalne povr\u0161ine s kameleon efektom, koja se presijava nijansama ljubi\u010daste boje!<\/p>\n","protected":false},"featured_media":11004,"template":"","meta":{"_acf_changed":false},"product_brand":[],"product_cat":[327,399],"product_tag":[328],"class_list":{"0":"post-11002","1":"product","2":"type-product","3":"status-publish","4":"has-post-thumbnail","6":"product_cat-efekti","7":"product_cat-metal-manix","8":"product_tag-ucinak","10":"first","11":"instock","12":"taxable","13":"shipping-taxable","14":"purchasable","15":"product-type-simple"},"acf":[],"_links":{"self":[{"href":"https:\/\/riluxi.com\/hr\/wp-json\/wp\/v2\/product\/11002","targetHints":{"allow":["GET"]}}],"collection":[{"href":"https:\/\/riluxi.com\/hr\/wp-json\/wp\/v2\/product"}],"about":[{"href":"https:\/\/riluxi.com\/hr\/wp-json\/wp\/v2\/types\/product"}],"wp:featuredmedia":[{"embeddable":true,"href":"https:\/\/riluxi.com\/hr\/wp-json\/wp\/v2\/media\/11004"}],"wp:attachment":[{"href":"https:\/\/riluxi.com\/hr\/wp-json\/wp\/v2\/media?parent=11002"}],"wp:term":[{"taxonomy":"product_brand","embeddable":true,"href":"https:\/\/riluxi.com\/hr\/wp-json\/wp\/v2\/product_brand?post=11002"},{"taxonomy":"product_cat","embeddable":true,"href":"https:\/\/riluxi.com\/hr\/wp-json\/wp\/v2\/product_cat?post=11002"},{"taxonomy":"product_tag","embeddable":true,"href":"https:\/\/riluxi.com\/hr\/wp-json\/wp\/v2\/product_tag?post=11002"}],"curies":[{"name":"wp","href":"https:\/\/api.w.org\/{rel}","templated":true}]}}