{"id":11358,"date":"2023-04-21T08:59:35","date_gmt":"2023-04-21T07:59:35","guid":{"rendered":"http:\/\/riluxi.com\/izdelek\/gel-lak-lady-lion-7ml\/"},"modified":"2026-02-07T13:07:32","modified_gmt":"2026-02-07T12:07:32","slug":"lady-lion-gel-polish-7ml","status":"publish","type":"product","link":"https:\/\/riluxi.com\/hr\/izdelek\/lady-lion-gel-polish-7ml\/","title":{"rendered":"Lady Lion Gel Polish 7ml"},"content":{"rendered":"<p><strong><b>Lady Lion gel polish<\/b><\/strong> je hibridni gel lak za nokte koji posti\u017ee veliki uspjeh diljem svijeta! Je gel lak intenzivne ru\u017ei\u010daste nijanse kojoj je nemogu\u0107e odoljeti. Mo\u017ee biti i zavodljiv i razigran. \u0160to \u017eelite pokazati svijetu, ovisi samo o vama!<\/p>\n<p>\u2022 Izvrsna pigmentacija, 100 % prekrivne boje<br \/>\n\u2022 Kremasta tekstura<br \/>\n\u2022 Jednostavno nano\u0161enje \u2013 bez mrlja i prozirnih dijelova<br \/>\n\u2022 Savr\u0161en dizajn ve\u0107 s jednim slojem<br \/>\n\u2022 Izuzetna postojanost \u2013 savr\u0161eni nokti vi\u0161e od 3 tjedna<br \/>\n\u2022 Inovativni kist s ultra-mekim vlaknima omogu\u0107uje besprijekorno nano\u0161enje<br \/>\n\u2022 Sjajan, blistav zavr\u0161etak laka<br \/>\n\u2022 Fascinantne boje \u2013 na raspolaganju je vi\u0161e od 200 prekrasnih nijansi<br \/>\n\u2022 Lak se ne skuplja niti razlijeva u ko\u017eicu oko nokta<br \/>\n\u2022 Lak se u odstranjiva\u010du potpuno otapa<br \/>\n\u2022 Najvi\u0161a kvaliteta potvr\u0111ena od strane neovisnog instituta Dermatest Institute<br \/>\n\u2022 Razumna cijena koja vam omogu\u0107uje da odmah zapo\u010dnete rad s Indigo gel lakovima<\/p>\n","protected":false},"excerpt":{"rendered":"<p><strong><b>Lady Lion gel polish<\/b><\/strong> je hibridni gel lak za nokte koji posti\u017ee veliki uspjeh diljem svijeta!<\/p>\n","protected":false},"featured_media":11360,"template":"","meta":{"_acf_changed":false},"product_brand":[],"product_cat":[290,331],"product_tag":[292,332,291],"class_list":{"0":"post-11358","1":"product","2":"type-product","3":"status-publish","4":"has-post-thumbnail","6":"product_cat-gel-polish","7":"product_cat-gel-polish-classic","8":"product_tag-gel-lak","9":"product_tag-gel-lak-2","10":"product_tag-gel-lakovi","11":"pa_barva-ljubicasta","12":"pa_barva-ruzicasta","14":"first","15":"instock","16":"taxable","17":"shipping-taxable","18":"purchasable","19":"product-type-simple"},"acf":[],"_links":{"self":[{"href":"https:\/\/riluxi.com\/hr\/wp-json\/wp\/v2\/product\/11358","targetHints":{"allow":["GET"]}}],"collection":[{"href":"https:\/\/riluxi.com\/hr\/wp-json\/wp\/v2\/product"}],"about":[{"href":"https:\/\/riluxi.com\/hr\/wp-json\/wp\/v2\/types\/product"}],"wp:featuredmedia":[{"embeddable":true,"href":"https:\/\/riluxi.com\/hr\/wp-json\/wp\/v2\/media\/11360"}],"wp:attachment":[{"href":"https:\/\/riluxi.com\/hr\/wp-json\/wp\/v2\/media?parent=11358"}],"wp:term":[{"taxonomy":"product_brand","embeddable":true,"href":"https:\/\/riluxi.com\/hr\/wp-json\/wp\/v2\/product_brand?post=11358"},{"taxonomy":"product_cat","embeddable":true,"href":"https:\/\/riluxi.com\/hr\/wp-json\/wp\/v2\/product_cat?post=11358"},{"taxonomy":"product_tag","embeddable":true,"href":"https:\/\/riluxi.com\/hr\/wp-json\/wp\/v2\/product_tag?post=11358"}],"curies":[{"name":"wp","href":"https:\/\/api.w.org\/{rel}","templated":true}]}}