{"id":11497,"date":"2023-04-21T08:59:50","date_gmt":"2023-04-21T07:59:50","guid":{"rendered":"http:\/\/riluxi.com\/izdelek\/gel-lak-lilac-sky-7ml\/"},"modified":"2026-02-07T13:07:34","modified_gmt":"2026-02-07T12:07:34","slug":"lila-sky-gel-polish-7ml","status":"publish","type":"product","link":"https:\/\/riluxi.com\/hr\/izdelek\/lila-sky-gel-polish-7ml\/","title":{"rendered":"Lila Sky Gel Polish 7ml"},"content":{"rendered":"<p>Lila sky gel lak je hibridni gel lak za nokte koji je postigao ogroman uspjeh diljem svijeta! Je neobi\u010dna ljubi\u010dasta s nje\u017enim prizvukom roze koja daje prekrasnu nijansu ljubi\u010dice. Slatka i nje\u017ena, ali vrlo \u017eiva \u2013 nijedna kupka ne\u0107e pro\u0107i ravnodu\u0161no.<\/p>\n<ul class=\"ul1\">\n<li class=\"li1\"><span class=\"s2\">Odli\u010dna pigmentacija, 100% prekrivne boje<\/span><\/li>\n<li class=\"li1\"><span class=\"s2\">Kremasta struktura<\/span><\/li>\n<li class=\"li1\"><span class=\"s2\">Jednostavan nanos \u2013 bez mrlja i prozirnih lis<\/span><\/li>\n<li class=\"li1\"><span class=\"s2\">Savr\u0161en dizajn sa samo jednim slojem<\/span><\/li>\n<li class=\"li1\"><span class=\"s2\">Osupljiv oprijem \u2013 savr\u0161eni nokti vi\u0161e od 3 tjedna<\/span><\/li>\n<li class=\"li1\"><span class=\"s2\">Inovativna \u010detkica s ultra-mekanim vlaknima omogu\u0107uje savr\u0161en nanos<\/span><\/li>\n<li class=\"li1\"><span class=\"s2\">Blje\u0161tavi sjaj laka<\/span><\/li>\n<li class=\"li1\"><span class=\"s2\">Fascinantne boje \u2013 mo\u017eete birati izme\u0111u vi\u0161e od 200 lijepih nijansi<\/span><\/li>\n<li class=\"li1\"><span class=\"s2\">Lak se ne skuplja ili ulijeva u ko\u017eicu<\/span><\/li>\n<li class=\"li1\"><span class=\"s2\">Lak se u potpunosti otapa u odstranjiva\u010du<\/span><\/li>\n<li class=\"li1\"><span class=\"s2\">Najvi\u0161a kvaliteta zajam\u010dena od strane neovisnog institute Dermatest Institute<\/span><\/li>\n<li class=\"li1\"><span class=\"s2\">Razumna cijena koja vam omogu\u0107uje da odmah po\u010dnete raditi s Indigo Gel lakovima<\/span><\/li>\n<\/ul>\n","protected":false},"excerpt":{"rendered":"<p>Lila sky gel lak je hibridni gel lak za nokte koji je postigao ogroman uspjeh diljem svijeta!<\/p>\n","protected":false},"featured_media":11499,"template":"","meta":{"_acf_changed":false},"product_brand":[],"product_cat":[290,331],"product_tag":[292,332,291],"class_list":{"0":"post-11497","1":"product","2":"type-product","3":"status-publish","4":"has-post-thumbnail","6":"product_cat-gel-polish","7":"product_cat-gel-polish-classic","8":"product_tag-gel-lak","9":"product_tag-gel-lak-2","10":"product_tag-gel-lakovi","11":"pa_barva-ljubicasta","13":"first","14":"instock","15":"taxable","16":"shipping-taxable","17":"purchasable","18":"product-type-simple"},"acf":[],"_links":{"self":[{"href":"https:\/\/riluxi.com\/hr\/wp-json\/wp\/v2\/product\/11497","targetHints":{"allow":["GET"]}}],"collection":[{"href":"https:\/\/riluxi.com\/hr\/wp-json\/wp\/v2\/product"}],"about":[{"href":"https:\/\/riluxi.com\/hr\/wp-json\/wp\/v2\/types\/product"}],"wp:featuredmedia":[{"embeddable":true,"href":"https:\/\/riluxi.com\/hr\/wp-json\/wp\/v2\/media\/11499"}],"wp:attachment":[{"href":"https:\/\/riluxi.com\/hr\/wp-json\/wp\/v2\/media?parent=11497"}],"wp:term":[{"taxonomy":"product_brand","embeddable":true,"href":"https:\/\/riluxi.com\/hr\/wp-json\/wp\/v2\/product_brand?post=11497"},{"taxonomy":"product_cat","embeddable":true,"href":"https:\/\/riluxi.com\/hr\/wp-json\/wp\/v2\/product_cat?post=11497"},{"taxonomy":"product_tag","embeddable":true,"href":"https:\/\/riluxi.com\/hr\/wp-json\/wp\/v2\/product_tag?post=11497"}],"curies":[{"name":"wp","href":"https:\/\/api.w.org\/{rel}","templated":true}]}}