{"id":11693,"date":"2024-07-19T09:43:08","date_gmt":"2024-07-19T08:43:08","guid":{"rendered":"http:\/\/riluxi.com\/izdelek\/vrhovi-za-potpuno-prekrivanje-balerina-240-kom\/"},"modified":"2026-02-07T13:10:53","modified_gmt":"2026-02-07T12:10:53","slug":"vrhovi-za-potpuno-prekrivanje-balerina-240-kom","status":"publish","type":"product","link":"https:\/\/riluxi.com\/hr\/izdelek\/vrhovi-za-potpuno-prekrivanje-balerina-240-kom\/","title":{"rendered":"Vrhovi za potpuno prekrivanje &#8211; Balerina 240 kom"},"content":{"rendered":"<p><strong>Vrhovi s punim pokrivanjem<\/strong> &#8211; jo\u0161 jedan dodatak koji \u0107e vam olak\u0161ati posao. Fleksibilni vrhovi koji \u0107e vam omogu\u0107iti da produ\u017eite prirodnu plo\u010du bez<br \/>\n kori\u0161tenjem proizvoda poput ljepila, gela ili akrilnog gela, a bez kori\u0161tenja \u0161ablona ili nadlaki\u0107a. <\/p>\n<p>Glavne prednosti:<\/p>\n<ul>\n<li>  240 komada<\/li>\n<li>jednostavno i brzo za kori\u0161tenje<\/li>\n<li>\u0161tede vrijeme jer ne morate oblikovati nokte<\/li>\n<li>matirano podru\u010dje za jednostavno nano\u0161enje proizvoda, nije potrebno matirati vrh prije nano\u0161enja<\/li>\n<li>mo\u017ee se prilagoditi razli\u010ditim veli\u010dinama nokatne plo\u010de<\/li>\n<li>Zbog prozirnosti vrhova, uklapaju se u bilo koji dizajn noktiju<\/li>\n<li>univerzalni oblik<\/li>\n<\/ul>\n<p>&nbsp;<\/p>\n<p>ZNA\u010cAJKE:<\/p>\n<p>Za brze ekstenzije noktiju<br \/>\n Alternativa klasi\u010dnim \u0161ablonima, dvostrukim vrhovima ili tunelskim vrhovima<br \/>\n Preporu\u010duje se za ve\u0107inu prirodnih oblika noktiju.<br \/>\n Omogu\u0107uju brzu i u\u010dinkovitu manikuru.<\/p>\n","protected":false},"excerpt":{"rendered":"<p><strong>Jo\u0161 jedan<\/strong> alat koji \u0107e vam olak\u0161ati posao. Njihova prozirnost ubrzava proces dizajniranja noktiju. <\/p>\n","protected":false},"featured_media":11690,"template":"","meta":{"_acf_changed":false},"product_brand":[],"product_cat":[297,330],"product_tag":[321],"class_list":{"0":"post-11693","1":"product","2":"type-product","3":"status-publish","4":"has-post-thumbnail","6":"product_cat-pribor","7":"product_cat-sablone","8":"product_tag-pribor","10":"first","11":"instock","12":"taxable","13":"shipping-taxable","14":"purchasable","15":"product-type-simple"},"acf":[],"_links":{"self":[{"href":"https:\/\/riluxi.com\/hr\/wp-json\/wp\/v2\/product\/11693","targetHints":{"allow":["GET"]}}],"collection":[{"href":"https:\/\/riluxi.com\/hr\/wp-json\/wp\/v2\/product"}],"about":[{"href":"https:\/\/riluxi.com\/hr\/wp-json\/wp\/v2\/types\/product"}],"wp:featuredmedia":[{"embeddable":true,"href":"https:\/\/riluxi.com\/hr\/wp-json\/wp\/v2\/media\/11690"}],"wp:attachment":[{"href":"https:\/\/riluxi.com\/hr\/wp-json\/wp\/v2\/media?parent=11693"}],"wp:term":[{"taxonomy":"product_brand","embeddable":true,"href":"https:\/\/riluxi.com\/hr\/wp-json\/wp\/v2\/product_brand?post=11693"},{"taxonomy":"product_cat","embeddable":true,"href":"https:\/\/riluxi.com\/hr\/wp-json\/wp\/v2\/product_cat?post=11693"},{"taxonomy":"product_tag","embeddable":true,"href":"https:\/\/riluxi.com\/hr\/wp-json\/wp\/v2\/product_tag?post=11693"}],"curies":[{"name":"wp","href":"https:\/\/api.w.org\/{rel}","templated":true}]}}