{"id":11792,"date":"2024-08-28T12:55:01","date_gmt":"2024-08-28T11:55:01","guid":{"rendered":"http:\/\/riluxi.com\/izdelek\/six-nonsense-gel-lak-7-ml\/"},"modified":"2026-02-07T13:10:54","modified_gmt":"2026-02-07T12:10:54","slug":"six-nonsense-gel-lak-7-ml","status":"publish","type":"product","link":"https:\/\/riluxi.com\/hr\/izdelek\/six-nonsense-gel-lak-7-ml\/","title":{"rendered":"Six Nonsense gel lak 7 ml"},"content":{"rendered":"<p>Six Nonsense Indigo Gel Polish je gel lak za nokte koji je postigao ogroman uspjeh diljem svijeta!<\/p>\n<ul>\n<li>Odli\u010dna pigmentacija, 100% prekrivne boje<\/li>\n<li>Kremasta struktura<\/li>\n<li>Jednostavan nanos \u2013 bez mrlja i prozirnih lis<\/li>\n<li>Savr\u0161en dizajn sa samo jednim slojem<\/li>\n<li>Osupljiv oprijem \u2013 savr\u0161eni nokti vi\u0161e od 3 tjedna<\/li>\n<li>Inovativna \u010detkica s ultra-mekanim vlaknima omogu\u0107uje savr\u0161en nanos<\/li>\n<li>Fascinantne boje \u2013 mo\u017eete birati izme\u0111u vi\u0161e od 200 lijepih nijansi<\/li>\n<li>Lak se ne skuplja ili ulijeva u ko\u017eicu<\/li>\n<li>Najvi\u0161a kvaliteta zajam\u010dena od strane neovisnog institute Dermatest Institute<\/li>\n<li>Razumna cijena koja vam omogu\u0107uje da odmah po\u010dnete raditi s Indigo Gel lakovima<\/li>\n<\/ul>\n<p>&nbsp;<\/p>\n<p><strong>Vrijeme su\u0161enja: Lampa Indigo Multiled 36W<\/strong><br \/>\n<em>Six Nonsense gel lak 7 ml 30 sekundi<\/em><br \/>\n<em>Astrolodzia gel lak 7 ml 30 sekundi<\/em><br \/>\n<em>Paranorman gel lak 7 ml 30 sekundi<\/em><br \/>\n<em>Lucyferka gel lak 7m 30 sek<\/em><br \/>\n<em>Tarotella gel lak 7 ml 30 sekundi<\/em><br \/>\n<em>Harry Plotter gel lak 7 ml 30 sekundi<\/em><br \/>\n<em>Karma Kiss gel lak 7 ml 30 sekundi<\/em><br \/>\n<em>Gel lak za lice s mirisom bundeve 7 ml 30 sekundi<\/em><br \/>\n<em>Nostradama gel lak 7 ml 30 sekundi<\/em><br \/>\n<em>Chakra Chic gel lak 7 ml 30 sekundi<\/em><br \/>\n<em>Sim Sala Bim Gel Polish 7 ml 30 sek<\/em><br \/>\n<em>Gel lak za kosu Lost in the Stars 7 ml 30 sekundi<\/em><\/p>\n","protected":false},"excerpt":{"rendered":"<p>Six Nonsense Indigo Gel Polish je gel lak za nokte koji je postigao ogroman uspjeh diljem svijeta!<\/p>\n","protected":false},"featured_media":11793,"template":"","meta":{"_acf_changed":false},"product_brand":[],"product_cat":[290,293,446],"product_tag":[],"class_list":{"0":"post-11792","1":"product","2":"type-product","3":"status-publish","4":"has-post-thumbnail","6":"product_cat-gel-polish","7":"product_cat-collection","8":"product_cat-autumn-trends-24","9":"pa_barva-zelena","11":"first","12":"instock","13":"taxable","14":"shipping-taxable","15":"purchasable","16":"product-type-simple"},"acf":[],"_links":{"self":[{"href":"https:\/\/riluxi.com\/hr\/wp-json\/wp\/v2\/product\/11792","targetHints":{"allow":["GET"]}}],"collection":[{"href":"https:\/\/riluxi.com\/hr\/wp-json\/wp\/v2\/product"}],"about":[{"href":"https:\/\/riluxi.com\/hr\/wp-json\/wp\/v2\/types\/product"}],"wp:featuredmedia":[{"embeddable":true,"href":"https:\/\/riluxi.com\/hr\/wp-json\/wp\/v2\/media\/11793"}],"wp:attachment":[{"href":"https:\/\/riluxi.com\/hr\/wp-json\/wp\/v2\/media?parent=11792"}],"wp:term":[{"taxonomy":"product_brand","embeddable":true,"href":"https:\/\/riluxi.com\/hr\/wp-json\/wp\/v2\/product_brand?post=11792"},{"taxonomy":"product_cat","embeddable":true,"href":"https:\/\/riluxi.com\/hr\/wp-json\/wp\/v2\/product_cat?post=11792"},{"taxonomy":"product_tag","embeddable":true,"href":"https:\/\/riluxi.com\/hr\/wp-json\/wp\/v2\/product_tag?post=11792"}],"curies":[{"name":"wp","href":"https:\/\/api.w.org\/{rel}","templated":true}]}}