{"id":11913,"date":"2024-02-28T14:02:02","date_gmt":"2024-02-28T13:02:02","guid":{"rendered":"http:\/\/riluxi.com\/izdelek\/mineralni-bazni-efekt-uv-led-macarenia-7-ml\/"},"modified":"2026-03-29T21:51:13","modified_gmt":"2026-03-29T20:51:13","slug":"macarenia-gel-polish-7-ml","status":"publish","type":"product","link":"https:\/\/riluxi.com\/hr\/izdelek\/macarenia-gel-polish-7-ml\/","title":{"rendered":"Mineralni bazni efekt UV LED Macarenia 7 ml"},"content":{"rendered":"<p>Mineralna baza <strong data-start=\"331\" data-end=\"357\">Macarenia<\/strong> osvaja nje\u017enom mlije\u010dno ru\u017ei\u010dastom bazom, pro\u0161aranom duginim \u0161ljokicama razli\u010ditih veli\u010dina, koje sjaje u nijansama ru\u017ei\u010daste, plave i ljubi\u010daste. Stvara razigran i sofisticiran izgled na noktu koji je istovremeno svje\u017e, elegantan i privla\u010dan. <\/p>\n<p>To je proizvod koji \u0107e vas osvojiti ve\u0107 od prve upotrebe. Uz njegovu pomo\u0107 mo\u017eete stvoriti savr\u0161enu manikuru za samo 45 minuta! S mineralnom bazom posti\u0107i \u0107ete prirodan, pastelni efekt sa spektakularnim sjajem.  <\/p>\n<ul>\n<li>Zahvaljuju\u0107i 3-u-1 formuli, djeluje kao baza, boja i nadlak<\/li>\n<li>pogodan je za kra\u0107e ekstenzije<\/li>\n<li>pru\u017ea 75% pokrivenosti<\/li>\n<li>pogodno za lekturu<\/li>\n<li>odli\u010dna baza za pastelne ili nude nijanse, babyboomer, ombre<\/li>\n<\/ul>\n<p>&nbsp;<\/p>\n<p>&nbsp;<\/p>\n","protected":false},"excerpt":{"rendered":"<p>Mineralna baza Macarenia &#8211; proizvod je koji \u0107e vas osvojiti ve\u0107 od prve upotrebe. Uz njegovu pomo\u0107 mo\u017eete stvoriti savr\u0161enu manikuru za samo 45 minuta! O\u010darava nje\u017enom mlije\u010dno ru\u017ei\u010dastom bazom, isprepletenom duginim \u0161ljokicama razli\u010ditih veli\u010dina, koje sjaje u nijansama ru\u017ei\u010daste, plave i ljubi\u010daste.  <\/p>\n","protected":false},"featured_media":11915,"template":"","meta":{"_acf_changed":false},"product_brand":[],"product_cat":[290,375],"product_tag":[332,291],"class_list":{"0":"post-11913","1":"product","2":"type-product","3":"status-publish","4":"has-post-thumbnail","6":"product_cat-gel-polish","7":"product_cat-mineral-base","8":"product_tag-gel-lak-2","9":"product_tag-gel-lakovi","11":"first","12":"instock","13":"taxable","14":"shipping-taxable","15":"purchasable","16":"product-type-simple"},"acf":[],"_links":{"self":[{"href":"https:\/\/riluxi.com\/hr\/wp-json\/wp\/v2\/product\/11913","targetHints":{"allow":["GET"]}}],"collection":[{"href":"https:\/\/riluxi.com\/hr\/wp-json\/wp\/v2\/product"}],"about":[{"href":"https:\/\/riluxi.com\/hr\/wp-json\/wp\/v2\/types\/product"}],"wp:featuredmedia":[{"embeddable":true,"href":"https:\/\/riluxi.com\/hr\/wp-json\/wp\/v2\/media\/11915"}],"wp:attachment":[{"href":"https:\/\/riluxi.com\/hr\/wp-json\/wp\/v2\/media?parent=11913"}],"wp:term":[{"taxonomy":"product_brand","embeddable":true,"href":"https:\/\/riluxi.com\/hr\/wp-json\/wp\/v2\/product_brand?post=11913"},{"taxonomy":"product_cat","embeddable":true,"href":"https:\/\/riluxi.com\/hr\/wp-json\/wp\/v2\/product_cat?post=11913"},{"taxonomy":"product_tag","embeddable":true,"href":"https:\/\/riluxi.com\/hr\/wp-json\/wp\/v2\/product_tag?post=11913"}],"curies":[{"name":"wp","href":"https:\/\/api.w.org\/{rel}","templated":true}]}}