{"id":12128,"date":"2023-08-22T12:24:51","date_gmt":"2023-08-22T11:24:51","guid":{"rendered":"http:\/\/riluxi.com\/izdelek\/elektro-princeza-gospodica-volt\/"},"modified":"2026-02-07T13:10:13","modified_gmt":"2026-02-07T12:10:13","slug":"elektro-princeza-gospodica-volt","status":"publish","type":"product","link":"https:\/\/riluxi.com\/hr\/izdelek\/elektro-princeza-gospodica-volt\/","title":{"rendered":"Elektro princeza gospo\u0111ica Volt"},"content":{"rendered":"<p>Zna\u010dajke efekta princeze:<\/p>\n<ul>\n<li>Dekoracije svijetle u mraku<\/li>\n<li>Dekoracije se savr\u0161eno stapaju kada se nanesu na neo\u010dvrsli sloj gela<\/li>\n<li>savr\u0161en efekt za ukrase poput Fantasy French ili klasi\u010dnih Princess Nailsa<\/li>\n<li>mije\u0161anih veli\u010dina u obliku malih, osjetljivih \u010destica<\/li>\n<li>u\u010dinak nepravilne, sjajne povr\u0161ine<\/li>\n<li>savr\u0161en dodatak suptilnim ukrasima<\/li>\n<li>odli\u010dan izgled<\/li>\n<\/ul>\n<p>Upotreba:<\/p>\n<p>Na noktima prethodno napravljenim gelom, akrilom ili trajnim gel lakom.<\/p>\n<ul>\n<li>nakon su\u0161enja drugog sloja boje 30 sekundi u MultiLed lampi, pri\u010dekajte oko 30 sekundi i utrljajte prah u disperzijski sloj;\u2022 \u010cestice mo\u017eete nanijeti i samo na odabrane dijelove nokta,\u2022 Vi\u0161ak praha uklonite s noktiju mekom \u010detkicom;\u2022 Zavr\u0161ite nokte zavr\u0161nim sjajem, npr. Wet Look u 2 sloja, ne zaboravite precizno zavr\u0161iti slobodni rub nokta;\u2022 Nakon su\u0161enja Wet Look zavr\u0161nog nadlaka (30-60 sek.) u MultiLed lampi. Pri\u010dekajte 1 minutu da se nokat &#8216;ohladi&#8217; prije nano\u0161enja proizvoda za njegu ko\u017ee, poput krema i ulja.  <\/li>\n<\/ul>\n<p>+ PRO SAVJET<\/p>\n<ul>\n<li>  Za bolju trajnost efekta, mo\u017eete nanijeti dva tanka sloja Wet Look zavr\u0161nog sjaja.<\/li>\n<\/ul>\n","protected":false},"excerpt":{"rendered":"<p>Efekt princeze &#8211; Stvorite prekrasan nepravilan efekt na svojim noktima i budite o\u010darani.<\/p>\n","protected":false},"featured_media":12130,"template":"","meta":{"_acf_changed":false},"product_brand":[],"product_cat":[327,329],"product_tag":[377,328],"class_list":{"0":"post-12128","1":"product","2":"type-product","3":"status-publish","4":"has-post-thumbnail","6":"product_cat-efekti","7":"product_cat-princess-effect","8":"product_tag-novi","9":"product_tag-ucinak","11":"first","12":"instock","13":"taxable","14":"shipping-taxable","15":"purchasable","16":"product-type-simple"},"acf":[],"_links":{"self":[{"href":"https:\/\/riluxi.com\/hr\/wp-json\/wp\/v2\/product\/12128","targetHints":{"allow":["GET"]}}],"collection":[{"href":"https:\/\/riluxi.com\/hr\/wp-json\/wp\/v2\/product"}],"about":[{"href":"https:\/\/riluxi.com\/hr\/wp-json\/wp\/v2\/types\/product"}],"wp:featuredmedia":[{"embeddable":true,"href":"https:\/\/riluxi.com\/hr\/wp-json\/wp\/v2\/media\/12130"}],"wp:attachment":[{"href":"https:\/\/riluxi.com\/hr\/wp-json\/wp\/v2\/media?parent=12128"}],"wp:term":[{"taxonomy":"product_brand","embeddable":true,"href":"https:\/\/riluxi.com\/hr\/wp-json\/wp\/v2\/product_brand?post=12128"},{"taxonomy":"product_cat","embeddable":true,"href":"https:\/\/riluxi.com\/hr\/wp-json\/wp\/v2\/product_cat?post=12128"},{"taxonomy":"product_tag","embeddable":true,"href":"https:\/\/riluxi.com\/hr\/wp-json\/wp\/v2\/product_tag?post=12128"}],"curies":[{"name":"wp","href":"https:\/\/api.w.org\/{rel}","templated":true}]}}