{"id":12679,"date":"2023-04-21T09:26:38","date_gmt":"2023-04-21T08:26:38","guid":{"rendered":"http:\/\/riluxi.com\/izdelek\/potiskivac-zanoktica-br-7\/"},"modified":"2026-02-12T16:15:07","modified_gmt":"2026-02-12T15:15:07","slug":"indigo-nail-bit-cuticle-7-nastavak-za-elektricnu-turpiju","status":"publish","type":"product","link":"https:\/\/riluxi.com\/hr\/izdelek\/indigo-nail-bit-cuticle-7-nastavak-za-elektricnu-turpiju\/","title":{"rendered":"Indigo Nail Bit Cuticle 7 &#8211; nastavak za elektri\u010dnu turpiju"},"content":{"rendered":"<p>IIndigo Nail Bit Cuticle 7 &#8211; nastavak za elektri\u010dnu turpiju, namijenjen je odstranjivanju i zagla\u0111ivanju ko\u017eice tijekom manikure i pedikure.<\/p>\n<p>Indigo Cuticle 7 prakti\u010dan je za kori\u0161tenje i jednostavan za \u010di\u0161\u0107enje. Mo\u017ee se podvrgnuti procesima sterilizacije i dezinficiranja u autoklavu i u vodenim otopinama.<\/p>\n","protected":false},"excerpt":{"rendered":"<p>IIndigo Nail Bit Cuticle 7 &#8211; nastavak za elektri\u010dnu turpiju, namijenjen je odstranjivanju i zagla\u0111ivanju ko\u017eice tijekom manikure i pedikure.<\/p>\n","protected":false},"featured_media":12680,"template":"","meta":{"_acf_changed":false},"product_brand":[],"product_cat":[309,310],"product_tag":[344],"class_list":{"0":"post-12679","1":"product","2":"type-product","3":"status-publish","4":"has-post-thumbnail","6":"product_cat-elektronika-i-nastavci","7":"product_cat-nastavci","8":"product_tag-elektricna-oprema","10":"first","11":"instock","12":"taxable","13":"shipping-taxable","14":"purchasable","15":"product-type-simple"},"acf":[],"_links":{"self":[{"href":"https:\/\/riluxi.com\/hr\/wp-json\/wp\/v2\/product\/12679","targetHints":{"allow":["GET"]}}],"collection":[{"href":"https:\/\/riluxi.com\/hr\/wp-json\/wp\/v2\/product"}],"about":[{"href":"https:\/\/riluxi.com\/hr\/wp-json\/wp\/v2\/types\/product"}],"wp:featuredmedia":[{"embeddable":true,"href":"https:\/\/riluxi.com\/hr\/wp-json\/wp\/v2\/media\/12680"}],"wp:attachment":[{"href":"https:\/\/riluxi.com\/hr\/wp-json\/wp\/v2\/media?parent=12679"}],"wp:term":[{"taxonomy":"product_brand","embeddable":true,"href":"https:\/\/riluxi.com\/hr\/wp-json\/wp\/v2\/product_brand?post=12679"},{"taxonomy":"product_cat","embeddable":true,"href":"https:\/\/riluxi.com\/hr\/wp-json\/wp\/v2\/product_cat?post=12679"},{"taxonomy":"product_tag","embeddable":true,"href":"https:\/\/riluxi.com\/hr\/wp-json\/wp\/v2\/product_tag?post=12679"}],"curies":[{"name":"wp","href":"https:\/\/api.w.org\/{rel}","templated":true}]}}