{"id":12710,"date":"2023-04-21T09:25:59","date_gmt":"2023-04-21T08:25:59","guid":{"rendered":"http:\/\/riluxi.com\/izdelek\/pamucne-maramice-bez-prasine\/"},"modified":"2026-02-11T17:01:44","modified_gmt":"2026-02-11T16:01:44","slug":"dust-free-pamucne-blazinice","status":"publish","type":"product","link":"https:\/\/riluxi.com\/hr\/izdelek\/dust-free-pamucne-blazinice\/","title":{"rendered":"Dust-free pamu\u010dne blazinice"},"content":{"rendered":"<p><strong>Dust-free pamu\u010dne blazinice<\/strong> \u2013 Neophodan proizvod za svakog stilista noktiju.<\/p>\n<p>Koriste se za:<\/p>\n<ul>\n<li>odma\u0161\u0107ivanje povr\u0161ine nokta<\/li>\n<li>uklanjanje disperzne plasti na kraju manikure<\/li>\n<li>\u010di\u0161\u0107enje kistova i alata nakon rada<\/li>\n<li>prijenos folije na povr\u0161inu nokta<\/li>\n<li>uklanjanje gel laka: nanesite Lanoline Remover na pamu\u010dnu blazinicu, stavite je na nokat i omotajte aluminijskom folijom<\/li>\n<\/ul>\n<p>Ne ostavljaju pra\u0161inu niti boju na povr\u0161ini nokta \u2013 pogodne su za upotrebu s gel lakom, gelom i akrilom.<\/p>\n<p>Jedna rola sadr\u017ei 500 pamu\u010dnih blazinica.<\/p>\n","protected":false},"excerpt":{"rendered":"<p><strong>Dust-free pamu\u010dne blazinice<\/strong> \u2013 Neophodan proizvod za svakog stilista noktiju.<\/p>\n","protected":false},"featured_media":12711,"template":"","meta":{"_acf_changed":false},"product_brand":[],"product_cat":[297,445],"product_tag":[321],"class_list":{"0":"post-12710","1":"product","2":"type-product","3":"status-publish","4":"has-post-thumbnail","6":"product_cat-pribor","7":"product_cat-celulozne-maramice","8":"product_tag-pribor","10":"first","11":"instock","12":"taxable","13":"shipping-taxable","14":"purchasable","15":"product-type-simple"},"acf":[],"_links":{"self":[{"href":"https:\/\/riluxi.com\/hr\/wp-json\/wp\/v2\/product\/12710","targetHints":{"allow":["GET"]}}],"collection":[{"href":"https:\/\/riluxi.com\/hr\/wp-json\/wp\/v2\/product"}],"about":[{"href":"https:\/\/riluxi.com\/hr\/wp-json\/wp\/v2\/types\/product"}],"wp:featuredmedia":[{"embeddable":true,"href":"https:\/\/riluxi.com\/hr\/wp-json\/wp\/v2\/media\/12711"}],"wp:attachment":[{"href":"https:\/\/riluxi.com\/hr\/wp-json\/wp\/v2\/media?parent=12710"}],"wp:term":[{"taxonomy":"product_brand","embeddable":true,"href":"https:\/\/riluxi.com\/hr\/wp-json\/wp\/v2\/product_brand?post=12710"},{"taxonomy":"product_cat","embeddable":true,"href":"https:\/\/riluxi.com\/hr\/wp-json\/wp\/v2\/product_cat?post=12710"},{"taxonomy":"product_tag","embeddable":true,"href":"https:\/\/riluxi.com\/hr\/wp-json\/wp\/v2\/product_tag?post=12710"}],"curies":[{"name":"wp","href":"https:\/\/api.w.org\/{rel}","templated":true}]}}