{"id":12745,"date":"2023-04-21T09:26:17","date_gmt":"2023-04-21T08:26:17","guid":{"rendered":"http:\/\/riluxi.com\/izdelek\/potiskivac-zanoktica-br-5-od-karbida\/"},"modified":"2026-02-12T10:52:46","modified_gmt":"2026-02-12T09:52:46","slug":"indigo-carbide-5-nastavak-za-elektricnu-turpiju","status":"publish","type":"product","link":"https:\/\/riluxi.com\/hr\/izdelek\/indigo-carbide-5-nastavak-za-elektricnu-turpiju\/","title":{"rendered":"Indigo Carbide 5 &#8211; Nastavak za elektri\u010dnu turpiju"},"content":{"rendered":"<p><strong>Indigo Carbide 5<\/strong> je sna\u017ean i pouzdan alat od karbida, savr\u0161en za \u010di\u0161\u0107enje donje strane slobodnog ruba nokta i odstranjivanje proizvoda pri korekciji.<\/p>\n<p>Indigo Carbide 5 nastavak u obliku zaobljenog sto\u0161ca koristi se za \u010di\u0161\u0107enje donje strane nokta i odstranjivanje proizvoda pri nadopunama.<\/p>\n","protected":false},"excerpt":{"rendered":"<p><strong>Indigo Carbide 5<\/strong> je sna\u017ean i pouzdan alat od karbida, savr\u0161en za \u010di\u0161\u0107enje donje strane slobodnog ruba nokta i odstranjivanje proizvoda pri korekciji.<\/p>\n","protected":false},"featured_media":12746,"template":"","meta":{"_acf_changed":false},"product_brand":[],"product_cat":[309,310],"product_tag":[344],"class_list":{"0":"post-12745","1":"product","2":"type-product","3":"status-publish","4":"has-post-thumbnail","6":"product_cat-elektronika-i-nastavci","7":"product_cat-nastavci","8":"product_tag-elektricna-oprema","10":"first","11":"instock","12":"taxable","13":"shipping-taxable","14":"purchasable","15":"product-type-simple"},"acf":[],"_links":{"self":[{"href":"https:\/\/riluxi.com\/hr\/wp-json\/wp\/v2\/product\/12745","targetHints":{"allow":["GET"]}}],"collection":[{"href":"https:\/\/riluxi.com\/hr\/wp-json\/wp\/v2\/product"}],"about":[{"href":"https:\/\/riluxi.com\/hr\/wp-json\/wp\/v2\/types\/product"}],"wp:featuredmedia":[{"embeddable":true,"href":"https:\/\/riluxi.com\/hr\/wp-json\/wp\/v2\/media\/12746"}],"wp:attachment":[{"href":"https:\/\/riluxi.com\/hr\/wp-json\/wp\/v2\/media?parent=12745"}],"wp:term":[{"taxonomy":"product_brand","embeddable":true,"href":"https:\/\/riluxi.com\/hr\/wp-json\/wp\/v2\/product_brand?post=12745"},{"taxonomy":"product_cat","embeddable":true,"href":"https:\/\/riluxi.com\/hr\/wp-json\/wp\/v2\/product_cat?post=12745"},{"taxonomy":"product_tag","embeddable":true,"href":"https:\/\/riluxi.com\/hr\/wp-json\/wp\/v2\/product_tag?post=12745"}],"curies":[{"name":"wp","href":"https:\/\/api.w.org\/{rel}","templated":true}]}}