{"id":13161,"date":"2023-06-21T13:21:16","date_gmt":"2023-06-21T12:21:16","guid":{"rendered":"http:\/\/riluxi.com\/izdelek\/princeza-krez-3g\/"},"modified":"2026-02-07T13:09:55","modified_gmt":"2026-02-07T12:09:55","slug":"princeza-krez-3g","status":"publish","type":"product","link":"https:\/\/riluxi.com\/hr\/izdelek\/princeza-krez-3g\/","title":{"rendered":"Princeza Krez 3g"},"content":{"rendered":"<p>Zna\u010dajke efekta princeze:<\/p>\n<ul>\n<li>mije\u0161anih veli\u010dina u obliku malih, osjetljivih \u010destica<\/li>\n<li>vi\u0161ebojni<\/li>\n<li>u\u010dinak nepravilne, sjajne povr\u0161ine<\/li>\n<li>savr\u0161en dodatak suptilnim ukrasima<\/li>\n<li>odli\u010dan izgled<\/li>\n<\/ul>\n<p>Upotreba:<\/p>\n<p>Na noktima prethodno napravljenim gelom, akrilom ili trajnim gel lakom.<\/p>\n<ul>\n<li>nakon \u0161to se drugi sloj boje osu\u0161i 30 sekundi u MultiLed lampi, pri\u010dekajte oko 30 sekundi i utrljajte prah u disperzijski sloj;\n<p>\u2022 \u010cestice mo\u017eete nanositi i samo na odabrane dijelove nokta,<\/p>\n<p>\u2022 vi\u0161ak pudera s noktiju uklonite mekom \u010detkicom;<\/p>\n<p>\u2022 nokte zavr\u0161ite zavr\u0161nim sjajem, poput Wet Looka, u 2 sloja, paze\u0107i da precizno zavr\u0161ite slobodni rub nokta; <\/p>\n<p>\u2022 nakon su\u0161enja Wet Look nadlaka (30-60 sekundi) u MultiLed lampi. Pri\u010dekajte 1 minutu da se nokat &#8216;ohladi&#8217; prije nano\u0161enja proizvoda za njegu ko\u017ee poput krema i ulja. <\/li>\n<\/ul>\n<p>+ PRO SAVJET<\/p>\n<ul>\n<li>  Za bolju trajnost efekta, mo\u017eete nanijeti dva tanka sloja Wet Look zavr\u0161nog sjaja.<\/li>\n<\/ul>\n","protected":false},"excerpt":{"rendered":"<p>Efekt princeze &#8211; Stvorite prekrasan nepravilan efekt na svojim noktima i budite o\u010darani.<\/p>\n","protected":false},"featured_media":13162,"template":"","meta":{"_acf_changed":false},"product_brand":[],"product_cat":[327,329],"product_tag":[377,328],"class_list":{"0":"post-13161","1":"product","2":"type-product","3":"status-publish","4":"has-post-thumbnail","6":"product_cat-efekti","7":"product_cat-princess-effect","8":"product_tag-novi","9":"product_tag-ucinak","11":"first","12":"instock","13":"taxable","14":"shipping-taxable","15":"purchasable","16":"product-type-simple"},"acf":[],"_links":{"self":[{"href":"https:\/\/riluxi.com\/hr\/wp-json\/wp\/v2\/product\/13161","targetHints":{"allow":["GET"]}}],"collection":[{"href":"https:\/\/riluxi.com\/hr\/wp-json\/wp\/v2\/product"}],"about":[{"href":"https:\/\/riluxi.com\/hr\/wp-json\/wp\/v2\/types\/product"}],"wp:featuredmedia":[{"embeddable":true,"href":"https:\/\/riluxi.com\/hr\/wp-json\/wp\/v2\/media\/13162"}],"wp:attachment":[{"href":"https:\/\/riluxi.com\/hr\/wp-json\/wp\/v2\/media?parent=13161"}],"wp:term":[{"taxonomy":"product_brand","embeddable":true,"href":"https:\/\/riluxi.com\/hr\/wp-json\/wp\/v2\/product_brand?post=13161"},{"taxonomy":"product_cat","embeddable":true,"href":"https:\/\/riluxi.com\/hr\/wp-json\/wp\/v2\/product_cat?post=13161"},{"taxonomy":"product_tag","embeddable":true,"href":"https:\/\/riluxi.com\/hr\/wp-json\/wp\/v2\/product_tag?post=13161"}],"curies":[{"name":"wp","href":"https:\/\/api.w.org\/{rel}","templated":true}]}}