{"id":13684,"date":"2023-04-21T09:40:21","date_gmt":"2023-04-21T08:40:21","guid":{"rendered":"http:\/\/riluxi.com\/izdelek\/indigo-one-stroke-ii-cetkasta-viola\/"},"modified":"2026-02-07T13:09:09","modified_gmt":"2026-02-07T12:09:09","slug":"indigo-brush-one-stroke-ii","status":"publish","type":"product","link":"https:\/\/riluxi.com\/hr\/izdelek\/indigo-brush-one-stroke-ii\/","title":{"rendered":"Indigo Brush One Stroke II"},"content":{"rendered":"<p><strong>Indigo Brush One Stroke II<\/strong><\/p>\n<p data-start=\"103\" data-end=\"393\">Dr\u0161ka kista savr\u0161eno le\u017ei u ruci stilista, \u0161to omogu\u0107uje lak\u0161i rad, ne klizi i vrlo je jednostavan za kori\u0161tenje. Kist je izra\u0111en za rad, koji \u0107e od sada biti znatno lak\u0161i! Kistovi imaju precizno rezana vlakna do 0,1 mm i metalnu dr\u0161ku.<\/p>\n<p data-start=\"395\" data-end=\"462\">Sinteti\u010dka vlakna u kistu savr\u0161eno upijaju boju i olak\u0161avaju rad.<\/p>\n<p data-start=\"464\" data-end=\"514\" data-is-last-node=\"\" data-is-only-node=\"\">Vlakna kista ne ostavljaju nekontrolirane tragove.<\/p>\n","protected":false},"excerpt":{"rendered":"<p><strong>Indigo Brush One Stroke II &#8211; <\/strong>Dr\u0161ka kista savr\u0161eno le\u017ei u ruci stilista, \u0161to omogu\u0107uje lak\u0161i rad, ne klizi i vrlo je jednostavan za kori\u0161tenje.<\/p>\n","protected":false},"featured_media":13685,"template":"","meta":{"_acf_changed":false},"product_brand":[],"product_cat":[413,414],"product_tag":[391],"class_list":{"0":"post-13684","1":"product","2":"type-product","3":"status-publish","4":"has-post-thumbnail","6":"product_cat-kistovi","7":"product_cat-nail-art-kistovi","8":"product_tag-cetke","10":"first","11":"instock","12":"taxable","13":"shipping-taxable","14":"purchasable","15":"product-type-simple"},"acf":[],"_links":{"self":[{"href":"https:\/\/riluxi.com\/hr\/wp-json\/wp\/v2\/product\/13684","targetHints":{"allow":["GET"]}}],"collection":[{"href":"https:\/\/riluxi.com\/hr\/wp-json\/wp\/v2\/product"}],"about":[{"href":"https:\/\/riluxi.com\/hr\/wp-json\/wp\/v2\/types\/product"}],"wp:featuredmedia":[{"embeddable":true,"href":"https:\/\/riluxi.com\/hr\/wp-json\/wp\/v2\/media\/13685"}],"wp:attachment":[{"href":"https:\/\/riluxi.com\/hr\/wp-json\/wp\/v2\/media?parent=13684"}],"wp:term":[{"taxonomy":"product_brand","embeddable":true,"href":"https:\/\/riluxi.com\/hr\/wp-json\/wp\/v2\/product_brand?post=13684"},{"taxonomy":"product_cat","embeddable":true,"href":"https:\/\/riluxi.com\/hr\/wp-json\/wp\/v2\/product_cat?post=13684"},{"taxonomy":"product_tag","embeddable":true,"href":"https:\/\/riluxi.com\/hr\/wp-json\/wp\/v2\/product_tag?post=13684"}],"curies":[{"name":"wp","href":"https:\/\/api.w.org\/{rel}","templated":true}]}}