{"id":16936,"date":"2026-03-11T13:41:45","date_gmt":"2026-03-11T12:41:45","guid":{"rendered":"https:\/\/riluxi.com\/izdelek\/platnena-torba-drama-queen\/"},"modified":"2026-03-29T21:50:48","modified_gmt":"2026-03-29T20:50:48","slug":"platnena-torba-drama-queen","status":"publish","type":"product","link":"https:\/\/riluxi.com\/hr\/izdelek\/platnena-torba-drama-queen\/","title":{"rendered":"Platnena torba Drama Queen"},"content":{"rendered":"<p data-start=\"90\" data-end=\"160\"><strong data-start=\"90\" data-end=\"160\">Drama Queen torba \u2013 <span class=\"hover:entity-accent entity-underline inline cursor-pointer align-baseline\"><span class=\"whitespace-normal\">Indigo Nails<\/span><\/span><\/strong><\/p>\n<p data-start=\"162\" data-end=\"367\">Za sve koji se ne boje biti zapa\u017eeni.  <br data-start=\"202\" data-end=\"205\"><strong data-start=\"205\" data-end=\"226\">Torba Drama Queen<\/strong> savr\u0161en je svakodnevni modni dodatak &#8211; prostrana, prakti\u010dna, a opet izra\u017eajna. Idealna za salon, kupovinu, pla\u017eu ili svakodnevne poslove. <\/p>\n<p data-start=\"369\" data-end=\"586\">Izra\u0111ena od kvalitetne tkanine koja je lagana, a opet dovoljno izdr\u017eljiva da u nju stanu sve va\u0161e potrep\u0161tine, mo\u017ee se nositi u ruci ili na ramenu, a njezin prepoznatljivi natpis <strong data-start=\"519\" data-end=\"534\">Drama Queen<\/strong> omogu\u0107uje vam da poka\u017eete svoj karakter i stil. <\/p>\n<ul>\n<li>Lagan i prakti\u010dan<\/li>\n<li>Prostran za sve va\u0161e stvari<\/li>\n<li>Kultni indigo stil<\/li>\n<\/ul>\n<p data-start=\"671\" data-end=\"751\">Jer svaki pravi stilist za nokte zna \u2013 malo drame u \u017eivotu je ponekad potrebno<\/p>\n","protected":false},"excerpt":{"rendered":"<p data-start=\"90\" data-end=\"160\"><strong data-start=\"90\" data-end=\"160\">Drama Queen torba \u2013 <span class=\"hover:entity-accent entity-underline inline cursor-pointer align-baseline\"><span class=\"whitespace-normal\">Indigo Nails<\/span><\/span><\/strong><\/p>\n<p data-start=\"162\" data-end=\"367\">Za sve koji se ne boje biti zapa\u017eeni.  <br data-start=\"202\" data-end=\"205\"><strong data-start=\"205\" data-end=\"226\">Torba Drama Queen<\/strong> savr\u0161en je svakodnevni modni dodatak &#8211; prostrana, prakti\u010dna, a opet izra\u017eajna. Idealna za salon, kupovinu, pla\u017eu ili svakodnevne poslove. <\/p>\n<p data-start=\"369\" data-end=\"586\">Izra\u0111ena od kvalitetne tkanine koja je lagana, a opet dovoljno izdr\u017eljiva da u nju stanu sve va\u0161e potrep\u0161tine, mo\u017ee se nositi u ruci ili na ramenu, a njezin prepoznatljivi natpis <strong data-start=\"519\" data-end=\"534\">Drama Queen<\/strong> omogu\u0107uje vam da poka\u017eete svoj karakter i stil. <\/p>\n<ul>\n<li>Lagan i prakti\u010dan<\/li>\n<li>Prostran za sve va\u0161e stvari<\/li>\n<li>Kultni indigo stil<\/li>\n<\/ul>\n<p data-start=\"671\" data-end=\"751\">Jer svaki pravi stilist za nokte zna \u2013 malo drame u \u017eivotu je ponekad potrebno<\/p>\n","protected":false},"featured_media":16876,"template":"","meta":{"_acf_changed":false},"product_brand":[],"product_cat":[295,311],"product_tag":[],"class_list":{"0":"post-16936","1":"product","2":"type-product","3":"status-publish","4":"has-post-thumbnail","6":"product_cat-novosti","7":"product_cat-indigo-dodaci","9":"first","10":"instock","11":"taxable","12":"shipping-taxable","13":"purchasable","14":"product-type-simple"},"acf":[],"_links":{"self":[{"href":"https:\/\/riluxi.com\/hr\/wp-json\/wp\/v2\/product\/16936","targetHints":{"allow":["GET"]}}],"collection":[{"href":"https:\/\/riluxi.com\/hr\/wp-json\/wp\/v2\/product"}],"about":[{"href":"https:\/\/riluxi.com\/hr\/wp-json\/wp\/v2\/types\/product"}],"wp:featuredmedia":[{"embeddable":true,"href":"https:\/\/riluxi.com\/hr\/wp-json\/wp\/v2\/media\/16876"}],"wp:attachment":[{"href":"https:\/\/riluxi.com\/hr\/wp-json\/wp\/v2\/media?parent=16936"}],"wp:term":[{"taxonomy":"product_brand","embeddable":true,"href":"https:\/\/riluxi.com\/hr\/wp-json\/wp\/v2\/product_brand?post=16936"},{"taxonomy":"product_cat","embeddable":true,"href":"https:\/\/riluxi.com\/hr\/wp-json\/wp\/v2\/product_cat?post=16936"},{"taxonomy":"product_tag","embeddable":true,"href":"https:\/\/riluxi.com\/hr\/wp-json\/wp\/v2\/product_tag?post=16936"}],"curies":[{"name":"wp","href":"https:\/\/api.w.org\/{rel}","templated":true}]}}