{"id":17019,"date":"2026-02-02T15:17:29","date_gmt":"2026-02-02T14:17:29","guid":{"rendered":"https:\/\/riluxi.com\/izdelek\/gel-lak-casa-novak-7ml\/"},"modified":"2026-02-02T15:17:29","modified_gmt":"2026-02-02T14:17:29","slug":"gel-lak-casa-novak-7ml","status":"publish","type":"product","link":"https:\/\/riluxi.com\/hr\/izdelek\/gel-lak-casa-novak-7ml\/","title":{"rendered":"Gel lak Casa Novak 7ml"},"content":{"rendered":"<p><strong>Casa Novak gel lak za kosu<\/strong><\/p>\n<p data-start=\"42\" data-end=\"360\"><strong data-start=\"42\" data-end=\"97\">Va\u0161a idealna boja za Valentinovo? Upravo ste je prona\u0161li.<\/strong><br data-start=\"97\" data-end=\"100\"> Upoznajte <strong data-start=\"110\" data-end=\"124\">Casa Novak<\/strong> \u2013 nijansu koja spaja strast, toplinu i senzualnu eleganciju. Poput talijanske ve\u010dere uz svije\u0107e: intenzivna, magnetska i nemogu\u0107e ju je propustiti. Savr\u0161eno stvorena za klijentice koje vole odva\u017ene, \u017eenstvene stilove s pravim karakterom.  <\/p>\n<p data-start=\"362\" data-end=\"550\">Duboka Valentinova nijansa koja odmah privla\u010di sve poglede.<br data-start=\"419\" data-end=\"422\"> Senzualno i luksuzno \u2013 idealno za spojeve, ve\u010dernje izlaske i posebne prigode.<br data-start=\"499\" data-end=\"502\"> Konzistencija koja omogu\u0107uje brzu i preciznu primjenu.<\/p>\n<p>\u2022 Izvrsna pigmentacija, 100% prekrivanje<\/p>\n<p>\u2022 Kremasta tekstura<\/p>\n<p>\u2022 Jednostavno nano\u0161enje \u2013 bez razmazivanja ili prozirnih mrlja<\/p>\n<p>\u2022 Savr\u0161en dizajn sa samo jednim slojem<\/p>\n<p>\u2022 Izvrsno prianjanje \u2013 savr\u0161eni nokti vi\u0161e od 3 tjedna<\/p>\n<p>\u2022 Inovativna \u010detkica s ultra mekim vlaknima omogu\u0107uje savr\u0161eno nano\u0161enje<\/p>\n<p>\u2022 Sjaj sjajnog laka<\/p>\n<p>\u2022 Fascinantne boje \u2013 birajte izme\u0111u vi\u0161e od 200 prekrasnih nijansi<\/p>\n<p>\u2022 Lak se ne skuplja niti stapa s kutikulom<\/p>\n<p>\u2022 Lak za nokte se potpuno otapa u odstranjiva\u010du laka<\/p>\n<p>\u2022 Najvi\u0161a kvaliteta zajam\u010dena od strane neovisnog Dermatest instituta<\/p>\n<p>\u2022 Razumna cijena koja vam omogu\u0107uje da odmah po\u010dnete raditi s indigo gel lakovima<\/p>\n","protected":false},"excerpt":{"rendered":"<p><strong>Casa Novak gel lak &#8211;<\/strong> <strong data-start=\"42\" data-end=\"97\">trendi boja za Valentinovo? Upravo ste ga prona\u0161li.<\/strong><\/p>\n","protected":false},"featured_media":16660,"template":"","meta":{"_acf_changed":false},"product_brand":[],"product_cat":[521],"product_tag":[292,332,291],"class_list":{"0":"post-17019","1":"product","2":"type-product","3":"status-publish","4":"has-post-thumbnail","6":"product_cat-gel-lakovi","7":"product_tag-gel-lak","8":"product_tag-gel-lak-2","9":"product_tag-gel-lakovi","11":"first","12":"instock","13":"taxable","14":"shipping-taxable","15":"purchasable","16":"product-type-simple"},"acf":[],"_links":{"self":[{"href":"https:\/\/riluxi.com\/hr\/wp-json\/wp\/v2\/product\/17019","targetHints":{"allow":["GET"]}}],"collection":[{"href":"https:\/\/riluxi.com\/hr\/wp-json\/wp\/v2\/product"}],"about":[{"href":"https:\/\/riluxi.com\/hr\/wp-json\/wp\/v2\/types\/product"}],"wp:featuredmedia":[{"embeddable":true,"href":"https:\/\/riluxi.com\/hr\/wp-json\/wp\/v2\/media\/16660"}],"wp:attachment":[{"href":"https:\/\/riluxi.com\/hr\/wp-json\/wp\/v2\/media?parent=17019"}],"wp:term":[{"taxonomy":"product_brand","embeddable":true,"href":"https:\/\/riluxi.com\/hr\/wp-json\/wp\/v2\/product_brand?post=17019"},{"taxonomy":"product_cat","embeddable":true,"href":"https:\/\/riluxi.com\/hr\/wp-json\/wp\/v2\/product_cat?post=17019"},{"taxonomy":"product_tag","embeddable":true,"href":"https:\/\/riluxi.com\/hr\/wp-json\/wp\/v2\/product_tag?post=17019"}],"curies":[{"name":"wp","href":"https:\/\/api.w.org\/{rel}","templated":true}]}}