{"id":8181,"date":"2025-09-02T09:30:30","date_gmt":"2025-09-02T08:30:30","guid":{"rendered":"http:\/\/riluxi.com\/izdelek\/ploca-za-zigosanje-spiritual-02\/"},"modified":"2026-02-07T13:11:18","modified_gmt":"2026-02-07T12:11:18","slug":"spiritual-02-plocica-za-stamping","status":"publish","type":"product","link":"https:\/\/riluxi.com\/hr\/izdelek\/spiritual-02-plocica-za-stamping\/","title":{"rendered":"SPIRITUAL 02 &#8211; plo\u010dica za stamping"},"content":{"rendered":"<p>Imate li me\u0111u svojim kupcima istinske duhovne entuzijaste? Ova plo\u010da za stamping o\u010darat \u0107e ih jedinstvenim duhovnim dizajnom! Zaronite u svijet misticizma i pozitivne energije s duhovnim motivima &#8211; mandalama, kristalima, zvijezdama, energetskim simbolima, tre\u0107im okom, mjesecom i elementima prirode. Savr\u0161eno za stvaranje elegantnih, misti\u010dnih dizajna koji izra\u017eavaju unutarnji mir i duhovnu ravnote\u017eu.<\/p>\n<p>Plo\u010du za <strong>stamping Spiritual 02<\/strong> dizajnirala je <strong>Ilona B\u0142aszczak<\/strong> \u2013 indigo instruktorica i najpriznatija stru\u010dnjakinja za \u017eigosanje u Poljskoj. Uzorci se savr\u0161eno podudaraju, tako da mo\u017eete u nekoliko minuta stvoriti uskla\u0111en izgled s <strong>WOW efektom<\/strong> \u2013 \u010dak i ako prvi put delate dizajne sa stamping proizvodima.<\/p>\n<p><strong>Za\u0161to biste u svoj salon uveli stamping plo\u010dicu?<\/strong><\/p>\n<ul>\n<li><strong>U\u0161tedite vrijeme<\/strong><\/li>\n<li><strong>Poslikave uspijevaju savr\u0161eno ve\u0107 u prvom poku\u0161aju<\/strong> \u2013 potrebno vam je samo malo osje\u0107aja za uporabu \u0161tambilja<\/li>\n<li><strong>Nail art za svakoga<\/strong> \u2013 u\u010dinak, kao nakon godina treninga ru\u010dnog poslikavanja<\/li>\n<\/ul>\n<p data-start=\"0\" data-end=\"113\"><strong data-start=\"0\" data-end=\"41\">Nehr\u0111aju\u0107i \u010delik 304, 8K zrcalni sjaj<\/strong><br data-start=\"41\" data-end=\"44\" \/><strong data-start=\"44\" data-end=\"57\">Debljina:<\/strong> 0,4 mm<br data-start=\"64\" data-end=\"67\" \/><strong data-start=\"67\" data-end=\"81\">Dimenzije:<\/strong> 145 mm x 95 mm<br data-start=\"96\" data-end=\"99\" \/><strong data-start=\"99\" data-end=\"113\">74 motiva<\/strong><\/p>\n<p data-start=\"115\" data-end=\"201\" data-is-last-node=\"\" data-is-only-node=\"\">Plo\u010dica je za\u0161ti\u0107ena za\u0161titnom folijom \u2013 ne zaboravite je ukloniti pred prvu uporabu.<\/p>\n<p data-start=\"349\" data-end=\"453\">Za savr\u0161en rezultat kombinirajte je sa <strong data-start=\"386\" data-end=\"407\">silikonskim stamperjem<\/strong> i <strong data-start=\"411\" data-end=\"423\">strgalom<\/strong> \u2013 savr\u0161eni duo za stamping!<\/p>\n","protected":false},"excerpt":{"rendered":"<p>Imate li duhovne entuzijaste me\u0111u svojim kupcima? Ova plo\u010da za stamping o\u010darat \u0107e ih svojim jedinstvenim duhovnim dizajnom!<\/p>\n","protected":false},"featured_media":8182,"template":"","meta":{"_acf_changed":false},"product_brand":[],"product_cat":[297,313],"product_tag":[],"class_list":{"0":"post-8181","1":"product","2":"type-product","3":"status-publish","4":"has-post-thumbnail","6":"product_cat-pribor","7":"product_cat-quick-stamp-proizvodi","9":"first","10":"instock","11":"taxable","12":"shipping-taxable","13":"purchasable","14":"product-type-simple"},"acf":[],"_links":{"self":[{"href":"https:\/\/riluxi.com\/hr\/wp-json\/wp\/v2\/product\/8181","targetHints":{"allow":["GET"]}}],"collection":[{"href":"https:\/\/riluxi.com\/hr\/wp-json\/wp\/v2\/product"}],"about":[{"href":"https:\/\/riluxi.com\/hr\/wp-json\/wp\/v2\/types\/product"}],"wp:featuredmedia":[{"embeddable":true,"href":"https:\/\/riluxi.com\/hr\/wp-json\/wp\/v2\/media\/8182"}],"wp:attachment":[{"href":"https:\/\/riluxi.com\/hr\/wp-json\/wp\/v2\/media?parent=8181"}],"wp:term":[{"taxonomy":"product_brand","embeddable":true,"href":"https:\/\/riluxi.com\/hr\/wp-json\/wp\/v2\/product_brand?post=8181"},{"taxonomy":"product_cat","embeddable":true,"href":"https:\/\/riluxi.com\/hr\/wp-json\/wp\/v2\/product_cat?post=8181"},{"taxonomy":"product_tag","embeddable":true,"href":"https:\/\/riluxi.com\/hr\/wp-json\/wp\/v2\/product_tag?post=8181"}],"curies":[{"name":"wp","href":"https:\/\/api.w.org\/{rel}","templated":true}]}}