{"id":8191,"date":"2025-09-04T11:16:23","date_gmt":"2025-09-04T10:16:23","guid":{"rendered":"http:\/\/riluxi.com\/izdelek\/prikljucak-trn-za-sjekace-mini\/"},"modified":"2026-02-07T13:11:18","modified_gmt":"2026-02-07T12:11:18","slug":"nastava-za-brusne-kapice-mini","status":"publish","type":"product","link":"https:\/\/riluxi.com\/hr\/izdelek\/nastava-za-brusne-kapice-mini\/","title":{"rendered":"Nastava za brusne kapice &#8211; MINI"},"content":{"rendered":"<p>MINI nastavak je neizostavan alat za profesionalnu i ku\u0107nu manikuru. Koristi se za postavljanje brusnih kapica razli\u010ditih granulacija, koje omogu\u0107uju u\u010dinkovito turpijanje, zagla\u0111ivanje i oblikovanje prirodnih ili umjetnih noktiju.<\/p>\n<p data-start=\"630\" data-end=\"644\"><strong data-start=\"630\" data-end=\"644\">Zna\u010dajke:<\/strong><\/p>\n<ul data-start=\"645\" data-end=\"809\">\n<li data-start=\"645\" data-end=\"687\">\n<p data-start=\"647\" data-end=\"687\">Pogodno isklju\u010divo za mini brusne kapice<\/p>\n<\/li>\n<li data-start=\"688\" data-end=\"731\">\n<p data-start=\"690\" data-end=\"731\">\u010cvrsto dr\u017eanje kapice bez klizanja tijekom rada<\/p>\n<\/li>\n<li data-start=\"732\" data-end=\"765\">\n<p data-start=\"734\" data-end=\"765\">Lako mijenjanje kapica<\/p>\n<\/li>\n<li data-start=\"766\" data-end=\"809\">\n<p data-start=\"768\" data-end=\"809\">Pogodno za sterilizaciju i dezinfekciju<\/p>\n<\/li>\n<\/ul>\n<p data-start=\"80\" data-end=\"168\">Otkrijte nastavak za brusne kapice koji <strong data-start=\"111\" data-end=\"125\">NE VIBRIRA<\/strong> i osigurava udoban rad bez vibracija.<\/p>\n<ul data-start=\"170\" data-end=\"556\">\n<li data-start=\"170\" data-end=\"255\">\n<p data-start=\"172\" data-end=\"255\"><strong data-start=\"172\" data-end=\"200\">Precizno izrezani vrh<\/strong> \u2014 lak\u0161i pristup te\u0161ko dostupnim, osjetljivim podru\u010djima.<\/p>\n<\/li>\n<li data-start=\"256\" data-end=\"328\">\n<p data-start=\"258\" data-end=\"328\"><strong data-start=\"258\" data-end=\"285\">Pouzdano dr\u017eanje kapica<\/strong> &#8211; \u010dvrsto stoje, bez klizanja ili labavosti.<\/p>\n<\/li>\n<li data-start=\"329\" data-end=\"394\">\n<p data-start=\"331\" data-end=\"394\"><strong data-start=\"331\" data-end=\"363\">U\u010dinkovito odvo\u0111enje topline<\/strong> \u2014 ne pregrijava plo\u010du nokta.<\/p>\n<\/li>\n<li data-start=\"395\" data-end=\"503\">\n<p data-start=\"397\" data-end=\"503\"><strong data-start=\"397\" data-end=\"428\">Nehr\u0111aju\u0107i \u010delik<\/strong> &#8211; izdr\u017eljivost, otpornost na hr\u0111u i jednostavna dezinfekcija\/sterilizacija.<\/p>\n<\/li>\n<li data-start=\"504\" data-end=\"556\">\n<p data-start=\"506\" data-end=\"556\">Dostupno u dva promjera: <strong data-start=\"532\" data-end=\"543\">Regular<\/strong> i <strong data-start=\"547\" data-end=\"555\">Mini<\/strong> .<\/p>\n<\/li>\n<\/ul>\n<blockquote data-start=\"558\" data-end=\"836\">\n<p data-start=\"560\" data-end=\"836\"><em data-start=\"560\" data-end=\"730\">&#8220;Kao instruktor s 20 godina iskustva, rijetko ka\u017eem &#8216;to je to&#8217;. Evo ga ja ka\u017eem. Stabilnost, preciznost, udobnost. Briljantan proizvod! Testirano od strane mene i mojih u\u010denika.&#8221;<\/em><br data-start=\"730\" data-end=\"733\" \/>\u2014 <strong data-start=\"737\" data-end=\"756\">Kasia Zbroi\u0144ska<\/strong> , instruktorica Indiga, nagra\u0111ivana stilistica za nokte<\/p>\n<\/blockquote>\n<p><strong data-start=\"847\" data-end=\"898\">REGULAR ili MINI \u2014 kako odabrati pravu veli\u010dinu?<\/strong><\/p>\n<ul data-start=\"900\" data-end=\"1156\">\n<li data-start=\"900\" data-end=\"995\">\n<p data-start=\"902\" data-end=\"995\"><strong data-start=\"902\" data-end=\"919\">Odaberite MINI<\/strong> kada vam je potrebna maksimalna preciznost i radite na uskoj plo\u010di nokta.<\/p>\n<\/li>\n<li data-start=\"996\" data-end=\"1082\">\n<p data-start=\"998\" data-end=\"1082\">Preferencije su osobne: neki stilisti koriste samo MINI, drugi samo REGULAR.<\/p>\n<\/li>\n<li data-start=\"1083\" data-end=\"1156\">\n<p data-start=\"1085\" data-end=\"1156\">Isprobajte oboje &#8211; brzo \u0107ete osjetiti koji vam promjer bolje odgovara.<\/p>\n<\/li>\n<\/ul>\n<p data-start=\"1352\" data-end=\"1422\">\n","protected":false},"excerpt":{"rendered":"<p>MINI nastavak je neizostavan alat za profesionalnu i ku\u0107nu manikuru. Koristi se za postavljanje brusnih kapica razli\u010ditih granulacija, koje omogu\u0107uju u\u010dinkovito turpijanje, zagla\u0111ivanje i oblikovanje prirodnih ili umjetnih noktiju.<\/p>\n","protected":false},"featured_media":8192,"template":"","meta":{"_acf_changed":false},"product_brand":[],"product_cat":[297,308,309,310],"product_tag":[],"class_list":{"0":"post-8191","1":"product","2":"type-product","3":"status-publish","4":"has-post-thumbnail","6":"product_cat-pribor","7":"product_cat-raspe-polirke","8":"product_cat-elektronika-i-nastavci","9":"product_cat-nastavci","11":"first","12":"instock","13":"taxable","14":"shipping-taxable","15":"purchasable","16":"product-type-simple"},"acf":[],"_links":{"self":[{"href":"https:\/\/riluxi.com\/hr\/wp-json\/wp\/v2\/product\/8191","targetHints":{"allow":["GET"]}}],"collection":[{"href":"https:\/\/riluxi.com\/hr\/wp-json\/wp\/v2\/product"}],"about":[{"href":"https:\/\/riluxi.com\/hr\/wp-json\/wp\/v2\/types\/product"}],"wp:featuredmedia":[{"embeddable":true,"href":"https:\/\/riluxi.com\/hr\/wp-json\/wp\/v2\/media\/8192"}],"wp:attachment":[{"href":"https:\/\/riluxi.com\/hr\/wp-json\/wp\/v2\/media?parent=8191"}],"wp:term":[{"taxonomy":"product_brand","embeddable":true,"href":"https:\/\/riluxi.com\/hr\/wp-json\/wp\/v2\/product_brand?post=8191"},{"taxonomy":"product_cat","embeddable":true,"href":"https:\/\/riluxi.com\/hr\/wp-json\/wp\/v2\/product_cat?post=8191"},{"taxonomy":"product_tag","embeddable":true,"href":"https:\/\/riluxi.com\/hr\/wp-json\/wp\/v2\/product_tag?post=8191"}],"curies":[{"name":"wp","href":"https:\/\/api.w.org\/{rel}","templated":true}]}}