{"id":8315,"date":"2025-03-19T10:34:56","date_gmt":"2025-03-19T09:34:56","guid":{"rendered":"http:\/\/riluxi.com\/izdelek\/gel-lak-za-oci-eye-miss-you-7-ml-macje-oko\/"},"modified":"2026-02-07T13:11:08","modified_gmt":"2026-02-07T12:11:08","slug":"eye-miss-you-gel-polish-7-ml","status":"publish","type":"product","link":"https:\/\/riluxi.com\/hr\/izdelek\/eye-miss-you-gel-polish-7-ml\/","title":{"rendered":"Eye Miss You Gel Polish 7 ml"},"content":{"rendered":"<p><strong><b>Eye Miss You gel polish<\/b><\/strong> je trajni lak za nokte koji posti\u017ee veliki uspjeh diljem svijeta!<\/p>\n<p>Najvru\u0107i trend ovog prolje\u0107a \u2013 Cat Eye nijanse s nje\u017enim, magli\u010dastim efektom koje mo\u017eete nanositi preko svijetlih boja.<\/p>\n<p>Tajna? Jedinstveni magnetski pigment koji ne ostavlja sivi odsjaj.<\/p>\n<p>Rije\u010d je o vi\u0161enamjenskom proizvodu \u2013 koristite ga s magnetom za stvaranje razli\u010ditih dizajna ili bez magneta kao sjajni zavr\u0161ni sloj za va\u0161e omiljene nude nijanse.<\/p>\n<p>\u2022 Izvrsna pigmentacija, 100 % prekrivne boje<br \/>\n\u2022 Kremasta tekstura<br \/>\n\u2022 Jednostavno nano\u0161enje \u2013 bez mrlja i prozirnih dijelova<br \/>\n\u2022 Savr\u0161en dizajn ve\u0107 s jednim slojem<br \/>\n\u2022 Izuzetna postojanost \u2013 savr\u0161eni nokti vi\u0161e od 3 tjedna<br \/>\n\u2022 Inovativni kist s ultra-mekim vlaknima omogu\u0107uje besprijekorno nano\u0161enje<br \/>\n\u2022 Sjajan, blistav zavr\u0161etak laka<br \/>\n\u2022 Fascinantne boje \u2013 na raspolaganju je vi\u0161e od 200 prekrasnih nijansi<br \/>\n\u2022 Lak se ne skuplja niti razlijeva u ko\u017eicu oko nokta<br \/>\n\u2022 Lak se u odstranjiva\u010du potpuno otapa<br \/>\n\u2022 Najvi\u0161a kvaliteta potvr\u0111ena od strane neovisnog instituta Dermatest Institute<br \/>\n\u2022 Razumna cijena koja vam omogu\u0107uje da odmah zapo\u010dnete rad s Indigo gel lakovima<\/p>\n","protected":false},"excerpt":{"rendered":"<p><strong><b>Eye Miss You gel polish<\/b><\/strong> je trajni lak za nokte koji posti\u017ee veliki uspjeh diljem svijeta!<\/p>\n<p>&nbsp;<\/p>\n","protected":false},"featured_media":8316,"template":"","meta":{"_acf_changed":false},"product_brand":[],"product_cat":[290,293,334],"product_tag":[],"class_list":{"0":"post-8315","1":"product","2":"type-product","3":"status-publish","4":"has-post-thumbnail","6":"product_cat-gel-polish","7":"product_cat-collection","8":"product_cat-spring-2025","9":"pa_barva-ruzicasta","11":"first","12":"instock","13":"taxable","14":"shipping-taxable","15":"purchasable","16":"product-type-simple"},"acf":[],"_links":{"self":[{"href":"https:\/\/riluxi.com\/hr\/wp-json\/wp\/v2\/product\/8315","targetHints":{"allow":["GET"]}}],"collection":[{"href":"https:\/\/riluxi.com\/hr\/wp-json\/wp\/v2\/product"}],"about":[{"href":"https:\/\/riluxi.com\/hr\/wp-json\/wp\/v2\/types\/product"}],"wp:featuredmedia":[{"embeddable":true,"href":"https:\/\/riluxi.com\/hr\/wp-json\/wp\/v2\/media\/8316"}],"wp:attachment":[{"href":"https:\/\/riluxi.com\/hr\/wp-json\/wp\/v2\/media?parent=8315"}],"wp:term":[{"taxonomy":"product_brand","embeddable":true,"href":"https:\/\/riluxi.com\/hr\/wp-json\/wp\/v2\/product_brand?post=8315"},{"taxonomy":"product_cat","embeddable":true,"href":"https:\/\/riluxi.com\/hr\/wp-json\/wp\/v2\/product_cat?post=8315"},{"taxonomy":"product_tag","embeddable":true,"href":"https:\/\/riluxi.com\/hr\/wp-json\/wp\/v2\/product_tag?post=8315"}],"curies":[{"name":"wp","href":"https:\/\/api.w.org\/{rel}","templated":true}]}}