{"id":8381,"date":"2025-08-05T08:43:43","date_gmt":"2025-08-05T07:43:43","guid":{"rendered":"http:\/\/riluxi.com\/izdelek\/tanjur-za-zigosanje-indiga-foodie-1\/"},"modified":"2026-02-07T13:11:16","modified_gmt":"2026-02-07T12:11:16","slug":"tanjur-za-zigosanje-indiga-foodie-1","status":"publish","type":"product","link":"https:\/\/riluxi.com\/hr\/izdelek\/tanjur-za-zigosanje-indiga-foodie-1\/","title":{"rendered":"Tanjur za \u017eigosanje indiga Foodie 1"},"content":{"rendered":"<p>Laserski rezane plo\u010dice s deset motiva u \u017eivotinjskom stilu za brze dizajne u najkra\u0107em mogu\u0107em roku.<\/p>\n<p>Na plo\u010dici \u0107ete prona\u0107i razne ljetne uzorke na temu vo\u0107a, sladoleda, slatki\u0161a, natpisa&#8230;<\/p>\n<p>UPUTE ZA UPORABU:<\/p>\n<p>Za izradu dizajna iz odabranog uzorka plo\u010de za \u017eigosanje, povr\u0161ina nokta prvo mora biti pravilno pripremljena:<\/p>\n<p>GEL LAK: Nakon zavr\u0161etka manikure s gel lakom, nanesite mat nadlak ili jednostavno matirajte povr\u0161inu nokta turpijom za poliranje granulacije 280 i temeljito o\u010distite pra\u0161inu vatom natopljenom sredstvom za \u010di\u0161\u0107enje 1.<\/p>\n<p>GEL &#8211; nakon zavr\u0161etka dizajna gel noktiju, nanesite mat nadlak ili jednostavno matirajte povr\u0161inu turpijom za poliranje granulacije 280 i temeljito o\u010distite pra\u0161inu vatom natopljenom sredstvom za \u010di\u0161\u0107enje 1.<\/p>\n<p>LAK ZA NOKTE &#8211; Klasi\u010dni proteinski lak za nokte &#8211; pri\u010dekajte da se sloj boje potpuno osu\u0161i prije nano\u0161enja.<\/p>\n<p><strong>Upotreba<\/strong> <strong>:<\/strong> Prije prve upotrebe potrebno je ukloniti za\u0161titnu foliju s plo\u010de. Odabrani motiv na plo\u010dici prema\u017eite debelim slojem laka za pe\u010date i brzim i odlu\u010dnim pokretom strugalicom sastru\u017eite vi\u0161ak laka s plo\u010de. <strong>Vrlo je va\u017eno da u ovom koraku budete brzi kako se lak za pe\u010date ne bi prebrzo osu\u0161io na plo\u010dici i posljedi\u010dno se ne bi otisnuo na pe\u010dat<\/strong> . Dakle, odmah nakon toga, pe\u010datirajte dizajn s plo\u010de i prenesite ga na povr\u0161inu nokta. Kada se dizajn nakon nekog vremena (90 sekundi) osu\u0161i na noktu, mo\u017eemo ga za\u0161tititi ili UV nadlakom po va\u0161em izboru (Tip Top, Wet Look) i o\u010dvrsnuti u lampi te ponoviti postupak kako bismo izbjegli nepravilnosti na samoj povr\u0161ini nokta zbog kombinacije laka za pe\u010date i UV zavr\u0161nog sjaja. Kod kori\u0161tenja obi\u010dnih lakova za nokte, dizajn zavr\u0161avamo obi\u010dnim nadlakom (protein 2v1 base&amp;top).    <\/p>\n<p>&nbsp;<\/p>\n<p><strong>Stru\u010dni savjet:  <\/strong><\/p>\n<p><em>Plo\u010da za \u017eigosanje<\/em> se \u010disti obi\u010dnim acetonom odmah nakon upotrebe.<\/p>\n<p>O\u010distite <em>strugalicu za \u017eigosanje<\/em> obi\u010dnim sredstvom za \u010di\u0161\u0107enje Acentom ili Wipe off, ali nikada sredstvom za \u010di\u0161\u0107enje 1.<\/p>\n<p><em>Pe\u010dat<\/em> se mo\u017ee \u010distiti ljepljivom trakom ili valjkom za \u010di\u0161\u0107enje tkanine, ili u ekstremnim slu\u010dajevima s Cleaner Wipe off. Ni pod kojim uvjetima ne smijemo \u010distiti s Cleaner 1, jer to mo\u017ee o\u0161tetiti njihovu povr\u0161inu i negativno utjecati na kvalitetu pe\u010data. <\/p>\n<p>&nbsp;<\/p>\n<p><strong><em>Zanimljiv savjet:<\/em><\/strong> <em>Kori\u0161tenje proizvoda za \u017eigosanje mogu\u0107e je i s na\u0161im arte birlante gelovima u boji, koji se trebaju koristiti na isti na\u010din kao \u0161to je navedeno u uputama za uporabu. Prednost kori\u0161tenja Arte Brillante boja je u tome \u0161to se ne\u0107e su\u0161iti na plo\u010di za \u017eigosanje, jer vam je za su\u0161enje potrebna UV lampa.<\/em> <\/p>\n","protected":false},"excerpt":{"rendered":"<p>Laserski rezane plo\u010dice za brze dizajne u najkra\u0107em mogu\u0107em roku.<\/p>\n","protected":false},"featured_media":8382,"template":"","meta":{"_acf_changed":false},"product_brand":[],"product_cat":[297,313],"product_tag":[],"class_list":{"0":"post-8381","1":"product","2":"type-product","3":"status-publish","4":"has-post-thumbnail","6":"product_cat-pribor","7":"product_cat-quick-stamp-proizvodi","9":"first","10":"instock","11":"taxable","12":"shipping-taxable","13":"purchasable","14":"product-type-simple"},"acf":[],"_links":{"self":[{"href":"https:\/\/riluxi.com\/hr\/wp-json\/wp\/v2\/product\/8381","targetHints":{"allow":["GET"]}}],"collection":[{"href":"https:\/\/riluxi.com\/hr\/wp-json\/wp\/v2\/product"}],"about":[{"href":"https:\/\/riluxi.com\/hr\/wp-json\/wp\/v2\/types\/product"}],"wp:featuredmedia":[{"embeddable":true,"href":"https:\/\/riluxi.com\/hr\/wp-json\/wp\/v2\/media\/8382"}],"wp:attachment":[{"href":"https:\/\/riluxi.com\/hr\/wp-json\/wp\/v2\/media?parent=8381"}],"wp:term":[{"taxonomy":"product_brand","embeddable":true,"href":"https:\/\/riluxi.com\/hr\/wp-json\/wp\/v2\/product_brand?post=8381"},{"taxonomy":"product_cat","embeddable":true,"href":"https:\/\/riluxi.com\/hr\/wp-json\/wp\/v2\/product_cat?post=8381"},{"taxonomy":"product_tag","embeddable":true,"href":"https:\/\/riluxi.com\/hr\/wp-json\/wp\/v2\/product_tag?post=8381"}],"curies":[{"name":"wp","href":"https:\/\/api.w.org\/{rel}","templated":true}]}}