{"id":8400,"date":"2025-08-05T08:36:47","date_gmt":"2025-08-05T07:36:47","guid":{"rendered":"http:\/\/riluxi.com\/izdelek\/quick-stamp-icelixir-7ml\/"},"modified":"2026-02-07T13:11:16","modified_gmt":"2026-02-07T12:11:16","slug":"quick-stamp-icelixir-7ml","status":"publish","type":"product","link":"https:\/\/riluxi.com\/hr\/izdelek\/quick-stamp-icelixir-7ml\/","title":{"rendered":"Quick Stamp Icelixir 7ml"},"content":{"rendered":"<p data-start=\"166\" data-end=\"226\"><strong data-start=\"166\" data-end=\"226\">Postignite savr\u0161ene, o\u0161tre i sofisticirane uzorke u sekundama!<\/strong><\/p>\n<p data-start=\"228\" data-end=\"476\">Otkrijte mo\u0107 preciznosti s Indigo <strong data-start=\"260\" data-end=\"277\">lakom za \u017eigosanje Icelexir<\/strong> \u2013 posebno dizajniranim za tehniku \u200b\u200b\u017eigosanja te brz i \u010dist rad. Lak ima iridescentni, aurora efekt, ru\u017ei\u010dasto-ljubi\u010dasti biserni izgled. S ovim lakovima mo\u017eete lako diverzificirati svoju manikuru raznim motivima. Zahvaljuju\u0107i visokoj pigmentaciji i idealnoj gusto\u0107i, omogu\u0107uju savr\u0161en prijenos uzorka sa svake plo\u010dice \u2013 bez prolijevanja i mrlja.   <\/p>\n<p data-start=\"228\" data-end=\"476\"> <strong data-start=\"481\" data-end=\"508\">Za\u0161to \u0107e vam se svidjeti:<\/strong><\/p>\n<ul data-start=\"511\" data-end=\"890\">\n<li data-start=\"511\" data-end=\"601\">\n<p data-start=\"513\" data-end=\"601\">Iznimno <strong data-start=\"521\" data-end=\"536\">pigmentirano<\/strong> , tako da je motiv jasno vidljiv \u010dak i na svijetlim ili tamnim pozadinama.<\/p>\n<\/li>\n<li data-start=\"602\" data-end=\"686\">\n<p data-start=\"604\" data-end=\"686\"><strong data-start=\"604\" data-end=\"632\">Gusta, kremasta tekstura<\/strong> sprje\u010dava razlijevanje i osigurava precizan otisak.<\/p>\n<\/li>\n<li data-start=\"687\" data-end=\"757\">\n<p data-start=\"689\" data-end=\"757\">Pogodno za kori\u0161tenje sa svim <strong data-start=\"717\" data-end=\"754\">indigo plo\u010dama i pe\u010datima<\/strong> .<\/p>\n<\/li>\n<li data-start=\"758\" data-end=\"826\">\n<p data-start=\"760\" data-end=\"826\">Izvrsno funkcionira na <strong data-start=\"778\" data-end=\"823\">prirodnim noktima, gel lakovima ili ekstenzijama<\/strong> .<\/p>\n<\/li>\n<li data-start=\"827\" data-end=\"890\">\n<p data-start=\"829\" data-end=\"890\">Brzosu\u0161e\u0107a formula omogu\u0107uje u\u010dinkovit i bezbri\u017ean rad.<\/p>\n<\/li>\n<\/ul>\n<p><strong data-start=\"1338\" data-end=\"1424\">Indigo Stamping Lacquer \u2013 jer savr\u0161enstvo nije slu\u010dajnost, ve\u0107 precizno utisnuti detalj.<\/strong><\/p>\n","protected":false},"excerpt":{"rendered":"<p>Otkrijte mo\u0107 preciznosti s Indigo <strong data-start=\"260\" data-end=\"277\">Stamping Polish Candy Wendy<\/strong> \u2013 posebno dizajniranim za tehnike \u017eigosanja i brz, \u010dist rad.<\/p>\n","protected":false},"featured_media":8401,"template":"","meta":{"_acf_changed":false},"product_brand":[],"product_cat":[297,314,313],"product_tag":[],"class_list":{"0":"post-8400","1":"product","2":"type-product","3":"status-publish","4":"has-post-thumbnail","6":"product_cat-pribor","7":"product_cat-quick-stamp-lakovi","8":"product_cat-quick-stamp-proizvodi","10":"first","11":"instock","12":"taxable","13":"shipping-taxable","14":"purchasable","15":"product-type-simple"},"acf":[],"_links":{"self":[{"href":"https:\/\/riluxi.com\/hr\/wp-json\/wp\/v2\/product\/8400","targetHints":{"allow":["GET"]}}],"collection":[{"href":"https:\/\/riluxi.com\/hr\/wp-json\/wp\/v2\/product"}],"about":[{"href":"https:\/\/riluxi.com\/hr\/wp-json\/wp\/v2\/types\/product"}],"wp:featuredmedia":[{"embeddable":true,"href":"https:\/\/riluxi.com\/hr\/wp-json\/wp\/v2\/media\/8401"}],"wp:attachment":[{"href":"https:\/\/riluxi.com\/hr\/wp-json\/wp\/v2\/media?parent=8400"}],"wp:term":[{"taxonomy":"product_brand","embeddable":true,"href":"https:\/\/riluxi.com\/hr\/wp-json\/wp\/v2\/product_brand?post=8400"},{"taxonomy":"product_cat","embeddable":true,"href":"https:\/\/riluxi.com\/hr\/wp-json\/wp\/v2\/product_cat?post=8400"},{"taxonomy":"product_tag","embeddable":true,"href":"https:\/\/riluxi.com\/hr\/wp-json\/wp\/v2\/product_tag?post=8400"}],"curies":[{"name":"wp","href":"https:\/\/api.w.org\/{rel}","templated":true}]}}