{"id":8687,"date":"2025-09-12T07:31:48","date_gmt":"2025-09-12T06:31:48","guid":{"rendered":"http:\/\/riluxi.com\/izdelek\/staleks-pregaca\/"},"modified":"2026-02-07T13:11:20","modified_gmt":"2026-02-07T12:11:20","slug":"staleks-pregaca","status":"publish","type":"product","link":"https:\/\/riluxi.com\/hr\/izdelek\/staleks-pregaca\/","title":{"rendered":"Staleks prega\u010da"},"content":{"rendered":"<div class=\"flex max-w-full flex-col grow\">\n<div class=\"min-h-8 text-message relative flex w-full flex-col items-end gap-2 text-start break-words whitespace-normal [.text-message+&amp;]:mt-5\" dir=\"auto\" data-message-author-role=\"assistant\" data-message-id=\"51ae1102-f843-4d87-9fe3-cb1fa843a1c1\" data-message-model-slug=\"gpt-4o\">\n<div class=\"flex w-full flex-col gap-1 empty:hidden first:pt-[3px]\">\n<div class=\"markdown prose dark:prose-invert w-full break-words light markdown-new-styling\">\n<ul data-start=\"32\" data-end=\"420\" data-is-last-node=\"\" data-is-only-node=\"\">\n<li data-start=\"32\" data-end=\"116\">\n<p data-start=\"34\" data-end=\"116\">Izra\u0111ena od guste tkanine, \u0161to zna\u010di da se ne kida i dobro zadr\u017eava oblik.<\/p>\n<\/li>\n<li data-start=\"117\" data-end=\"220\">\n<p data-start=\"119\" data-end=\"220\">Opremljeno posebnim tekstilnim pretincem koji sprje\u010dava me\u0111usobno grebanje instrumenata.<\/p>\n<\/li>\n<li data-start=\"221\" data-end=\"323\">\n<p data-start=\"223\" data-end=\"323\">10 pretinaca razli\u010ditih veli\u010dina omogu\u0107uje vam da svoj pribor dr\u017eite organiziranim i sigurnim na svom mjestu.<\/p>\n<\/li>\n<li data-start=\"324\" data-end=\"394\">\n<p data-start=\"326\" data-end=\"394\">Zatvaranje \u010di\u010dkom omogu\u0107uje pouzdano pri\u010dvr\u0161\u0107ivanje &#8220;polovica&#8221; navlake.<\/p>\n<\/li>\n<li data-start=\"395\" data-end=\"420\" data-is-last-node=\"\">\n<p data-start=\"397\" data-end=\"420\" data-is-last-node=\"\">Prakti\u010dno za kori\u0161tenje<\/p>\n<\/li>\n<\/ul>\n<\/div>\n<\/div>\n<\/div>\n<\/div>\n<div class=\"flex min-h-[46px] justify-start\"><\/div>\n","protected":false},"excerpt":{"rendered":"<p data-start=\"34\" data-end=\"116\">Izra\u0111ena od guste tkanine, \u0161to je \u010dini otpornom na kidanje i dobro zadr\u017eava oblik. Dopunjena posebnim tekstilnim pretincem koji sprje\u010dava grebanje instrumenata. 10 pretinaca razli\u010ditih veli\u010dina omogu\u0107uje organizirano i sigurno pohranjivanje pribora na njihovom mjestu. Zatvaranje \u010di\u010dkom omogu\u0107uje pouzdano pri\u010dvr\u0161\u0107ivanje &#8220;polovica&#8221; kutije. Prakti\u010dno za kori\u0161tenje<\/p>\n","protected":false},"featured_media":8688,"template":"","meta":{"_acf_changed":false},"product_brand":[],"product_cat":[298,299],"product_tag":[],"class_list":{"0":"post-8687","1":"product","2":"type-product","3":"status-publish","4":"has-post-thumbnail","6":"product_cat-staleks","7":"product_cat-pribor-stalex","9":"first","10":"instock","11":"taxable","12":"shipping-taxable","13":"purchasable","14":"product-type-simple"},"acf":[],"_links":{"self":[{"href":"https:\/\/riluxi.com\/hr\/wp-json\/wp\/v2\/product\/8687","targetHints":{"allow":["GET"]}}],"collection":[{"href":"https:\/\/riluxi.com\/hr\/wp-json\/wp\/v2\/product"}],"about":[{"href":"https:\/\/riluxi.com\/hr\/wp-json\/wp\/v2\/types\/product"}],"wp:featuredmedia":[{"embeddable":true,"href":"https:\/\/riluxi.com\/hr\/wp-json\/wp\/v2\/media\/8688"}],"wp:attachment":[{"href":"https:\/\/riluxi.com\/hr\/wp-json\/wp\/v2\/media?parent=8687"}],"wp:term":[{"taxonomy":"product_brand","embeddable":true,"href":"https:\/\/riluxi.com\/hr\/wp-json\/wp\/v2\/product_brand?post=8687"},{"taxonomy":"product_cat","embeddable":true,"href":"https:\/\/riluxi.com\/hr\/wp-json\/wp\/v2\/product_cat?post=8687"},{"taxonomy":"product_tag","embeddable":true,"href":"https:\/\/riluxi.com\/hr\/wp-json\/wp\/v2\/product_tag?post=8687"}],"curies":[{"name":"wp","href":"https:\/\/api.w.org\/{rel}","templated":true}]}}