{"id":8703,"date":"2025-09-12T09:07:47","date_gmt":"2025-09-12T08:07:47","guid":{"rendered":"http:\/\/riluxi.com\/izdelek\/expert-kist-za-gel-sirina-4-mm-duljina-7-mm\/"},"modified":"2026-02-07T13:11:20","modified_gmt":"2026-02-07T12:11:20","slug":"kist-expert-za-gel-sirina-4-mm-duljina-7-mm","status":"publish","type":"product","link":"https:\/\/riluxi.com\/hr\/izdelek\/kist-expert-za-gel-sirina-4-mm-duljina-7-mm\/","title":{"rendered":"Kist EXPERT za gel \u2013 \u0161irina 4 mm \/ duljina 7 mm"},"content":{"rendered":"<p data-start=\"90\" data-end=\"112\"><strong data-start=\"90\" data-end=\"112\">Klju\u010dne prednosti:<\/strong><\/p>\n<ul data-start=\"114\" data-end=\"381\">\n<li data-start=\"114\" data-end=\"162\">\n<p data-start=\"116\" data-end=\"162\">Ovalni oblik omogu\u0107uje ravnomjerno nano\u0161enje gela.<\/p>\n<\/li>\n<li data-start=\"163\" data-end=\"242\">\n<p data-start=\"165\" data-end=\"242\">Sinteti\u010dke dlake pru\u017eaju izvrsnu fleksibilnost i dug vijek trajanja.<\/p>\n<\/li>\n<li data-start=\"243\" data-end=\"332\">\n<p data-start=\"245\" data-end=\"332\">Ergonomski oblik aluminijske ru\u010dke omogu\u0107uje udoban hvat i kontrolu tijekom upotrebe.<\/p>\n<\/li>\n<li data-start=\"333\" data-end=\"381\">\n<p data-start=\"335\" data-end=\"381\">U\u010dinkovito pri radu na ve\u0107im povr\u0161inama noktiju.<\/p>\n<\/li>\n<\/ul>\n<p><strong data-start=\"388\" data-end=\"402\">Dimenzije:<\/strong><\/p>\n<ul data-start=\"404\" data-end=\"483\">\n<li data-start=\"404\" data-end=\"427\">\n<p data-start=\"406\" data-end=\"427\">\u0160irina: 4 mm<\/p>\n<\/li>\n<li data-start=\"428\" data-end=\"452\">\n<p data-start=\"430\" data-end=\"452\">Duljina: 7 mm<\/p>\n<\/li>\n<li data-start=\"453\" data-end=\"483\">\n<p data-start=\"455\" data-end=\"483\">Ukupna duljina: 18 cm<\/p>\n<\/li>\n<\/ul>\n","protected":false},"excerpt":{"rendered":"<p data-start=\"116\" data-end=\"162\">Ovalni oblik omogu\u0107uje ravnomjerno nano\u0161enje gela. Sinteti\u010dke \u010dekinje osiguravaju izvrsnu fleksibilnost i dugotrajnost.<\/p>\n<p data-start=\"245\" data-end=\"332\">Ergonomski oblik aluminijske dr\u0161ke omogu\u0107uje udoban hvat i kontrolu tijekom upotrebe. U\u010dinkovito pri radu na ve\u0107im povr\u0161inama noktiju.<\/p>\n","protected":false},"featured_media":8705,"template":"","meta":{"_acf_changed":false},"product_brand":[],"product_cat":[298,299],"product_tag":[],"class_list":{"0":"post-8703","1":"product","2":"type-product","3":"status-publish","4":"has-post-thumbnail","6":"product_cat-staleks","7":"product_cat-pribor-stalex","9":"first","10":"instock","11":"taxable","12":"shipping-taxable","13":"purchasable","14":"product-type-simple"},"acf":[],"_links":{"self":[{"href":"https:\/\/riluxi.com\/hr\/wp-json\/wp\/v2\/product\/8703","targetHints":{"allow":["GET"]}}],"collection":[{"href":"https:\/\/riluxi.com\/hr\/wp-json\/wp\/v2\/product"}],"about":[{"href":"https:\/\/riluxi.com\/hr\/wp-json\/wp\/v2\/types\/product"}],"wp:featuredmedia":[{"embeddable":true,"href":"https:\/\/riluxi.com\/hr\/wp-json\/wp\/v2\/media\/8705"}],"wp:attachment":[{"href":"https:\/\/riluxi.com\/hr\/wp-json\/wp\/v2\/media?parent=8703"}],"wp:term":[{"taxonomy":"product_brand","embeddable":true,"href":"https:\/\/riluxi.com\/hr\/wp-json\/wp\/v2\/product_brand?post=8703"},{"taxonomy":"product_cat","embeddable":true,"href":"https:\/\/riluxi.com\/hr\/wp-json\/wp\/v2\/product_cat?post=8703"},{"taxonomy":"product_tag","embeddable":true,"href":"https:\/\/riluxi.com\/hr\/wp-json\/wp\/v2\/product_tag?post=8703"}],"curies":[{"name":"wp","href":"https:\/\/api.w.org\/{rel}","templated":true}]}}