{"id":8755,"date":"2025-10-03T11:56:14","date_gmt":"2025-10-03T10:56:14","guid":{"rendered":"http:\/\/riluxi.com\/izdelek\/usisavac-style-pro-shemax-bijeli\/"},"modified":"2026-02-07T13:11:27","modified_gmt":"2026-02-07T12:11:27","slug":"style-pro-shemax-stolni-usisavac-za-nokte-bijeli","status":"publish","type":"product","link":"https:\/\/riluxi.com\/hr\/izdelek\/style-pro-shemax-stolni-usisavac-za-nokte-bijeli\/","title":{"rendered":"STYLE PRO SHEMAX \u2013stolni usisava\u010d za nokte &#8211; bijeli"},"content":{"rendered":"<h3 data-start=\"101\" data-end=\"160\"><strong data-start=\"105\" data-end=\"160\">STYLE PRO SHEMAX \u2013 Nova razina \u010disto\u0107e i udobnosti<\/strong><\/h3>\n<p data-start=\"162\" data-end=\"205\"><strong data-start=\"162\" data-end=\"205\">Usisava\u010d \u2013 24 \u00d7 17 cm<\/strong><\/p>\n<p data-start=\"207\" data-end=\"398\">Horizontalni usisava\u010d <strong data-start=\"234\" data-end=\"254\">STYLE PRO SHEMAX<\/strong> u\u010dinkovito hvata pra\u0161inu i sprje\u010dava njezino \u0161irenje zrakom ili talo\u017eenje na povr\u0161inama. Sakupljena pra\u0161ina se komprimira i sigurno zadr\u017eava unutar filtera.<\/p>\n<h3 data-start=\"405\" data-end=\"449\"><strong data-start=\"409\" data-end=\"449\">Nadogra\u0111ena magnetska metalna re\u0161etka<\/strong><\/h3>\n<ul data-start=\"451\" data-end=\"698\">\n<li data-start=\"451\" data-end=\"514\">\n<p data-start=\"453\" data-end=\"514\">Jedinstven estetski dizajn s ugraviranim SHEMAX logotipom.<\/p>\n<\/li>\n<li data-start=\"515\" data-end=\"608\">\n<p data-start=\"517\" data-end=\"608\">Novi minimalisti\u010dki stil: geometrijski oblici zamijenjeni su profinjenim, elegantnim linijama.<\/p>\n<\/li>\n<li data-start=\"609\" data-end=\"698\">\n<p data-start=\"611\" data-end=\"698\">Pobolj\u0161ani dizajn re\u0161etke omogu\u0107uje lak\u0161e uklanjanje i brzu zamjenu filtera.<\/p>\n<\/li>\n<\/ul>\n<p data-start=\"138\" data-end=\"249\"><strong>STYLE PRO SHEMAX<\/strong> je opremljen s <strong data-start=\"170\" data-end=\"205\">dva centrifugalna motora<\/strong> , koji su razvijeni ekskluzivno za ovaj model.<\/p>\n<ul data-start=\"251\" data-end=\"523\">\n<li data-start=\"251\" data-end=\"414\">\n<p data-start=\"253\" data-end=\"414\"><strong data-start=\"253\" data-end=\"279\">Tehnologija &#8220;Air Bowl&#8221;<\/strong> stvara efekt tornada, osiguravaju\u0107i ravnomjerno skupljanje pra\u0161ine po cijelom podru\u010dju usisavanja i u\u010dinkovito je usmjeravaju\u0107i prema sredi\u0161tu.<\/p>\n<\/li>\n<li data-start=\"415\" data-end=\"457\">\n<p data-start=\"417\" data-end=\"457\"><strong data-start=\"417\" data-end=\"443\">Brzina strujanja zraka:<\/strong> 2,2\u20133,7 m\/s<\/p>\n<\/li>\n<li data-start=\"458\" data-end=\"523\">\n<p data-start=\"460\" data-end=\"523\"><strong data-start=\"460\" data-end=\"489\">Vijek trajanja motora:<\/strong> do 6 godina rada<\/p>\n<\/li>\n<\/ul>\n<h4 data-start=\"525\" data-end=\"557\">Nadogradnje nove generacije:<\/h4>\n<ul data-start=\"558\" data-end=\"750\">\n<li data-start=\"558\" data-end=\"616\">\n<p data-start=\"560\" data-end=\"616\">Pove\u0107ana <strong data-start=\"569\" data-end=\"584\">snaga motora<\/strong> za jo\u0161 u\u010dinkovitiji rad<\/p>\n<\/li>\n<li data-start=\"617\" data-end=\"671\">\n<p data-start=\"619\" data-end=\"671\">Pobolj\u0161ana <strong data-start=\"630\" data-end=\"646\">izdr\u017eljivost<\/strong> i dugovje\u010dnost sustava<\/p>\n<\/li>\n<li data-start=\"672\" data-end=\"750\">\n<p data-start=\"674\" data-end=\"750\">Dodana <strong data-start=\"680\" data-end=\"712\">dodatna tipka za uklju\u010divanje\/isklju\u010divanje<\/strong> koja pamti posljednju postavku napajanja<\/p>\n<\/li>\n<\/ul>\n<h3 data-start=\"68\" data-end=\"126\"><strong data-start=\"72\" data-end=\"126\">Vi\u0161ekratni filter za maksimalnu u\u010dinkovitost<\/strong><\/h3>\n<ul data-start=\"128\" data-end=\"350\">\n<li data-start=\"128\" data-end=\"210\">\n<p data-start=\"130\" data-end=\"210\">Sprje\u010dava nakupljanje pra\u0161ine na stijenkama motora, \u010dime ga \u0161titi od o\u0161te\u0107enja.<\/p>\n<\/li>\n<li data-start=\"211\" data-end=\"263\">\n<p data-start=\"213\" data-end=\"263\">U\u010dinkovito hvata \u010dak i najfinije \u010destice pra\u0161ine.<\/p>\n<\/li>\n<li data-start=\"264\" data-end=\"350\">\n<p data-start=\"266\" data-end=\"350\">Komprimirani prah gubi svoju pokretljivost, \u0161to omogu\u0107uje lak\u0161e i higijenskije odlaganje.<\/p>\n<\/li>\n<\/ul>\n<h3 data-start=\"65\" data-end=\"120\"><strong data-start=\"69\" data-end=\"120\">Kompaktan dizajn \u2013 visina 7,4 cm, te\u017eina 1,68 kg<\/strong><\/h3>\n<ul data-start=\"122\" data-end=\"511\">\n<li data-start=\"122\" data-end=\"210\">\n<p data-start=\"124\" data-end=\"210\"><strong data-start=\"124\" data-end=\"151\">Optimizirane dimenzije:<\/strong> ure\u0111aj zauzima samo <strong data-start=\"191\" data-end=\"207\">36,8 \u00d7 20 cm<\/strong> na radnoj povr\u0161ini.<\/p>\n<\/li>\n<li data-start=\"211\" data-end=\"318\">\n<p data-start=\"213\" data-end=\"318\"><strong data-start=\"213\" data-end=\"253\">A\u017eurirani dizajn plasti\u010dne plo\u010de:<\/strong> pobolj\u0161ana izdr\u017eljivost i glatka, ugodna tekstura na dodir.<\/p>\n<\/li>\n<li data-start=\"319\" data-end=\"402\">\n<p data-start=\"321\" data-end=\"402\"><strong data-start=\"321\" data-end=\"353\">Redizajnirana bo\u010dna re\u0161etka<\/strong> s ugraviranim sloganom <em data-start=\"377\" data-end=\"399\">&#8220;Next-Level Service&#8221;<\/em> .<\/p>\n<\/li>\n<li data-start=\"403\" data-end=\"511\">\n<p data-start=\"405\" data-end=\"511\"><strong data-start=\"405\" data-end=\"433\">Ugravirani SHEMAX logotip<\/strong> na no\u017eicama ure\u0111aja dodaje da\u0161ak elegancije i nagla\u0161ava vrhunsku kvalitetu proizvoda.<\/p>\n<\/li>\n<\/ul>\n<p>&nbsp;<\/p>\n<p data-start=\"705\" data-end=\"823\"><strong data-start=\"705\" data-end=\"729\">STYLE PRO SHEMAX NEW<\/strong> kombinira funkcionalnost, dizajn i visoku razinu higijene &#8211; savr\u0161en izbor za moderne salone.<\/p>\n","protected":false},"excerpt":{"rendered":"<p data-start=\"181\" data-end=\"213\"><strong data-start=\"181\" data-end=\"213\">Elegancija. Snaga. U\u010dinkovitost. <\/strong><\/p>\n<p data-start=\"215\" data-end=\"433\"><strong data-start=\"215\" data-end=\"235\">STYLE PRO SHEMAX<\/strong> u bijeloj boji je profesionalni usisava\u010d dizajniran za najzahtjevnije stiliste noktiju. Kombinira moderan dizajn, visoke performanse i tihi rad, \u0161to ga \u010dini savr\u0161enim za kori\u0161tenje u salonima.<\/p>\n<ul>\n<li data-start=\"1826\" data-end=\"1860\">\n<p data-start=\"1828\" data-end=\"1860\">STYLE PRO SHEMAX \u2013 usisava\u010d<\/p>\n<\/li>\n<li data-start=\"1861\" data-end=\"1879\">\n<p data-start=\"1863\" data-end=\"1879\">1x HEPA filter<\/p>\n<\/li>\n<li data-start=\"1880\" data-end=\"1899\">\n<p data-start=\"1882\" data-end=\"1899\">Kabel za napajanje<\/p>\n<\/li>\n<li data-start=\"1900\" data-end=\"1937\">\n<p data-start=\"1902\" data-end=\"1937\">Upute za uporabu (na nekoliko jezika)<\/p>\n<\/li>\n<\/ul>\n","protected":false},"featured_media":8293,"template":"","meta":{"_acf_changed":false},"product_brand":[],"product_cat":[309,350,352],"product_tag":[],"class_list":{"0":"post-8755","1":"product","2":"type-product","3":"status-publish","4":"has-post-thumbnail","6":"product_cat-elektronika-i-nastavci","7":"product_cat-shemax","8":"product_cat-style-pro-shemax","10":"first","11":"instock","12":"taxable","13":"shipping-taxable","14":"purchasable","15":"product-type-simple"},"acf":[],"_links":{"self":[{"href":"https:\/\/riluxi.com\/hr\/wp-json\/wp\/v2\/product\/8755","targetHints":{"allow":["GET"]}}],"collection":[{"href":"https:\/\/riluxi.com\/hr\/wp-json\/wp\/v2\/product"}],"about":[{"href":"https:\/\/riluxi.com\/hr\/wp-json\/wp\/v2\/types\/product"}],"wp:featuredmedia":[{"embeddable":true,"href":"https:\/\/riluxi.com\/hr\/wp-json\/wp\/v2\/media\/8293"}],"wp:attachment":[{"href":"https:\/\/riluxi.com\/hr\/wp-json\/wp\/v2\/media?parent=8755"}],"wp:term":[{"taxonomy":"product_brand","embeddable":true,"href":"https:\/\/riluxi.com\/hr\/wp-json\/wp\/v2\/product_brand?post=8755"},{"taxonomy":"product_cat","embeddable":true,"href":"https:\/\/riluxi.com\/hr\/wp-json\/wp\/v2\/product_cat?post=8755"},{"taxonomy":"product_tag","embeddable":true,"href":"https:\/\/riluxi.com\/hr\/wp-json\/wp\/v2\/product_tag?post=8755"}],"curies":[{"name":"wp","href":"https:\/\/api.w.org\/{rel}","templated":true}]}}