{"id":8756,"date":"2025-10-03T12:55:35","date_gmt":"2025-10-03T11:55:35","guid":{"rendered":"http:\/\/riluxi.com\/izdelek\/naslon-za-ruke-comfort-shemax-pastelno-ruzicasta\/"},"modified":"2026-02-07T13:11:28","modified_gmt":"2026-02-07T12:11:28","slug":"naslon-za-ruke-comfort-shemax-pastelno-roza","status":"publish","type":"product","link":"https:\/\/riluxi.com\/hr\/izdelek\/naslon-za-ruke-comfort-shemax-pastelno-roza\/","title":{"rendered":"Naslon za ruke COMFORT SHEMAX \u2013 Pastelno roza"},"content":{"rendered":"<h3 data-start=\"45\" data-end=\"88\">Za\u0161to investirati u COMFORT naslon za ruke?<\/h3>\n<p data-start=\"90\" data-end=\"307\">Prije svega, pru\u017ea stabilnost pri radu s usisava\u010dem, omogu\u0107uju\u0107i vam precizno izvo\u0111enje svakog detalja manikure i savr\u0161eno nano\u0161enje laka. Zahvaljuju\u0107i tome, mo\u017eete biti sigurni da \u0107e posao biti obavljen na najvi\u0161oj razini!<\/p>\n<h3 data-start=\"314\" data-end=\"366\">Ortopedska kontrola i olak\u0161anje dr\u017eanja za majstora<\/h3>\n<p data-start=\"367\" data-end=\"625\">Prosje\u010dna manikura traje oko 1,5 sat. Pomicanje ruke klijenta, bolovi u vratu i le\u0111ima zbog dugotrajnog fokusiranog rada u jednom polo\u017eaju su neizbje\u017eni. Umor i nelagoda tako\u0111er utje\u010du na kona\u010dni rezultat &#8211; to\u010dnost i urednost premaza.<\/p>\n<p data-start=\"627\" data-end=\"783\">Kako bi se osigurala maksimalna stabilnost i udobnost tijekom cijelog postupka, naslon za ruke SHEMAX COMFORT moderan je i prakti\u010dan dodatak za tehni\u010dare noktiju.<\/p>\n<h3 data-start=\"790\" data-end=\"827\">Prednosti naslona za ruke SHEMAX:<\/h3>\n<ul data-start=\"829\" data-end=\"1885\">\n<li data-start=\"829\" data-end=\"1158\">\n<p data-start=\"831\" data-end=\"1158\"><strong data-start=\"831\" data-end=\"842\">Udobnost:<\/strong> Visina naslona je 140 mm. Prakti\u010dan polo\u017eaj klijentove ruke bli\u017ee lampi zna\u010di da tehni\u010dar ne mora pretjerano savijati glavu. Tehni\u010dar mo\u017ee udobno postaviti klijentovu ruku bez da je dr\u017ei u zraku. Klijentove ruke i laktovi ne dodiruju tvrdu povr\u0161inu stola, \u0161to sprje\u010dava nelagodu. Vrat i le\u0111a tehni\u010dara su manje optere\u0107eni.<\/p>\n<\/li>\n<li data-start=\"1159\" data-end=\"1350\">\n<p data-start=\"1161\" data-end=\"1350\"><strong data-start=\"1161\" data-end=\"1174\">Kvaliteta:<\/strong> Svi SHEMAX nasloni za ruke izra\u0111eni su ru\u010dno. Noge naslona za ruke izra\u0111ene su od visokokvalitetnog metalnog materijala. Osim toga, svaki naslon za ruke prolazi kontrolu kvalitete od tristo stupnjeva.<\/p>\n<\/li>\n<li data-start=\"1351\" data-end=\"1662\">\n<p data-start=\"1353\" data-end=\"1662\"><strong data-start=\"1353\" data-end=\"1366\">Materijal:<\/strong> Naslon je izra\u0111en od eko ko\u017ee koja ne sadr\u017ei nabore ili kop\u010de gdje bi se mogla nakupljati pra\u0161ina. Lako se \u010disti i dezinficira. Mogu se koristiti dezinficijensi poput AHD-a, Biolonga itd. Noge imaju posebne filcane jastu\u010di\u0107e koji sprje\u010davaju klizanje i \u0161tite povr\u0161inu od ogrebotina.<\/p>\n<\/li>\n<li data-start=\"1663\" data-end=\"1885\">\n<p data-start=\"1665\" data-end=\"1885\"><strong data-start=\"1665\" data-end=\"1680\">Stabilnost:<\/strong> Povr\u0161ina naslona mjeri 420 \u00d7 120 mm, \u0161to pru\u017ea \u010dvrstu potporu za ruku klijenta. To smanjuje rizik od ozljede ruke bu\u0161ilicom ili razmazanim gelom. \u0160iroke no\u017eice osiguravaju da naslon ostane stabilan na mjestu.<\/p>\n<\/li>\n<\/ul>\n<h3 data-start=\"1892\" data-end=\"1922\">Dimenzije naslona za ruke:<\/h3>\n<ul data-start=\"1924\" data-end=\"1988\">\n<li data-start=\"1924\" data-end=\"1941\">\n<p data-start=\"1926\" data-end=\"1941\">\u0160irina: 12 cm<\/p>\n<\/li>\n<li data-start=\"1942\" data-end=\"1969\">\n<p data-start=\"1944\" data-end=\"1969\">Visina (ukupno): 14 cm<\/p>\n<\/li>\n<li data-start=\"1970\" data-end=\"1988\">\n<p data-start=\"1972\" data-end=\"1988\">Duljina: 42 cm<\/p>\n<\/li>\n<\/ul>\n<h3 data-start=\"37\" data-end=\"74\">Optimizacija radnog prostora<\/h3>\n<p data-start=\"75\" data-end=\"200\">Zbog svoje univerzalne veli\u010dine, slobodni prostor ispod naslona je savr\u0161en za ugradnju SHEMAX usisava\u010da.<\/p>\n<h3 data-start=\"207\" data-end=\"219\">Dizajn<\/h3>\n<p data-start=\"220\" data-end=\"449\">Sofisticiran, elegantan dizajn naslona za ruke savr\u0161eno nadopunjuje osobnost tehni\u010dara i atmosferu salona. Tako\u0111er pru\u017ea atraktivne fotografije za va\u0161 portfolio na dru\u0161tvenim mre\u017eama. Noge naslona za ruke imaju jedinstven dizajnerski izgled.<\/p>\n","protected":false},"excerpt":{"rendered":"<p>Naslon za ruke SHEMAX COMFORT dizajniran je kako bi pru\u017eio udobnost i stabilnost tijekom izvo\u0111enja manikure, \u0161to omogu\u0107uje precizniji i kvalitetniji rad te smanjuje optere\u0107enje ruku, zape\u0161\u0107a, vrata i le\u0111a.<\/p>\n","protected":false},"featured_media":8757,"template":"","meta":{"_acf_changed":false},"product_brand":[],"product_cat":[350,351],"product_tag":[],"class_list":{"0":"post-8756","1":"product","2":"type-product","3":"status-publish","4":"has-post-thumbnail","6":"product_cat-shemax","7":"product_cat-pribor-i-nasloni-za-ruke-comfort","9":"first","10":"instock","11":"taxable","12":"shipping-taxable","13":"purchasable","14":"product-type-simple"},"acf":[],"_links":{"self":[{"href":"https:\/\/riluxi.com\/hr\/wp-json\/wp\/v2\/product\/8756","targetHints":{"allow":["GET"]}}],"collection":[{"href":"https:\/\/riluxi.com\/hr\/wp-json\/wp\/v2\/product"}],"about":[{"href":"https:\/\/riluxi.com\/hr\/wp-json\/wp\/v2\/types\/product"}],"wp:featuredmedia":[{"embeddable":true,"href":"https:\/\/riluxi.com\/hr\/wp-json\/wp\/v2\/media\/8757"}],"wp:attachment":[{"href":"https:\/\/riluxi.com\/hr\/wp-json\/wp\/v2\/media?parent=8756"}],"wp:term":[{"taxonomy":"product_brand","embeddable":true,"href":"https:\/\/riluxi.com\/hr\/wp-json\/wp\/v2\/product_brand?post=8756"},{"taxonomy":"product_cat","embeddable":true,"href":"https:\/\/riluxi.com\/hr\/wp-json\/wp\/v2\/product_cat?post=8756"},{"taxonomy":"product_tag","embeddable":true,"href":"https:\/\/riluxi.com\/hr\/wp-json\/wp\/v2\/product_tag?post=8756"}],"curies":[{"name":"wp","href":"https:\/\/api.w.org\/{rel}","templated":true}]}}