{"id":8910,"date":"2025-03-13T07:14:42","date_gmt":"2025-03-13T06:14:42","guid":{"rendered":"http:\/\/riluxi.com\/izdelek\/samoljepljive-naljepnice-proljece-01\/"},"modified":"2026-02-07T13:11:07","modified_gmt":"2026-02-07T12:11:07","slug":"samoljepljive-naljepnice-proljece-01","status":"publish","type":"product","link":"https:\/\/riluxi.com\/hr\/izdelek\/samoljepljive-naljepnice-proljece-01\/","title":{"rendered":"Samoljepljive naljepnice Prolje\u0107e 01"},"content":{"rendered":"<p><strong>Naljepnica Prolje\u0107e 01<\/strong><\/p>\n<p>&nbsp;<\/p>\n<p>Namjena: sticker za ukra\u0161avanje noktiju<\/p>\n<p>Upotreba za: gel lak, gel ili akrilno oblikovanje, klasi\u010dni lak.<\/p>\n<p>\u2022 Naziv proizvoda: prolje\u0107e 01<\/p>\n<p>\u2022 Vrsta proizvoda: sticker<\/p>\n<p>\u2022 Koli\u010dina po pakiranju: 1 kos<\/p>\n<p>\u2022 Proizvedeno: EU<\/p>\n","protected":false},"excerpt":{"rendered":"<ul>\n<li>PREDNOSTI:<\/li>\n<li>brza dekoracija,<\/li>\n<li>minimalisti\u010dka dekoracija,<\/li>\n<li>ne zadebljava nokat<\/li>\n<li>velika ponuda dizajna<\/li>\n<\/ul>\n<p><strong>SAVJETI ZA UPORABU:<\/strong><\/p>\n<p>Nakon nano\u0161enja gela ili trajnog laka za nokte &#8211; ljepljivi sloj obri\u0161ite sredstvom za \u010di\u0161\u0107enje Wipe Off, nje\u017eno pincetom odlijepite odabranu naljepnicu i postavite je na prethodno pripremljenu povr\u0161inu. Pritisnite naljepnicu da se \u010dvrsto zalijepi i zavr\u0161ite ukra\u0161avanje nano\u0161enjem zavr\u0161nog sjaja (npr. Tip Top Top Coat). <\/p>\n<p>&nbsp;<\/p>\n<p><strong> <\/strong><\/p>\n","protected":false},"featured_media":8912,"template":"","meta":{"_acf_changed":false},"product_brand":[],"product_cat":[316,317],"product_tag":[363],"class_list":{"0":"post-8910","1":"product","2":"type-product","3":"status-publish","4":"has-post-thumbnail","6":"product_cat-nail-art-hr","7":"product_cat-naljepnice","8":"product_tag-pribor-2","10":"first","11":"instock","12":"taxable","13":"shipping-taxable","14":"purchasable","15":"product-type-simple"},"acf":[],"_links":{"self":[{"href":"https:\/\/riluxi.com\/hr\/wp-json\/wp\/v2\/product\/8910","targetHints":{"allow":["GET"]}}],"collection":[{"href":"https:\/\/riluxi.com\/hr\/wp-json\/wp\/v2\/product"}],"about":[{"href":"https:\/\/riluxi.com\/hr\/wp-json\/wp\/v2\/types\/product"}],"wp:featuredmedia":[{"embeddable":true,"href":"https:\/\/riluxi.com\/hr\/wp-json\/wp\/v2\/media\/8912"}],"wp:attachment":[{"href":"https:\/\/riluxi.com\/hr\/wp-json\/wp\/v2\/media?parent=8910"}],"wp:term":[{"taxonomy":"product_brand","embeddable":true,"href":"https:\/\/riluxi.com\/hr\/wp-json\/wp\/v2\/product_brand?post=8910"},{"taxonomy":"product_cat","embeddable":true,"href":"https:\/\/riluxi.com\/hr\/wp-json\/wp\/v2\/product_cat?post=8910"},{"taxonomy":"product_tag","embeddable":true,"href":"https:\/\/riluxi.com\/hr\/wp-json\/wp\/v2\/product_tag?post=8910"}],"curies":[{"name":"wp","href":"https:\/\/api.w.org\/{rel}","templated":true}]}}