{"id":9266,"date":"2024-05-22T11:33:52","date_gmt":"2024-05-22T10:33:52","guid":{"rendered":"http:\/\/riluxi.com\/izdelek\/mineralni-bazni-efekt-uv-led-salvadore-bali-7ml\/"},"modified":"2026-03-29T21:51:18","modified_gmt":"2026-03-29T20:51:18","slug":"salvadore-bali-mineral-base-7ml","status":"publish","type":"product","link":"https:\/\/riluxi.com\/hr\/izdelek\/salvadore-bali-mineral-base-7ml\/","title":{"rendered":"Mineralni bazni efekt UV LED Salvadore Bali 7ml"},"content":{"rendered":"<p>Mineralna baza <strong data-start=\"13\" data-end=\"31\">Salvadore Bali<\/strong> impresionira mlije\u010dnom, tropskom tirkiznom bazom, koja prelijeva sitnim zeleno-\u017eutim \u010desticama. Na noktima stvara razigran, sun\u010dan izgled, kao da ste uhvatili zraku ljeta u bo\u010dici. <\/p>\n<p>To je proizvod koji \u0107e vas osvojiti ve\u0107 od prve upotrebe. Uz njegovu pomo\u0107 mo\u017eete stvoriti savr\u0161enu manikuru za samo 45 minuta! S mineralnom bazom posti\u0107i \u0107ete prirodan, pastelni efekt sa spektakularnim sjajem.  <\/p>\n<p>&nbsp;<\/p>\n<p>&nbsp;<\/p>\n","protected":false},"excerpt":{"rendered":"<p>Salvadore Bali mineralna baza &#8211; proizvod je koji \u0107e vas privu\u0107i ve\u0107 od prve upotrebe. Uz njegovu pomo\u0107 mo\u017eete stvoriti sjajnu manikuru za samo 45 minuta! Odu\u0161evit \u0107e vas mlije\u010dnom, tropskom tirkiznom bazom, koja prelijeva sitnim zeleno-\u017eutim \u010desticama.  <\/p>\n","protected":false},"featured_media":9273,"template":"","meta":{"_acf_changed":false},"product_brand":[],"product_cat":[290,375],"product_tag":[332,291],"class_list":{"0":"post-9266","1":"product","2":"type-product","3":"status-publish","4":"has-post-thumbnail","6":"product_cat-gel-polish","7":"product_cat-mineral-base","8":"product_tag-gel-lak-2","9":"product_tag-gel-lakovi","11":"first","12":"instock","13":"taxable","14":"shipping-taxable","15":"purchasable","16":"product-type-simple"},"acf":[],"_links":{"self":[{"href":"https:\/\/riluxi.com\/hr\/wp-json\/wp\/v2\/product\/9266","targetHints":{"allow":["GET"]}}],"collection":[{"href":"https:\/\/riluxi.com\/hr\/wp-json\/wp\/v2\/product"}],"about":[{"href":"https:\/\/riluxi.com\/hr\/wp-json\/wp\/v2\/types\/product"}],"wp:featuredmedia":[{"embeddable":true,"href":"https:\/\/riluxi.com\/hr\/wp-json\/wp\/v2\/media\/9273"}],"wp:attachment":[{"href":"https:\/\/riluxi.com\/hr\/wp-json\/wp\/v2\/media?parent=9266"}],"wp:term":[{"taxonomy":"product_brand","embeddable":true,"href":"https:\/\/riluxi.com\/hr\/wp-json\/wp\/v2\/product_brand?post=9266"},{"taxonomy":"product_cat","embeddable":true,"href":"https:\/\/riluxi.com\/hr\/wp-json\/wp\/v2\/product_cat?post=9266"},{"taxonomy":"product_tag","embeddable":true,"href":"https:\/\/riluxi.com\/hr\/wp-json\/wp\/v2\/product_tag?post=9266"}],"curies":[{"name":"wp","href":"https:\/\/api.w.org\/{rel}","templated":true}]}}