{"id":9317,"date":"2023-11-15T12:03:44","date_gmt":"2023-11-15T11:03:44","guid":{"rendered":"http:\/\/riluxi.com\/izdelek\/zrcalni-smaragd\/"},"modified":"2026-02-07T13:10:15","modified_gmt":"2026-02-07T12:10:15","slug":"zrcalni-smaragd","status":"publish","type":"product","link":"https:\/\/riluxi.com\/hr\/izdelek\/zrcalni-smaragd\/","title":{"rendered":"Zrcalni smaragd"},"content":{"rendered":"<p><strong>Folija s efektom ogledala &#8211; Smaragdna<\/strong> &#8211; Prekrasna sjajna folija za ukra\u0161avanje noktiju. Priu\u0161tite si nevjerojatan i spektakularan dizajn noktiju. <\/p>\n<ul>\n<li>Holografska folija \u0107e izgledati nevjerojatno na gel laku, gelu ili akrilnoj manikuri. Ili je mo\u017eete kombinirati s obi\u010dnim lakom. <\/li>\n<li>Odli\u010dno za Novu godinu ili karneval<\/li>\n<li>Omogu\u0107uje vam stvaranje prekrasnih i raznolikih dizajna.<\/li>\n<\/ul>\n<p>Najbolji na\u010din kori\u0161tenja je izrezati ga \u0161karama na male komadi\u0107e i staviti na zavr\u0161ni sloj gel laka, a nakon su\u0161enja ponovno zavr\u0161iti s Wet look sjajilom.<\/p>\n<p>Savjet: Predla\u017eemo da foliju nare\u017eete na \u0161to manje komadi\u0107e.<\/p>\n","protected":false},"excerpt":{"rendered":"<p><strong>Folija s efektom ogledala &#8211; Smaragdna<\/strong> &#8211; Savr\u0161eno suptilan efekt prekrasno svjetlucavih staklenih noktiju. Istaknut \u0107e ljepotu va\u0161ih ruku. <\/p>\n","protected":false},"featured_media":9318,"template":"","meta":{"_acf_changed":false},"product_brand":[],"product_cat":[316,380],"product_tag":[381],"class_list":{"0":"post-9317","1":"product","2":"type-product","3":"status-publish","4":"has-post-thumbnail","6":"product_cat-nail-art-hr","7":"product_cat-mirror-foil","8":"product_tag-umjetnost-noktiju","10":"first","11":"instock","12":"taxable","13":"shipping-taxable","14":"purchasable","15":"product-type-simple"},"acf":[],"_links":{"self":[{"href":"https:\/\/riluxi.com\/hr\/wp-json\/wp\/v2\/product\/9317","targetHints":{"allow":["GET"]}}],"collection":[{"href":"https:\/\/riluxi.com\/hr\/wp-json\/wp\/v2\/product"}],"about":[{"href":"https:\/\/riluxi.com\/hr\/wp-json\/wp\/v2\/types\/product"}],"wp:featuredmedia":[{"embeddable":true,"href":"https:\/\/riluxi.com\/hr\/wp-json\/wp\/v2\/media\/9318"}],"wp:attachment":[{"href":"https:\/\/riluxi.com\/hr\/wp-json\/wp\/v2\/media?parent=9317"}],"wp:term":[{"taxonomy":"product_brand","embeddable":true,"href":"https:\/\/riluxi.com\/hr\/wp-json\/wp\/v2\/product_brand?post=9317"},{"taxonomy":"product_cat","embeddable":true,"href":"https:\/\/riluxi.com\/hr\/wp-json\/wp\/v2\/product_cat?post=9317"},{"taxonomy":"product_tag","embeddable":true,"href":"https:\/\/riluxi.com\/hr\/wp-json\/wp\/v2\/product_tag?post=9317"}],"curies":[{"name":"wp","href":"https:\/\/api.w.org\/{rel}","templated":true}]}}