{"id":9378,"date":"2023-11-16T17:58:08","date_gmt":"2023-11-16T16:58:08","guid":{"rendered":"http:\/\/riluxi.com\/izdelek\/gel-lak-funky-fela-7ml\/"},"modified":"2026-02-11T14:40:15","modified_gmt":"2026-02-11T13:40:15","slug":"funky-fela-gel-polish-7ml","status":"publish","type":"product","link":"https:\/\/riluxi.com\/hr\/izdelek\/funky-fela-gel-polish-7ml\/","title":{"rendered":"Funky Fela Gel Polish 7ml"},"content":{"rendered":"<p><strong><b>Funky Fela gel polish<\/b><\/strong> je trajni lak za nokte koji posti\u017ee veliki uspjeh diljem svijeta! Metalik-plavi trajni lak iz Indigo Cat Eye kolekcije pru\u017ea plavi sjaj i efekt vi\u0161ebojnih svjetlucavih \u010destica. Dvodimenzionalni efekt magnetskog trajnog laka mo\u017ee se koristiti za klasi\u010dan stil s glitter efektom ili nanositi preko tamne baze \u2013 primjerice uz Mr. Black.<\/p>\n<p>\u2022 Izvrsna pigmentacija, 100 % prekrivne boje<br \/>\n\u2022 Kremasta tekstura<br \/>\n\u2022 Jednostavno nano\u0161enje \u2013 bez mrlja i prozirnih dijelova<br \/>\n\u2022 Savr\u0161en dizajn ve\u0107 s jednim slojem<br \/>\n\u2022 Izuzetna postojanost \u2013 savr\u0161eni nokti vi\u0161e od 3 tjedna<br \/>\n\u2022 Inovativni kist s ultra-mekim vlaknima omogu\u0107uje besprijekorno nano\u0161enje<br \/>\n\u2022 Sjajan, blistav zavr\u0161etak laka<br \/>\n\u2022 Fascinantne boje \u2013 na raspolaganju je vi\u0161e od 200 prekrasnih nijansi<br \/>\n\u2022 Lak se ne skuplja niti razlijeva u ko\u017eicu oko nokta<br \/>\n\u2022 Lak se u odstranjiva\u010du potpuno otapa<br \/>\n\u2022 Najvi\u0161a kvaliteta potvr\u0111ena od strane neovisnog instituta Dermatest Institute<br \/>\n\u2022 Razumna cijena koja vam omogu\u0107uje da odmah zapo\u010dnete rad s Indigo gel lakovima<\/p>\n","protected":false},"excerpt":{"rendered":"<p><strong><b>Funky Fela gel polish<\/b><\/strong> je trajni lak za nokte koji posti\u017ee veliki uspjeh diljem svijeta!<\/p>\n","protected":false},"featured_media":9382,"template":"","meta":{"_acf_changed":false},"product_brand":[],"product_cat":[290,293,383],"product_tag":[292,332,291],"class_list":{"0":"post-9378","1":"product","2":"type-product","3":"status-publish","4":"has-post-thumbnail","6":"product_cat-gel-polish","7":"product_cat-collection","8":"product_cat-cat-eye","9":"product_tag-gel-lak","10":"product_tag-gel-lak-2","11":"product_tag-gel-lakovi","12":"pa_barva-crna","13":"pa_barva-posebno","15":"first","16":"instock","17":"taxable","18":"shipping-taxable","19":"purchasable","20":"product-type-simple"},"acf":[],"_links":{"self":[{"href":"https:\/\/riluxi.com\/hr\/wp-json\/wp\/v2\/product\/9378","targetHints":{"allow":["GET"]}}],"collection":[{"href":"https:\/\/riluxi.com\/hr\/wp-json\/wp\/v2\/product"}],"about":[{"href":"https:\/\/riluxi.com\/hr\/wp-json\/wp\/v2\/types\/product"}],"wp:featuredmedia":[{"embeddable":true,"href":"https:\/\/riluxi.com\/hr\/wp-json\/wp\/v2\/media\/9382"}],"wp:attachment":[{"href":"https:\/\/riluxi.com\/hr\/wp-json\/wp\/v2\/media?parent=9378"}],"wp:term":[{"taxonomy":"product_brand","embeddable":true,"href":"https:\/\/riluxi.com\/hr\/wp-json\/wp\/v2\/product_brand?post=9378"},{"taxonomy":"product_cat","embeddable":true,"href":"https:\/\/riluxi.com\/hr\/wp-json\/wp\/v2\/product_cat?post=9378"},{"taxonomy":"product_tag","embeddable":true,"href":"https:\/\/riluxi.com\/hr\/wp-json\/wp\/v2\/product_tag?post=9378"}],"curies":[{"name":"wp","href":"https:\/\/api.w.org\/{rel}","templated":true}]}}