{"id":9410,"date":"2023-12-30T11:43:55","date_gmt":"2023-12-30T10:43:55","guid":{"rendered":"http:\/\/riluxi.com\/izdelek\/flame-effect-a-trep-04-g\/"},"modified":"2026-02-07T13:10:24","modified_gmt":"2026-02-07T12:10:24","slug":"flame-effect-a-trep-04-g","status":"publish","type":"product","link":"https:\/\/riluxi.com\/hr\/izdelek\/flame-effect-a-trep-04-g\/","title":{"rendered":"Flame Effect A-trep 0,4 g"},"content":{"rendered":"<p>Svojstva praha za dekoraciju s efektom plamena:<\/p>\n<ul>\n<li>pelud u obliku malih, nje\u017enih \u010destica<\/li>\n<li>u\u010dinak nepravilne, sjajne povr\u0161ine<\/li>\n<li>savr\u0161en dodatak suptilnim ukrasima<\/li>\n<li>Izgleda sjajno na tamnim bojama, npr. Mr.Black <\/li>\n<\/ul>\n<p>Upotreba:<\/p>\n<p>Na noktima prethodno napravljenim gelom, akrilom ili trajnim gel lakom.<\/p>\n<ul>\n<li>Nakon \u0161to se drugi sloj boje osu\u0161i 30 sekundi u MultiLed lampi, pri\u010dekajte oko 30 sekundi i utrljajte prah u disperzijski sloj;\u2022 \u010cestice mo\u017eete nanijeti i samo na odabrane dijelove nokta i stvoriti efekt sli\u010dan reljefnoj foliji\n<p>\u2022 vi\u0161ak pudera s noktiju uklonite mekom \u010detkicom;<\/p>\n<p>\u2022 zavr\u0161ite nokte zavr\u0161nim sjajem, npr. Wet Look, ne zaboravite precizno zavr\u0161iti slobodni rub nokta; <\/p>\n<p>\u2022 nakon su\u0161enja Wet Look nadlaka (30-60 sekundi) u MultiLed lampi. Pri\u010dekajte 1 minutu da se nokat &#8216;ohladi&#8217; prije nano\u0161enja proizvoda za njegu ko\u017ee poput krema i ulja. <\/li>\n<\/ul>\n<p>+ PRO SAVJET<\/p>\n<ul>\n<li>koristiti efekt na tamnoj pozadini, (g. Black)<\/li>\n<li>  Za bolju trajnost efekta, mo\u017eete nanijeti dva tanka sloja Wet Look zavr\u0161nog sjaja.<\/li>\n<\/ul>\n","protected":false},"excerpt":{"rendered":"<p>Flame Effects su male, nje\u017ene \u010destice koje sjaje fenomenalnim sjajem. Stvorite nepravilan, prekrasan efekt na svojim noktima i o\u010darajte. <\/p>\n","protected":false},"featured_media":9411,"template":"","meta":{"_acf_changed":false},"product_brand":[],"product_cat":[327,385],"product_tag":[377,328],"class_list":{"0":"post-9410","1":"product","2":"type-product","3":"status-publish","4":"has-post-thumbnail","6":"product_cat-efekti","7":"product_cat-flame-effect","8":"product_tag-novi","9":"product_tag-ucinak","11":"first","12":"instock","13":"taxable","14":"shipping-taxable","15":"purchasable","16":"product-type-simple"},"acf":[],"_links":{"self":[{"href":"https:\/\/riluxi.com\/hr\/wp-json\/wp\/v2\/product\/9410","targetHints":{"allow":["GET"]}}],"collection":[{"href":"https:\/\/riluxi.com\/hr\/wp-json\/wp\/v2\/product"}],"about":[{"href":"https:\/\/riluxi.com\/hr\/wp-json\/wp\/v2\/types\/product"}],"wp:featuredmedia":[{"embeddable":true,"href":"https:\/\/riluxi.com\/hr\/wp-json\/wp\/v2\/media\/9411"}],"wp:attachment":[{"href":"https:\/\/riluxi.com\/hr\/wp-json\/wp\/v2\/media?parent=9410"}],"wp:term":[{"taxonomy":"product_brand","embeddable":true,"href":"https:\/\/riluxi.com\/hr\/wp-json\/wp\/v2\/product_brand?post=9410"},{"taxonomy":"product_cat","embeddable":true,"href":"https:\/\/riluxi.com\/hr\/wp-json\/wp\/v2\/product_cat?post=9410"},{"taxonomy":"product_tag","embeddable":true,"href":"https:\/\/riluxi.com\/hr\/wp-json\/wp\/v2\/product_tag?post=9410"}],"curies":[{"name":"wp","href":"https:\/\/api.w.org\/{rel}","templated":true}]}}