{"id":9431,"date":"2024-01-08T09:45:27","date_gmt":"2024-01-08T08:45:27","guid":{"rendered":"http:\/\/riluxi.com\/izdelek\/pricvrscivanje-zanoktica-16\/"},"modified":"2026-02-07T13:10:25","modified_gmt":"2026-02-07T12:10:25","slug":"pricvrscivanje-zanoktica-16","status":"publish","type":"product","link":"https:\/\/riluxi.com\/hr\/izdelek\/pricvrscivanje-zanoktica-16\/","title":{"rendered":"Pri\u010dvr\u0161\u0107ivanje zanoktica 16"},"content":{"rendered":"<p><strong>Potiskiva\u010d zanoktica br. 16 &#8211;<\/strong> &#8211; visoka kvaliteta, izdr\u017eljiv, jednostavan za kori\u0161tenje i \u010di\u0161\u0107enje. S Indigo potiskiva\u010dima, svaki po\u010detnik i iskusni stilist prona\u0107i \u0107e odli\u010dan alat. <\/p>\n<p>OPIS I ZNA\u010cAJKE:<\/p>\n<ul>\n<li>Upotreba: za precizno uklanjanje suhih zanoktica i membrana, Mild-sharp je izvrstan za tretiranje zanoktica i uklanjanje epitela na plo\u010di<\/li>\n<li>Razina o\u0161trine: blaga<\/li>\n<li>Dimenzije: promjer osovine 2,35+\/-0,1, duljina glave 10+\/-0,3, ukupna duljina 44+\/-0,2, promjer glave 1,8+\/-0,1<\/li>\n<\/ul>\n<ul>\n<li>Proizvedeno u: EU<\/li>\n<li>Indigo Nail Bit Cuticle 16 je pogodan za mokri i suhi rad s uljem za jednostavno turpijanje.<\/li>\n<\/ul>\n<p>Osnova maksimalne sigurnosti pri izvo\u0111enju manikure s nastavcima je poha\u0111anje te\u010daja.<\/p>\n<p>ZNA\u010cAJKE +<\/p>\n<ul>\n<li>Nastavak se mo\u017ee sterilizirati i dezinficirati u autoklavu i dezinfekcijskim otopinama<\/li>\n<\/ul>\n<p>&nbsp;<\/p>\n<p>&nbsp;<\/p>\n<p>&nbsp;<\/p>\n<p>&nbsp;<\/p>\n<p>&nbsp;<\/p>\n","protected":false},"excerpt":{"rendered":"<p><strong>Potiskiva\u010d zanoktica<\/strong> <strong>br. 16<\/strong> &#8211; visokokvalitetna izrada, izdr\u017eljiv, jednostavan za kori\u0161tenje i \u010di\u0161\u0107enje. S indigo nastavcima, svaki po\u010detnik i iskusni stilist prona\u0107i \u0107e odli\u010dan alat. <\/p>\n","protected":false},"featured_media":9433,"template":"","meta":{"_acf_changed":false},"product_brand":[],"product_cat":[309,310],"product_tag":[344],"class_list":{"0":"post-9431","1":"product","2":"type-product","3":"status-publish","4":"has-post-thumbnail","6":"product_cat-elektronika-i-nastavci","7":"product_cat-nastavci","8":"product_tag-elektricna-oprema","10":"first","11":"instock","12":"taxable","13":"shipping-taxable","14":"purchasable","15":"product-type-simple"},"acf":[],"_links":{"self":[{"href":"https:\/\/riluxi.com\/hr\/wp-json\/wp\/v2\/product\/9431","targetHints":{"allow":["GET"]}}],"collection":[{"href":"https:\/\/riluxi.com\/hr\/wp-json\/wp\/v2\/product"}],"about":[{"href":"https:\/\/riluxi.com\/hr\/wp-json\/wp\/v2\/types\/product"}],"wp:featuredmedia":[{"embeddable":true,"href":"https:\/\/riluxi.com\/hr\/wp-json\/wp\/v2\/media\/9433"}],"wp:attachment":[{"href":"https:\/\/riluxi.com\/hr\/wp-json\/wp\/v2\/media?parent=9431"}],"wp:term":[{"taxonomy":"product_brand","embeddable":true,"href":"https:\/\/riluxi.com\/hr\/wp-json\/wp\/v2\/product_brand?post=9431"},{"taxonomy":"product_cat","embeddable":true,"href":"https:\/\/riluxi.com\/hr\/wp-json\/wp\/v2\/product_cat?post=9431"},{"taxonomy":"product_tag","embeddable":true,"href":"https:\/\/riluxi.com\/hr\/wp-json\/wp\/v2\/product_tag?post=9431"}],"curies":[{"name":"wp","href":"https:\/\/api.w.org\/{rel}","templated":true}]}}