{"id":9477,"date":"2023-06-21T13:22:04","date_gmt":"2023-06-21T12:22:04","guid":{"rendered":"http:\/\/riluxi.com\/izdelek\/potiskivac-staleks-pro-smart-50-6\/"},"modified":"2026-02-07T13:09:57","modified_gmt":"2026-02-07T12:09:57","slug":"potiskivac-staleks-pro-smart-50-6","status":"publish","type":"product","link":"https:\/\/riluxi.com\/hr\/izdelek\/potiskivac-staleks-pro-smart-50-6\/","title":{"rendered":"Potiskiva\u010d Staleks Pro Smart 50 \/ 6"},"content":{"rendered":"<ul>\n<li>zaobljeni potiskiva\u010d, o\u0161trica<\/li>\n<li>udoban kut o\u0161trice<\/li>\n<li>profesionalno ru\u010dno fokusiranje<\/li>\n<li>preporu\u010duje se za manikuru i pedikuru<\/li>\n<li>neklizaju\u0107a ru\u010dka za odli\u010dan hvat<\/li>\n<li>Nehr\u0111aju\u0107i \u010delik AISI 420<\/li>\n<\/ul>\n<p>Marka: STALEKS PRO<\/p>\n<p>Namjena: Za manikuru i pedikuru<\/p>\n<p>Materijal: Nehr\u0111aju\u0107i \u010delik<\/p>\n<p>Promjer: 6 mm<\/p>\n<p>Radni dio: O\u0161trica, zaobljeni potiskiva\u010d<\/p>\n<p>Dezinfekcija: da<\/p>\n<p>Sterilizacija: da<\/p>\n","protected":false},"excerpt":{"rendered":"<p>Marka: STALEKS PRO<\/p>\n<p> Namjena: Za manikuru i pedikuru<\/p>\n<p> Materijal: Nehr\u0111aju\u0107i \u010delik<\/p>\n<p> Promjer: 6 mm<\/p>\n<p> Radni dio: O\u0161trica, zaobljeni potiskiva\u010d<\/p>\n<p> Dezinfekcija: da<\/p>\n<p> Sterilizacija: da<\/p>\n","protected":false},"featured_media":9479,"template":"","meta":{"_acf_changed":false},"product_brand":[],"product_cat":[298,322],"product_tag":[323],"class_list":{"0":"post-9477","1":"product","2":"type-product","3":"status-publish","4":"has-post-thumbnail","6":"product_cat-staleks","7":"product_cat-skare-klijesta-i-pogurivaci","8":"product_tag-alat","10":"first","11":"instock","12":"taxable","13":"shipping-taxable","14":"purchasable","15":"product-type-simple"},"acf":[],"_links":{"self":[{"href":"https:\/\/riluxi.com\/hr\/wp-json\/wp\/v2\/product\/9477","targetHints":{"allow":["GET"]}}],"collection":[{"href":"https:\/\/riluxi.com\/hr\/wp-json\/wp\/v2\/product"}],"about":[{"href":"https:\/\/riluxi.com\/hr\/wp-json\/wp\/v2\/types\/product"}],"wp:featuredmedia":[{"embeddable":true,"href":"https:\/\/riluxi.com\/hr\/wp-json\/wp\/v2\/media\/9479"}],"wp:attachment":[{"href":"https:\/\/riluxi.com\/hr\/wp-json\/wp\/v2\/media?parent=9477"}],"wp:term":[{"taxonomy":"product_brand","embeddable":true,"href":"https:\/\/riluxi.com\/hr\/wp-json\/wp\/v2\/product_brand?post=9477"},{"taxonomy":"product_cat","embeddable":true,"href":"https:\/\/riluxi.com\/hr\/wp-json\/wp\/v2\/product_cat?post=9477"},{"taxonomy":"product_tag","embeddable":true,"href":"https:\/\/riluxi.com\/hr\/wp-json\/wp\/v2\/product_tag?post=9477"}],"curies":[{"name":"wp","href":"https:\/\/api.w.org\/{rel}","templated":true}]}}