{"id":9723,"date":"2023-07-28T11:44:23","date_gmt":"2023-07-28T10:44:23","guid":{"rendered":"http:\/\/riluxi.com\/izdelek\/lilioner-torba\/"},"modified":"2026-02-07T13:10:11","modified_gmt":"2026-02-07T12:10:11","slug":"lilioner-torba","status":"publish","type":"product","link":"https:\/\/riluxi.com\/hr\/izdelek\/lilioner-torba\/","title":{"rendered":"LILIONER torba"},"content":{"rendered":"<p>Ova pamu\u010dna torba osvje\u017eit \u0107e va\u0161 ljetni stil i dati va\u0161em izgledu da\u0161ak ljeta!<\/p>\n<ul>\n<li>Elegantna boja<\/li>\n<li>Pogodno kao torba za pla\u017eu ili za svakodnevnu upotrebu<\/li>\n<\/ul>\n","protected":false},"excerpt":{"rendered":"<p>Ova pamu\u010dna torba osvje\u017eit \u0107e va\u0161 ljetni stil i dati va\u0161em izgledu da\u0161ak ljeta!<\/p>\n","protected":false},"featured_media":9724,"template":"","meta":{"_acf_changed":false},"product_brand":[],"product_cat":[311,312],"product_tag":[],"class_list":{"0":"post-9723","1":"product","2":"type-product","3":"status-publish","4":"has-post-thumbnail","6":"product_cat-indigo-dodaci","7":"product_cat-pribor-2","9":"first","10":"instock","11":"taxable","12":"shipping-taxable","13":"purchasable","14":"product-type-simple"},"acf":[],"_links":{"self":[{"href":"https:\/\/riluxi.com\/hr\/wp-json\/wp\/v2\/product\/9723","targetHints":{"allow":["GET"]}}],"collection":[{"href":"https:\/\/riluxi.com\/hr\/wp-json\/wp\/v2\/product"}],"about":[{"href":"https:\/\/riluxi.com\/hr\/wp-json\/wp\/v2\/types\/product"}],"wp:featuredmedia":[{"embeddable":true,"href":"https:\/\/riluxi.com\/hr\/wp-json\/wp\/v2\/media\/9724"}],"wp:attachment":[{"href":"https:\/\/riluxi.com\/hr\/wp-json\/wp\/v2\/media?parent=9723"}],"wp:term":[{"taxonomy":"product_brand","embeddable":true,"href":"https:\/\/riluxi.com\/hr\/wp-json\/wp\/v2\/product_brand?post=9723"},{"taxonomy":"product_cat","embeddable":true,"href":"https:\/\/riluxi.com\/hr\/wp-json\/wp\/v2\/product_cat?post=9723"},{"taxonomy":"product_tag","embeddable":true,"href":"https:\/\/riluxi.com\/hr\/wp-json\/wp\/v2\/product_tag?post=9723"}],"curies":[{"name":"wp","href":"https:\/\/api.w.org\/{rel}","templated":true}]}}