{"id":9786,"date":"2023-04-21T10:14:30","date_gmt":"2023-04-21T09:14:30","guid":{"rendered":"http:\/\/riluxi.com\/izdelek\/dzep-za-kist-za-sminku\/"},"modified":"2026-02-07T13:09:53","modified_gmt":"2026-02-07T12:09:53","slug":"dzep-za-kist-za-sminku","status":"publish","type":"product","link":"https:\/\/riluxi.com\/hr\/izdelek\/dzep-za-kist-za-sminku\/","title":{"rendered":"D\u017eep za kist za \u0161minku"},"content":{"rendered":"<p>Detalji o proizvodu<\/p>\n<p>Pocket je mali kist za \u0161minkanje lica \u2013 savr\u0161en za putovanja. Ima guste, fleksibilne \u010dekinje i okrugli, blago spljo\u0161teni oblik koji se lako prilago\u0111ava va\u0161em licu. Dobro funkcionira s proizvodima razli\u010ditih konzistencija \u2013 samo nekoliko kratkih poteza dovoljno je za pravilno nano\u0161enje kozmetike i ravnomjeran make-up.  <\/p>\n<p>Na\u0161i kistovi izra\u0111eni su od sinteti\u010dkih vlakana koja se pona\u0161aju gotovo kao prirodna vlakna. Karakterizira ih fleksibilna, a opet mekana formula. Kistovi se prilago\u0111avaju tenu tijekom rada i omogu\u0107uju precizno nano\u0161enje odabrane kozmetike (bilo da se radi o teku\u0107ini, kremi ili fluidu) bez pretjeranog upijanja.  <\/p>\n<p>Duljina \u010dekinja: 30 mm<\/p>\n<p>Ukupna duljina \u010detke: 88 mm<\/p>\n<p><strong>Prednosti<\/strong><\/p>\n<ul>\n<li>d\u017eepna veli\u010dina<\/li>\n<li>elasti\u010dne \u010dekinje prilago\u0111avaju se obliku lica<\/li>\n<li>blago spljo\u0161teni oblici<\/li>\n<li>omogu\u0107uje preciznu distribuciju kozmeti\u010dkih proizvoda razli\u010ditih konzistencija<\/li>\n<\/ul>\n<p>&nbsp;<\/p>\n<p>&nbsp;<\/p>\n<p>&nbsp;<\/p>\n<p>&nbsp;<\/p>\n","protected":false},"excerpt":{"rendered":"<p>Za rad s kozmeti\u010dkim proizvodima za \u0161minkanje lica preporu\u010dujemo d\u017eepnu \u010detkicu.<\/p>\n","protected":false},"featured_media":9795,"template":"","meta":{"_acf_changed":false},"product_brand":[],"product_cat":[392,394,358],"product_tag":[391,393],"class_list":{"0":"post-9786","1":"product","2":"type-product","3":"status-publish","4":"has-post-thumbnail","6":"product_cat-hedonista-beauty","7":"product_cat-hedonista-kistovi-za-sminkanje","8":"product_cat-ostalo","9":"product_tag-cetke","10":"product_tag-sminka","12":"first","13":"instock","14":"taxable","15":"shipping-taxable","16":"purchasable","17":"product-type-simple"},"acf":[],"_links":{"self":[{"href":"https:\/\/riluxi.com\/hr\/wp-json\/wp\/v2\/product\/9786","targetHints":{"allow":["GET"]}}],"collection":[{"href":"https:\/\/riluxi.com\/hr\/wp-json\/wp\/v2\/product"}],"about":[{"href":"https:\/\/riluxi.com\/hr\/wp-json\/wp\/v2\/types\/product"}],"wp:featuredmedia":[{"embeddable":true,"href":"https:\/\/riluxi.com\/hr\/wp-json\/wp\/v2\/media\/9795"}],"wp:attachment":[{"href":"https:\/\/riluxi.com\/hr\/wp-json\/wp\/v2\/media?parent=9786"}],"wp:term":[{"taxonomy":"product_brand","embeddable":true,"href":"https:\/\/riluxi.com\/hr\/wp-json\/wp\/v2\/product_brand?post=9786"},{"taxonomy":"product_cat","embeddable":true,"href":"https:\/\/riluxi.com\/hr\/wp-json\/wp\/v2\/product_cat?post=9786"},{"taxonomy":"product_tag","embeddable":true,"href":"https:\/\/riluxi.com\/hr\/wp-json\/wp\/v2\/product_tag?post=9786"}],"curies":[{"name":"wp","href":"https:\/\/api.w.org\/{rel}","templated":true}]}}